{"id":957,"date":"2017-02-15T18:16:46","date_gmt":"2017-02-15T17:16:46","guid":{"rendered":"http:\/\/smiden.fr\/site\/?page_id=957"},"modified":"2017-05-31T11:35:54","modified_gmt":"2017-05-31T09:35:54","slug":"centre-social-laigne-st-gervais","status":"publish","type":"page","link":"https:\/\/www.smiden.fr\/site\/index.php\/partenaires-du-smiden\/centre-social-laigne-st-gervais\/","title":{"rendered":"Centre social Laign\u00e9-St Gervais"},"content":{"rendered":"<p><img decoding=\"async\" class=\" wp-image-989 alignleft\" src=\"http:\/\/smiden.fr\/site\/wp-content\/uploads\/2017\/02\/logo-laigne-st-gervais.jpg\" alt=\"\" width=\"189\" height=\"42\" \/><strong>Le <span style=\"color: #ff9900;\"><a style=\"color: #ff9900;\" href=\"http:\/\/www.centresocial-lsg.fr\/index.php\/accueil\" target=\"_blank\" rel=\"noopener noreferrer\">Centre social Laign\u00e9-Saint Gervais<\/a><\/span> est un lieu d&rsquo;accueil, d&rsquo;informations et d&rsquo;orientations au service de la population.<\/strong><\/p>\n<p>Au sein des locaux du centre social, le SMiDeN organise\u00a0des initiations informatiques, bureautiques et internet \u00e0 destination d&rsquo;un public de retrait\u00e9s.<\/p>\n<blockquote><p><strong>Contact<\/strong><br \/>\n34, rue des Fr\u00e8res-Bailleul &#8211; 72220 LAIGNE EN BELIN<br \/>\nT\u00e9l. 02 43 21 79 68<br \/>\nE-mail : <span style=\"color: #ff9900;\"><a style=\"color: #ff9900;\" href=\"mailto:laignestgervais@centresocial-lsg.fr\" target=\"_blank\" rel=\"noopener noreferrer\">laignestgervais@centresocial-lsg.fr<br \/>\n<\/a><a href=\"http:\/\/www.centresocial-lsg.fr\/\" target=\"_blank\" rel=\"noopener noreferrer\">Site<\/a><a style=\"color: #ff9900;\" href=\"mailto:laignestgervais@centresocial-lsg.fr\" target=\"_blank\" rel=\"noopener noreferrer\"><br \/>\n<\/a><\/span><\/p><\/blockquote>\n<p>&nbsp;<\/p>\n<h3><span style=\"color: #000000;\">Les activit\u00e9s propos\u00e9es<\/span><\/h3>\n<p>Dans le cadre d&rsquo;activit\u00e9s de loisirs \u00ab\u00a0Lundi c&rsquo;est permis\u00a0\u00bb, le centre social Laign\u00e9-Saint Gervais a sollicit\u00e9 l&rsquo;\u00e9quipe d&rsquo;animation multim\u00e9dia pour y organiser les lundis apr\u00e8s-midis des ateliers sp\u00e9cifiques \u00e0 l&rsquo;informatique et au multim\u00e9dia.<\/p>\n<blockquote><p><span style=\"color: #ff9900;\"><strong>&gt;<\/strong><\/span> D\u00e9couverte et prise en main de l&rsquo;outil informatique et de son environnement.<br \/>\n<span style=\"color: #ff9900;\"><strong>&gt;<\/strong><\/span> Initiation \u00e0 internet.<br \/>\n<span style=\"color: #ff9900;\"><strong>&gt;<\/strong><\/span> Atelier autour du traitement de texte.<br \/>\n<span style=\"color: #ff9900;\"><strong>&gt;<\/strong><\/span> Apprentissage sur un logiciel de retouche photo.<\/p><\/blockquote>\n<hr \/>\n<p><span style=\"color: #ff9900;\"><strong>Le SMiDeN r\u00e9pond aux besoins de la population de son territoire par la mise en place d&rsquo;animations d\u00e9localis\u00e9es.<\/strong><\/span><\/p>\n","protected":false},"excerpt":{"rendered":"<p>Le Centre social Laign\u00e9-Saint Gervais est un lieu d&rsquo;accueil, d&rsquo;informations et d&rsquo;orientations au service de la population. Au sein des locaux du centre social, le SMiDeN organise\u00a0des initiations informatiques, bureautiques et internet \u00e0 destination d&rsquo;un public de retrait\u00e9s. Contact 34, rue des Fr\u00e8res-Bailleul &#8211; 72220 LAIGNE EN BELIN T\u00e9l. 02 [&hellip;]<\/p>\n","protected":false},"author":1,"featured_media":0,"parent":68,"menu_order":0,"comment_status":"closed","ping_status":"closed","template":"templates\/template-full-notitle.php","meta":{"_uag_custom_page_level_css":"","footnotes":""},"class_list":["post-957","page","type-page","status-publish","hentry","post"],"uagb_featured_image_src":{"full":false,"thumbnail":false,"medium":false,"medium_large":false,"large":false,"1536x1536":false,"2048x2048":false,"post-thumbnail":false,"vantage-thumbnail-no-sidebar":false,"vantage-slide":false,"vantage-carousel":false,"vantage-grid-loop":false,"mailpoet_newsletter_max":false,"sow-carousel-default":false},"uagb_author_info":{"display_name":"avallienne","author_link":"https:\/\/www.smiden.fr\/site\/index.php\/author\/avallienne\/"},"uagb_comment_info":0,"uagb_excerpt":"Le Centre social Laign\u00e9-Saint Gervais est un lieu d&rsquo;accueil, d&rsquo;informations et d&rsquo;orientations au service de la population. Au sein des locaux du centre social, le SMiDeN organise\u00a0des initiations informatiques, bureautiques et internet \u00e0 destination d&rsquo;un public de retrait\u00e9s. Contact 34, rue des Fr\u00e8res-Bailleul &#8211; 72220 LAIGNE EN BELIN T\u00e9l. 02 [&hellip;]","_links":{"self":[{"href":"https:\/\/www.smiden.fr\/site\/index.php\/wp-json\/wp\/v2\/pages\/957","targetHints":{"allow":["GET"]}}],"collection":[{"href":"https:\/\/www.smiden.fr\/site\/index.php\/wp-json\/wp\/v2\/pages"}],"about":[{"href":"https:\/\/www.smiden.fr\/site\/index.php\/wp-json\/wp\/v2\/types\/page"}],"author":[{"embeddable":true,"href":"https:\/\/www.smiden.fr\/site\/index.php\/wp-json\/wp\/v2\/users\/1"}],"replies":[{"embeddable":true,"href":"https:\/\/www.smiden.fr\/site\/index.php\/wp-json\/wp\/v2\/comments?post=957"}],"version-history":[{"count":6,"href":"https:\/\/www.smiden.fr\/site\/index.php\/wp-json\/wp\/v2\/pages\/957\/revisions"}],"predecessor-version":[{"id":1350,"href":"https:\/\/www.smiden.fr\/site\/index.php\/wp-json\/wp\/v2\/pages\/957\/revisions\/1350"}],"up":[{"embeddable":true,"href":"https:\/\/www.smiden.fr\/site\/index.php\/wp-json\/wp\/v2\/pages\/68"}],"wp:attachment":[{"href":"https:\/\/www.smiden.fr\/site\/index.php\/wp-json\/wp\/v2\/media?parent=957"}],"curies":[{"name":"wp","href":"https:\/\/api.w.org\/{rel}","templated":true}]}}