{"id":953,"date":"2017-02-15T18:14:05","date_gmt":"2017-02-15T17:14:05","guid":{"rendered":"http:\/\/smiden.fr\/site\/?page_id=953"},"modified":"2017-02-24T16:03:28","modified_gmt":"2017-02-24T15:03:28","slug":"le-rabelais","status":"publish","type":"page","link":"https:\/\/www.smiden.fr\/site\/index.php\/cdc-sud-est-du-pays-manceau\/le-rabelais\/","title":{"rendered":"Le Rabelais"},"content":{"rendered":"<p><img decoding=\"async\" class=\" wp-image-793 alignleft\" src=\"http:\/\/smiden.fr\/site\/wp-content\/uploads\/2017\/02\/logo-rabelais.jpg\" alt=\"\" width=\"141\" height=\"82\" \/><strong>Le<span style=\"color: #ff9900;\">\u00a0<a style=\"color: #ff9900;\" href=\"http:\/\/www.lerabelais.org\/\" target=\"_blank\">Centre socioculturel Fran\u00e7ois Rabelais<\/a><\/span> localis\u00e9 \u00e0 Chang\u00e9 est un lieu d&rsquo;animations au service de la population.<\/strong><\/p>\n<p>L&rsquo;\u00e9quipe d&rsquo;animation multim\u00e9dia organise\u00a0des s\u00e9ances de jeux en r\u00e9seaux \u00e0 destination des jeunes mais \u00e9galement\u00a0des ateliers plus sp\u00e9cifiques.<\/p>\n<p>Des caf\u00e9s-d\u00e9bats \u00e0 destination des familles, sur des th\u00e9matiques num\u00e9riques en partenariat avec la r\u00e9f\u00e9rente famille sont mis en place sur le territoire communautaire.<\/p>\n<blockquote><p><strong>Contact<\/strong><br \/>\n1 Place Victor Hugo &#8211; 72560 CHANGE<br \/>\nT\u00e9l. 02 43 40 13 04<br \/>\nsite :\u00a0<span style=\"color: #ff9900;\"><a style=\"color: #ff9900;\" href=\"http:\/\/www.lerabelais.org\/\" target=\"_blank\">http:\/\/www.lerabelais.org\/<\/a><\/span><\/p><\/blockquote>\n<p>&nbsp;<\/p>\n<hr \/>\n<h3><span style=\"color: #000000;\">Exemple d&rsquo;une activit\u00e9 propos\u00e9e<\/span><\/h3>\n<p><img fetchpriority=\"high\" decoding=\"async\" class=\"wp-image-791 alignleft\" src=\"http:\/\/smiden.fr\/site\/wp-content\/uploads\/2017\/02\/enfant-reseau-sociaux.jpg\" alt=\"\" width=\"299\" height=\"251\" srcset=\"https:\/\/www.smiden.fr\/site\/wp-content\/uploads\/2017\/02\/enfant-reseau-sociaux.jpg 500w, https:\/\/www.smiden.fr\/site\/wp-content\/uploads\/2017\/02\/enfant-reseau-sociaux-300x251.jpg 300w\" sizes=\"(max-width: 299px) 100vw, 299px\" \/>Il a \u00e9t\u00e9 organis\u00e9 le mardi 26 mai 2015 en soir\u00e9e par le SMiDeN avec le <strong><span style=\"color: #ff9900;\"><a style=\"color: #ff9900;\" href=\"http:\/\/www.lerabelais.org\/\" target=\"_blank\">centre socioculturel Fran\u00e7ois Rabelais<\/a><\/span><\/strong>, un atelier sur le th\u00e8me de la \u00ab\u00a0Protection de l&rsquo;enfant sur les r\u00e9seaux sociaux\u00a0\u00bb \u00e0 destination des parents.<\/p>\n<p>Trois intervenants, Pernelle HIDOUX, Audrey VALLIENNE et Fabrice LAMACHERE, ont anim\u00e9 cet atelier sp\u00e9cifique.<\/p>\n<p>Ils ont d&rsquo;abord d\u00e9fini la nature et le fonctionnement d&rsquo;un r\u00e9seau social et retranscrit son vocabulaire bien sp\u00e9cifique avant de d\u00e9battre avec une dizaine de parents pr\u00e9sents.<br \/>\nCes derniers\u00a0ont \u00e9t\u00e9 sensibilis\u00e9s \u00e0 tous les dangers potentiels (cybercriminalit\u00e9, cyberharc\u00e9lement, cyberd\u00e9pendance, etc.).<\/p>\n<p><span style=\"color: #ff9900;\"><strong>L&rsquo;objectif de cette soir\u00e9e a \u00e9t\u00e9 de donner aux parents les cl\u00e9s pour ouvrir le dialogue avec leurs enfants sur l&rsquo;utilisation d&rsquo;internet<\/strong>.<\/span><\/p>\n<p>&nbsp;<\/p>\n<p><strong><span style=\"color: #000000;\"><img decoding=\"async\" class=\" wp-image-977 alignleft\" src=\"http:\/\/smiden.fr\/site\/wp-content\/uploads\/2017\/02\/question.jpg\" alt=\"\" width=\"117\" height=\"117\" srcset=\"https:\/\/www.smiden.fr\/site\/wp-content\/uploads\/2017\/02\/question.jpg 300w, https:\/\/www.smiden.fr\/site\/wp-content\/uploads\/2017\/02\/question-150x150.jpg 150w\" sizes=\"(max-width: 117px) 100vw, 117px\" \/>Questions pos\u00e9es c\u00f4t\u00e9s\u00a0parents<\/span><\/strong><\/p>\n<blockquote><p><span style=\"color: #ff9900;\"><strong>&gt;<\/strong><\/span> Pourquoi\u00a0un tel engouement de mon enfant pour les r\u00e9seaux sociaux ?<br \/>\n<span style=\"color: #ff9900;\"><strong>&gt;<\/strong><\/span> Quelle est son utilisation des r\u00e9seaux sociaux ?<br \/>\n<span style=\"color: #ff9900;\"><strong>&gt;<\/strong><\/span> Est-ce que je peux \u00eatre ami avec lui ?<\/p><\/blockquote>\n<p>&nbsp;<\/p>\n<p><strong><span style=\"color: #000000;\">Pour allez plus loin<\/span><\/strong><\/p>\n<p>Site de la CNIL\u00a0sous la forme de <span style=\"color: #ff9900;\"><a style=\"color: #ff9900;\" href=\"http:\/\/www.jeunes.cnil.fr\/parents\/fiches-pratiques\/\" data-cke-saved-href=\"http:\/\/www.jeunes.cnil.fr\/parents\/fiches-pratiques\/\">fiches pratiques<\/a><\/span>\u00a0\u00ab\u00a0les bonnes pratiques et l&rsquo;usage des r\u00e9seaux sociaux de vos enfants\u00a0\u00bb et\u00a0le <span style=\"color: #ff9900;\"><a style=\"color: #ff9900;\" href=\"http:\/\/www.jeunes.cnil.fr\/parents\/guide-pratique\/\" data-cke-saved-href=\"http:\/\/www.jeunes.cnil.fr\/parents\/guide-pratique\/\">g<\/a><a style=\"color: #ff9900;\" href=\"http:\/\/www.jeunes.cnil.fr\/parents\/guide-pratique\/\" data-cke-saved-href=\"http:\/\/www.jeunes.cnil.fr\/parents\/guide-pratique\/\">uide pratique<\/a><\/span> \u00ab\u00a0les jeunes et les r\u00e9seaux sociaux\u00a0\u00bb.<br \/>\n<span style=\"color: #ff9900;\"><span style=\"color: #000000;\">A voir<\/span>\u00a0<a style=\"color: #ff9900;\" href=\"http:\/\/fr.wikipedia.org\/wiki\/%C3%89tude_du_petit_monde\" target=\"_blank\">La th\u00e9orie du petit monde<\/a><\/span>\u00a0(c&rsquo;est l&rsquo;hypoth\u00e8se que chacun puisse \u00eatre reli\u00e9 \u00e0 n&rsquo;importe quel autre individu par une courte cha\u00eene de relations sociales).<br \/>\n<span style=\"color: #ff9900;\"><a style=\"color: #ff9900;\" href=\"http:\/\/fr.wikipedia.org\/wiki\/Geek\" target=\"_blank\">Geek<\/a><\/span> : parfois francis\u00e9 en \u00ab\u00a0Guik\u00a0\u00bb, est un terme d&rsquo;argot am\u00e9ricain, qui d\u00e9signe une personne extr\u00eamement pointue dans un domaine pr\u00e9cis.<\/p>\n<p><span style=\"color: #ff9900;\"><strong>&gt;<\/strong>\u00a0<a style=\"color: #ff9900;\" href=\"http:\/\/www.alexa.com\/topsites\/countries\/FR\" data-cke-saved-href=\"http:\/\/www.alexa.com\/topsites\/countries\/FR\">Le top des sites Internet les plus consult\u00e9s<\/a>\u00a0<span style=\"color: #000000;\">|<\/span>\u00a0<a style=\"color: #ff9900;\" href=\"http:\/\/www.agircontreleharcelementalecole.gouv.fr\/centre-de-ressources\/outils-pedagogiques\/\" data-cke-saved-href=\"http:\/\/www.agircontreleharcelementalecole.gouv.fr\/centre-de-ressources\/outils-pedagogiques\/\">Agir contre le harc\u00e8lement<br \/>\n<\/a><\/span><span style=\"color: #ff9900;\"><strong>&gt;<\/strong><\/span> Listes des r\u00e9seaux sociaux :\u00a0<span style=\"color: #ff9900;\"><a style=\"color: #ff9900;\" href=\"https:\/\/fr-fr.facebook.com\/\" data-cke-saved-href=\"https:\/\/fr-fr.facebook.com\/\">Facebook<\/a>\u00a0<span style=\"color: #000000;\">|<\/span>\u00a0<a style=\"color: #ff9900;\" href=\"https:\/\/twitter.com\/?lang=fr\" data-cke-saved-href=\"https:\/\/twitter.com\/?lang=fr\">Twitter<\/a>\u00a0<span style=\"color: #000000;\">|<\/span>\u00a0<a style=\"color: #ff9900;\" href=\"https:\/\/accounts.google.com\/\" data-cke-saved-href=\"https:\/\/accounts.google.com\/\">Google+<\/a>\u00a0<span style=\"color: #000000;\">|<\/span>\u00a0<a style=\"color: #ff9900;\" href=\"https:\/\/fr.pinterest.com\/\" data-cke-saved-href=\"https:\/\/fr.pinterest.com\/\">Pinterest<\/a>\u00a0<span style=\"color: #000000;\">|<\/span>\u00a0<a style=\"color: #ff9900;\" href=\"https:\/\/myspace.com\/\" data-cke-saved-href=\"https:\/\/myspace.com\/\">Myspace<\/a>\u00a0<span style=\"color: #000000;\">|<\/span>\u00a0<a style=\"color: #ff9900;\" href=\"https:\/\/www.linkedin.com\/nhome\/\" data-cke-saved-href=\"https:\/\/www.linkedin.com\/nhome\/\">Linkelin<\/a>\u00a0<span style=\"color: #000000;\">|<\/span>\u00a0<a style=\"color: #ff9900;\" href=\"https:\/\/instagram.com\/\" data-cke-saved-href=\"https:\/\/instagram.com\/\">Instragram<\/a>\u00a0<span style=\"color: #000000;\">|<\/span>\u00a0<a style=\"color: #ff9900;\" href=\"https:\/\/www.snapchat.com\/\" data-cke-saved-href=\"https:\/\/www.snapchat.com\/\">Snapchat<\/a>\u00a0<span style=\"color: #000000;\">|<\/span>\u00a0<a style=\"color: #ff9900;\" href=\"https:\/\/www.tumblr.com\/\" data-cke-saved-href=\"https:\/\/www.tumblr.com\/\">Tumblr<\/a>\u00a0<span style=\"color: #000000;\">|<\/span>\u00a0<a style=\"color: #ff9900;\" href=\"http:\/\/www.onvasortir.com\/\" data-cke-saved-href=\"http:\/\/www.onvasortir.com\/\">Ovs<\/a>\u00a0<span style=\"color: #000000;\">|<\/span>\u00a0<a style=\"color: #ff9900;\" href=\"https:\/\/delicious.com\/\" data-cke-saved-href=\"https:\/\/delicious.com\/\">Delicious<\/a>, etc.<br \/>\n<\/span><span style=\"color: #ff9900;\"><strong>&gt;<\/strong><\/span> R\u00e9f\u00e9rences filmographies :\u00a0<a style=\"color: #ff9900;\" href=\"http:\/\/www.allocine.fr\/film\/fichefilm_gen_cfilm=147912.html\" data-cke-saved-href=\"http:\/\/www.allocine.fr\/film\/fichefilm_gen_cfilm=147912.html\">The Social Network<\/a>\u00a0|\u00a0<a style=\"color: #ff9900;\" href=\"http:\/\/www.allocine.fr\/film\/fichefilm_gen_cfilm=24712.html\" data-cke-saved-href=\"http:\/\/www.allocine.fr\/film\/fichefilm_gen_cfilm=24712.html\">I comme Icare<\/a>\u00a0|\u00a0<a style=\"color: #ff9900;\" href=\"http:\/\/www.allocine.fr\/film\/fichefilm_gen_cfilm=134390.html\" data-cke-saved-href=\"http:\/\/www.allocine.fr\/film\/fichefilm_gen_cfilm=134390.html\">La Vague<\/a><\/p>\n","protected":false},"excerpt":{"rendered":"<p>Le\u00a0Centre socioculturel Fran\u00e7ois Rabelais localis\u00e9 \u00e0 Chang\u00e9 est un lieu d&rsquo;animations au service de la population. L&rsquo;\u00e9quipe d&rsquo;animation multim\u00e9dia organise\u00a0des s\u00e9ances de jeux en r\u00e9seaux \u00e0 destination des jeunes mais \u00e9galement\u00a0des ateliers plus sp\u00e9cifiques. Des caf\u00e9s-d\u00e9bats \u00e0 destination des familles, sur des th\u00e9matiques num\u00e9riques en partenariat avec la r\u00e9f\u00e9rente famille [&hellip;]<\/p>\n","protected":false},"author":1,"featured_media":0,"parent":123,"menu_order":0,"comment_status":"closed","ping_status":"closed","template":"templates\/template-full-notitle.php","meta":{"_uag_custom_page_level_css":"","footnotes":""},"class_list":["post-953","page","type-page","status-publish","hentry","post"],"uagb_featured_image_src":{"full":false,"thumbnail":false,"medium":false,"medium_large":false,"large":false,"1536x1536":false,"2048x2048":false,"post-thumbnail":false,"vantage-thumbnail-no-sidebar":false,"vantage-slide":false,"vantage-carousel":false,"vantage-grid-loop":false,"mailpoet_newsletter_max":false,"sow-carousel-default":false},"uagb_author_info":{"display_name":"avallienne","author_link":"https:\/\/www.smiden.fr\/site\/index.php\/author\/avallienne\/"},"uagb_comment_info":0,"uagb_excerpt":"Le\u00a0Centre socioculturel Fran\u00e7ois Rabelais localis\u00e9 \u00e0 Chang\u00e9 est un lieu d&rsquo;animations au service de la population. L&rsquo;\u00e9quipe d&rsquo;animation multim\u00e9dia organise\u00a0des s\u00e9ances de jeux en r\u00e9seaux \u00e0 destination des jeunes mais \u00e9galement\u00a0des ateliers plus sp\u00e9cifiques. Des caf\u00e9s-d\u00e9bats \u00e0 destination des familles, sur des th\u00e9matiques num\u00e9riques en partenariat avec la r\u00e9f\u00e9rente famille [&hellip;]","_links":{"self":[{"href":"https:\/\/www.smiden.fr\/site\/index.php\/wp-json\/wp\/v2\/pages\/953","targetHints":{"allow":["GET"]}}],"collection":[{"href":"https:\/\/www.smiden.fr\/site\/index.php\/wp-json\/wp\/v2\/pages"}],"about":[{"href":"https:\/\/www.smiden.fr\/site\/index.php\/wp-json\/wp\/v2\/types\/page"}],"author":[{"embeddable":true,"href":"https:\/\/www.smiden.fr\/site\/index.php\/wp-json\/wp\/v2\/users\/1"}],"replies":[{"embeddable":true,"href":"https:\/\/www.smiden.fr\/site\/index.php\/wp-json\/wp\/v2\/comments?post=953"}],"version-history":[{"count":5,"href":"https:\/\/www.smiden.fr\/site\/index.php\/wp-json\/wp\/v2\/pages\/953\/revisions"}],"predecessor-version":[{"id":998,"href":"https:\/\/www.smiden.fr\/site\/index.php\/wp-json\/wp\/v2\/pages\/953\/revisions\/998"}],"up":[{"embeddable":true,"href":"https:\/\/www.smiden.fr\/site\/index.php\/wp-json\/wp\/v2\/pages\/123"}],"wp:attachment":[{"href":"https:\/\/www.smiden.fr\/site\/index.php\/wp-json\/wp\/v2\/media?parent=953"}],"curies":[{"name":"wp","href":"https:\/\/api.w.org\/{rel}","templated":true}]}}