{"id":809,"date":"2017-02-09T16:50:47","date_gmt":"2017-02-09T15:50:47","guid":{"rendered":"http:\/\/smiden.fr\/site\/?page_id=809"},"modified":"2017-08-03T15:56:13","modified_gmt":"2017-08-03T13:56:13","slug":"formations","status":"publish","type":"page","link":"https:\/\/www.smiden.fr\/site\/index.php\/mission-si\/formations\/","title":{"rendered":"Formations"},"content":{"rendered":"<div id=\"gab-content-full\">\n<p><strong><img fetchpriority=\"high\" decoding=\"async\" class=\"wp-image-811 alignleft\" src=\"http:\/\/smiden.fr\/site\/wp-content\/uploads\/2017\/02\/formation-simap.jpg\" alt=\"\" width=\"325\" height=\"273\" srcset=\"https:\/\/www.smiden.fr\/site\/wp-content\/uploads\/2017\/02\/formation-simap.jpg 500w, https:\/\/www.smiden.fr\/site\/wp-content\/uploads\/2017\/02\/formation-simap-300x251.jpg 300w\" sizes=\"(max-width: 325px) 100vw, 325px\" \/>SIMAP une solution \u00e9volutive <\/strong><strong>pour le p\u00f4le SIG du SMiDeN.<\/strong><\/p>\n<p style=\"text-align: justify;\">Il a proc\u00e9d\u00e9 dans le courant de janvier 2016 au remplacement de la solution webSIG Cart@jour OnLine (G2C Informatique), d\u00e9ploy\u00e9e dans les mairies et intercommunalit\u00e9s du territoire depuis 2006, par le produit <span style=\"color: #ff9900;\"><a href=\"http:\/\/www.sirap.fr\/simap.html\" target=\"_blank\" rel=\"noopener noreferrer\">SIMAP<\/a><\/span>\u00a0(Sirap Ouest), port\u00e9 par le <span style=\"color: #ff9900;\"><a href=\"http:\/\/www.paysdumans.fr\/\" target=\"_blank\" rel=\"noopener noreferrer\">Pays du Mans<\/a><\/span>\u00a0dans le cadre de la r\u00e9forme ADS de juillet 2015.<\/p>\n<p style=\"text-align: justify;\">Un programme de <span style=\"color: #ff9900;\"><a href=\"http:\/\/www.paysdumans.fr\/acces-reserve-aux-communes\" target=\"_blank\" rel=\"noopener noreferrer\">formations ADS<\/a><\/span>\u00a0a\u00a0logiquement \u00e9t\u00e9 mis en place pour assurer la translation des utilisateurs vers la nouvelle application :<\/p>\n<p><span style=\"color: #ff9900;\"><strong>&gt;<\/strong><\/span> 43 agents et 22 \u00e9lus ont \u00e9t\u00e9 form\u00e9s<br \/>\n<span style=\"color: #ff9900;\"><strong>&gt;<\/strong><\/span> 8 sessions dispens\u00e9es de fin f\u00e9vrier \u00e0 mi-avril<\/p>\n<p style=\"text-align: justify;\">Plus rapide et plus pratique tout en int\u00e9grant des fonctionnalit\u00e9s plus avanc\u00e9es, il ressort que SIMAP, nouvel outil du SMiDeN pour la consultation de donn\u00e9es g\u00e9ographiques en mode web, fait d\u00e9j\u00e0 l&rsquo;unanimit\u00e9 chez les agents et \u00e9lus utilisateurs pour qui le changement s&rsquo;apparente \u00e0 une r\u00e9volution.<\/p>\n<\/div>\n","protected":false},"excerpt":{"rendered":"<p>SIMAP une solution \u00e9volutive pour le p\u00f4le SIG du SMiDeN. Il a proc\u00e9d\u00e9 dans le courant de janvier 2016 au remplacement de la solution webSIG Cart@jour OnLine (G2C Informatique), d\u00e9ploy\u00e9e dans les mairies et intercommunalit\u00e9s du territoire depuis 2006, par le produit SIMAP\u00a0(Sirap Ouest), port\u00e9 par le Pays du Mans\u00a0dans [&hellip;]<\/p>\n","protected":false},"author":1,"featured_media":0,"parent":607,"menu_order":0,"comment_status":"closed","ping_status":"closed","template":"templates\/template-full-notitle.php","meta":{"_uag_custom_page_level_css":"","footnotes":""},"class_list":["post-809","page","type-page","status-publish","hentry","post"],"uagb_featured_image_src":{"full":false,"thumbnail":false,"medium":false,"medium_large":false,"large":false,"1536x1536":false,"2048x2048":false,"post-thumbnail":false,"vantage-thumbnail-no-sidebar":false,"vantage-slide":false,"vantage-carousel":false,"vantage-grid-loop":false,"mailpoet_newsletter_max":false,"sow-carousel-default":false},"uagb_author_info":{"display_name":"avallienne","author_link":"https:\/\/www.smiden.fr\/site\/index.php\/author\/avallienne\/"},"uagb_comment_info":0,"uagb_excerpt":"SIMAP une solution \u00e9volutive pour le p\u00f4le SIG du SMiDeN. Il a proc\u00e9d\u00e9 dans le courant de janvier 2016 au remplacement de la solution webSIG Cart@jour OnLine (G2C Informatique), d\u00e9ploy\u00e9e dans les mairies et intercommunalit\u00e9s du territoire depuis 2006, par le produit SIMAP\u00a0(Sirap Ouest), port\u00e9 par le Pays du Mans\u00a0dans [&hellip;]","_links":{"self":[{"href":"https:\/\/www.smiden.fr\/site\/index.php\/wp-json\/wp\/v2\/pages\/809","targetHints":{"allow":["GET"]}}],"collection":[{"href":"https:\/\/www.smiden.fr\/site\/index.php\/wp-json\/wp\/v2\/pages"}],"about":[{"href":"https:\/\/www.smiden.fr\/site\/index.php\/wp-json\/wp\/v2\/types\/page"}],"author":[{"embeddable":true,"href":"https:\/\/www.smiden.fr\/site\/index.php\/wp-json\/wp\/v2\/users\/1"}],"replies":[{"embeddable":true,"href":"https:\/\/www.smiden.fr\/site\/index.php\/wp-json\/wp\/v2\/comments?post=809"}],"version-history":[{"count":5,"href":"https:\/\/www.smiden.fr\/site\/index.php\/wp-json\/wp\/v2\/pages\/809\/revisions"}],"predecessor-version":[{"id":1490,"href":"https:\/\/www.smiden.fr\/site\/index.php\/wp-json\/wp\/v2\/pages\/809\/revisions\/1490"}],"up":[{"embeddable":true,"href":"https:\/\/www.smiden.fr\/site\/index.php\/wp-json\/wp\/v2\/pages\/607"}],"wp:attachment":[{"href":"https:\/\/www.smiden.fr\/site\/index.php\/wp-json\/wp\/v2\/media?parent=809"}],"curies":[{"name":"wp","href":"https:\/\/api.w.org\/{rel}","templated":true}]}}