{"id":771,"date":"2017-02-09T15:14:21","date_gmt":"2017-02-09T14:14:21","guid":{"rendered":"http:\/\/smiden.fr\/site\/?page_id=771"},"modified":"2019-09-05T15:31:44","modified_gmt":"2019-09-05T13:31:44","slug":"espace-rural-emploi-formation","status":"publish","type":"page","link":"https:\/\/www.smiden.fr\/site\/index.php\/espace-rural-emploi-formation\/","title":{"rendered":"Espace Rural Emploi Formation"},"content":{"rendered":"<p style=\"text-align: justify;\"><span style=\"color: #000000;\"><strong><img decoding=\"async\" class=\"wp-image-759 alignleft\" src=\"http:\/\/smiden.fr\/site\/wp-content\/uploads\/2017\/02\/atelier-emploi.jpg\" alt=\"\" width=\"140\" height=\"117\" srcset=\"https:\/\/www.smiden.fr\/site\/wp-content\/uploads\/2017\/02\/atelier-emploi.jpg 500w, https:\/\/www.smiden.fr\/site\/wp-content\/uploads\/2017\/02\/atelier-emploi-300x251.jpg 300w\" sizes=\"(max-width: 140px) 100vw, 140px\" \/>Tous les demandeurs d&#8217;emploi (inscrits obligatoirement \u00e0 P\u00f4le Emploi) b\u00e9n\u00e9ficient d&rsquo;un acc\u00e8s libre et gratuit au cybercentre \u00e0 Ecommoy. A destination de ce public, l&rsquo;\u00e9quipe d&rsquo;animation multim\u00e9dia assure un accompagnement personnalis\u00e9 destin\u00e9 \u00e0 les aider \u00e0 utiliser au mieux l&rsquo;outil informatique.<\/strong><\/span><\/p>\n<p style=\"text-align: justify;\">Il est \u00e9galement propos\u00e9 aux demandeurs d&#8217;emploi de participer gratuitement aux diff\u00e9rentes sessions d&rsquo;initiation (informatique de base, internet, traitement de texte et tableurs) qui se d\u00e9roulent au cybercentre \u00e0 <strong>Ecommoy les jeudis apr\u00e8s-midi de 14h00 \u00e0 17h00.<\/strong><br \/>\n<span style=\"color: #ff9900;\"><strong>&gt; <\/strong><a href=\"https:\/\/www.smiden.fr\/site\/index.php\/initiations\/\" target=\"_blank\" rel=\"noopener noreferrer\">Suivre le lien<\/a><\/span><\/p>\n<p>&nbsp;<\/p>\n<hr \/>\n<p style=\"text-align: justify;\"><img decoding=\"async\" class=\"wp-image-774 alignleft\" src=\"http:\/\/smiden.fr\/site\/wp-content\/uploads\/2017\/02\/Logo-CDC-obb-1.jpg\" alt=\"\" width=\"90\" height=\"84\" \/><\/p>\n<p style=\"text-align: justify;\">Le SMiDeN vous invite \u00e0 participer au sein du cybercentre \u00e0 Ecommoy \u00e0 des ateliers informatiques et multim\u00e9dias, sp\u00e9cifiques \u00e0 l&#8217;emploi, ouverts \u00e0 tous les demandeurs d&#8217;emploi du territoire, organis\u00e9s et encadr\u00e9s par l&rsquo;<span style=\"color: #ff9900;\"><a href=\"https:\/\/intermife.fr\/zone\/21\/Espace-Rural-Emploi-Formation-MIFE-Ecommoy.view.html\" target=\"_blank\" rel=\"noopener noreferrer\">Espace Rural Emploi Formation<\/a><span style=\"color: #000000;\">.\u00a0<\/span><\/span><strong>Un atelier est organis\u00e9 chaque\u00a0vendredi\u00a0de\u00a09h00 \u00e0 12h00.<\/strong><\/p>\n<p>Le service EREF est ouvert au public du lundi au vendredi, de 8h45 \u00e0 12h15 et de 13h45 \u00e0 17h15<\/p>\n<blockquote><p>Ateliers TRE (Technique de Recherche d&rsquo;Emploi)<br \/>\n<span style=\"color: #ff9900;\"><strong>&gt;<\/strong><\/span> D\u00e9couverte des r\u00e9seaux sociaux emploi<br \/>\n<span style=\"color: #ff9900;\"><strong>&gt;<\/strong><\/span>\u00a0Utilisation et optimisation du portail P\u00f4le Emploi<br \/>\n<span style=\"color: #ff9900;\"><strong>&gt;<\/strong><\/span>\u00a0Cr\u00e9ation et mise en forme de son CV<\/p><\/blockquote>\n<p>Vos conseill\u00e8res\u00a0sur l\u2019EREF\u00a0:<br \/>\n<strong>Laetitia Bernot<\/strong>, conseill\u00e8re emploi formation insertion<br \/>\n<strong>Jean Cremey<\/strong>, assistante de vie sociale et professionnelle.<\/p>\n<p>Plus d&rsquo;informations :<br \/>\n<a href=\"https:\/\/intermife.fr\/\">https:\/\/intermife.fr\/<\/a><\/p>\n<blockquote><p><span style=\"color: #000000;\"><strong>Contact<br \/>\n<\/strong><\/span>Site emploi <a href=\"http:\/\/www.cc-berce-belinois.fr\/de-26-ans-2\/\" target=\"_blank\" rel=\"noopener noreferrer\">+ 26 ans<\/a><br \/>\nSite emploi <a href=\"http:\/\/www.cc-berce-belinois.fr\/de-26-ans\/\" target=\"_blank\" rel=\"noopener noreferrer\">&#8211; 26 ans<\/a><br \/>\n<a href=\"http:\/\/www.cc-berce-belinois.fr\/employeurs\/\" target=\"_blank\" rel=\"noopener noreferrer\">Employeurs<\/a><\/p>\n<p>T\u00e9l.\u00a002 43 42 68 76<br \/>\nEmail : <span style=\"color: #ff9900;\"><a href=\"mailto:eref@belinois.fr\" target=\"_blank\" rel=\"noopener noreferrer\">eref@belinois.fr<\/a><\/span><\/p><\/blockquote>\n","protected":false},"excerpt":{"rendered":"<p>Tous les demandeurs d&#8217;emploi (inscrits obligatoirement \u00e0 P\u00f4le Emploi) b\u00e9n\u00e9ficient d&rsquo;un acc\u00e8s libre et gratuit au cybercentre \u00e0 Ecommoy. A destination de ce public, l&rsquo;\u00e9quipe d&rsquo;animation multim\u00e9dia assure un accompagnement personnalis\u00e9 destin\u00e9 \u00e0 les aider \u00e0 utiliser au mieux l&rsquo;outil informatique. Il est \u00e9galement propos\u00e9 aux demandeurs d&#8217;emploi de participer [&hellip;]<\/p>\n","protected":false},"author":1,"featured_media":0,"parent":0,"menu_order":0,"comment_status":"closed","ping_status":"closed","template":"","meta":{"_uag_custom_page_level_css":"","footnotes":""},"class_list":["post-771","page","type-page","status-publish","hentry","post"],"uagb_featured_image_src":{"full":false,"thumbnail":false,"medium":false,"medium_large":false,"large":false,"1536x1536":false,"2048x2048":false,"post-thumbnail":false,"vantage-thumbnail-no-sidebar":false,"vantage-slide":false,"vantage-carousel":false,"vantage-grid-loop":false,"mailpoet_newsletter_max":false,"sow-carousel-default":false},"uagb_author_info":{"display_name":"avallienne","author_link":"https:\/\/www.smiden.fr\/site\/index.php\/author\/avallienne\/"},"uagb_comment_info":0,"uagb_excerpt":"Tous les demandeurs d&#8217;emploi (inscrits obligatoirement \u00e0 P\u00f4le Emploi) b\u00e9n\u00e9ficient d&rsquo;un acc\u00e8s libre et gratuit au cybercentre \u00e0 Ecommoy. A destination de ce public, l&rsquo;\u00e9quipe d&rsquo;animation multim\u00e9dia assure un accompagnement personnalis\u00e9 destin\u00e9 \u00e0 les aider \u00e0 utiliser au mieux l&rsquo;outil informatique. Il est \u00e9galement propos\u00e9 aux demandeurs d&#8217;emploi de participer [&hellip;]","_links":{"self":[{"href":"https:\/\/www.smiden.fr\/site\/index.php\/wp-json\/wp\/v2\/pages\/771","targetHints":{"allow":["GET"]}}],"collection":[{"href":"https:\/\/www.smiden.fr\/site\/index.php\/wp-json\/wp\/v2\/pages"}],"about":[{"href":"https:\/\/www.smiden.fr\/site\/index.php\/wp-json\/wp\/v2\/types\/page"}],"author":[{"embeddable":true,"href":"https:\/\/www.smiden.fr\/site\/index.php\/wp-json\/wp\/v2\/users\/1"}],"replies":[{"embeddable":true,"href":"https:\/\/www.smiden.fr\/site\/index.php\/wp-json\/wp\/v2\/comments?post=771"}],"version-history":[{"count":14,"href":"https:\/\/www.smiden.fr\/site\/index.php\/wp-json\/wp\/v2\/pages\/771\/revisions"}],"predecessor-version":[{"id":2916,"href":"https:\/\/www.smiden.fr\/site\/index.php\/wp-json\/wp\/v2\/pages\/771\/revisions\/2916"}],"wp:attachment":[{"href":"https:\/\/www.smiden.fr\/site\/index.php\/wp-json\/wp\/v2\/media?parent=771"}],"curies":[{"name":"wp","href":"https:\/\/api.w.org\/{rel}","templated":true}]}}