{"id":77,"date":"2016-09-28T14:59:56","date_gmt":"2016-09-28T12:59:56","guid":{"rendered":"http:\/\/10.0.0.21\/?page_id=77"},"modified":"2025-03-26T15:29:43","modified_gmt":"2025-03-26T14:29:43","slug":"horaires","status":"publish","type":"page","link":"https:\/\/www.smiden.fr\/site\/index.php\/horaires\/","title":{"rendered":"Horaires"},"content":{"rendered":"<h3><strong><span style=\"color: #000000;\">Horaires des cybercentres<\/span><\/strong><\/h3>\n<p><strong><span style=\"color: #000000;\"><em>Horaires applicables depuis le 1<sup>er<\/sup> ao\u00fbt 2021.<\/em><br \/>\n<\/span><\/strong><\/p>\n<p><img fetchpriority=\"high\" decoding=\"async\" class=\"wp-image-4102 alignleft\" src=\"https:\/\/www.smiden.fr\/site\/wp-content\/uploads\/2021\/07\/fiche-horaire-22-07-21-1-scaled.jpg\" alt=\"\" width=\"361\" height=\"523\" srcset=\"https:\/\/www.smiden.fr\/site\/wp-content\/uploads\/2021\/07\/fiche-horaire-22-07-21-1-scaled.jpg 1768w, https:\/\/www.smiden.fr\/site\/wp-content\/uploads\/2021\/07\/fiche-horaire-22-07-21-1-207x300.jpg 207w, https:\/\/www.smiden.fr\/site\/wp-content\/uploads\/2021\/07\/fiche-horaire-22-07-21-1-707x1024.jpg 707w, https:\/\/www.smiden.fr\/site\/wp-content\/uploads\/2021\/07\/fiche-horaire-22-07-21-1-768x1112.jpg 768w, https:\/\/www.smiden.fr\/site\/wp-content\/uploads\/2021\/07\/fiche-horaire-22-07-21-1-1061x1536.jpg 1061w, https:\/\/www.smiden.fr\/site\/wp-content\/uploads\/2021\/07\/fiche-horaire-22-07-21-1-1414x2048.jpg 1414w, https:\/\/www.smiden.fr\/site\/wp-content\/uploads\/2021\/07\/fiche-horaire-22-07-21-1-1320x1911.jpg 1320w\" sizes=\"(max-width: 361px) 100vw, 361px\" \/><\/p>\n<p><em>Le cybercentre \u00e0 Ecommoy sera ouvert le lundi et mercredi<br \/>\nde 13h30 \u00e0 17h00 et le jeudi de 9h00 \u00e0 12h00.<\/em><\/p>\n<p>&nbsp;<\/p>\n<p>&nbsp;<\/p>\n<p>&nbsp;<\/p>\n<p>&nbsp;<\/p>\n<p>&nbsp;<\/p>\n<p>&nbsp;<\/p>\n<p><em>Le cybercentre \u00e0 Parign\u00e9 l\u2019Ev\u00eaque sera ouvert le mardi et vendredi<br \/>\n<\/em><em>de 13h30 \u00e0 17h00 et le lundi de 9h00 \u00e0 12h00.<\/em><\/p>\n<p>&nbsp;<\/p>\n<p>&nbsp;<\/p>\n<p>&nbsp;<\/p>\n","protected":false},"excerpt":{"rendered":"<p>Horaires des cybercentres Horaires applicables depuis le 1er ao\u00fbt 2021. Le cybercentre \u00e0 Ecommoy sera ouvert le lundi et mercredi de 13h30 \u00e0 17h00 et le jeudi de 9h00 \u00e0 12h00. &nbsp; &nbsp; &nbsp; &nbsp; &nbsp; &nbsp; Le cybercentre \u00e0 Parign\u00e9 l\u2019Ev\u00eaque sera ouvert le mardi et vendredi de 13h30 [&hellip;]<\/p>\n","protected":false},"author":1,"featured_media":0,"parent":0,"menu_order":0,"comment_status":"closed","ping_status":"closed","template":"templates\/template-full-notitle.php","meta":{"_uag_custom_page_level_css":"","footnotes":""},"class_list":["post-77","page","type-page","status-publish","hentry","post"],"uagb_featured_image_src":{"full":false,"thumbnail":false,"medium":false,"medium_large":false,"large":false,"1536x1536":false,"2048x2048":false,"post-thumbnail":false,"vantage-thumbnail-no-sidebar":false,"vantage-slide":false,"vantage-carousel":false,"vantage-grid-loop":false,"mailpoet_newsletter_max":false,"sow-carousel-default":false},"uagb_author_info":{"display_name":"avallienne","author_link":"https:\/\/www.smiden.fr\/site\/index.php\/author\/avallienne\/"},"uagb_comment_info":0,"uagb_excerpt":"Horaires des cybercentres Horaires applicables depuis le 1er ao\u00fbt 2021. Le cybercentre \u00e0 Ecommoy sera ouvert le lundi et mercredi de 13h30 \u00e0 17h00 et le jeudi de 9h00 \u00e0 12h00. &nbsp; &nbsp; &nbsp; &nbsp; &nbsp; &nbsp; Le cybercentre \u00e0 Parign\u00e9 l\u2019Ev\u00eaque sera ouvert le mardi et vendredi de 13h30 [&hellip;]","_links":{"self":[{"href":"https:\/\/www.smiden.fr\/site\/index.php\/wp-json\/wp\/v2\/pages\/77","targetHints":{"allow":["GET"]}}],"collection":[{"href":"https:\/\/www.smiden.fr\/site\/index.php\/wp-json\/wp\/v2\/pages"}],"about":[{"href":"https:\/\/www.smiden.fr\/site\/index.php\/wp-json\/wp\/v2\/types\/page"}],"author":[{"embeddable":true,"href":"https:\/\/www.smiden.fr\/site\/index.php\/wp-json\/wp\/v2\/users\/1"}],"replies":[{"embeddable":true,"href":"https:\/\/www.smiden.fr\/site\/index.php\/wp-json\/wp\/v2\/comments?post=77"}],"version-history":[{"count":21,"href":"https:\/\/www.smiden.fr\/site\/index.php\/wp-json\/wp\/v2\/pages\/77\/revisions"}],"predecessor-version":[{"id":4829,"href":"https:\/\/www.smiden.fr\/site\/index.php\/wp-json\/wp\/v2\/pages\/77\/revisions\/4829"}],"wp:attachment":[{"href":"https:\/\/www.smiden.fr\/site\/index.php\/wp-json\/wp\/v2\/media?parent=77"}],"curies":[{"name":"wp","href":"https:\/\/api.w.org\/{rel}","templated":true}]}}