{"id":763,"date":"2017-02-09T15:09:33","date_gmt":"2017-02-09T14:09:33","guid":{"rendered":"http:\/\/smiden.fr\/site\/?page_id=763"},"modified":"2018-10-18T15:16:35","modified_gmt":"2018-10-18T13:16:35","slug":"espace-emploi-formation","status":"publish","type":"page","link":"https:\/\/www.smiden.fr\/site\/index.php\/espace-emploi-formation\/","title":{"rendered":"Espace Emploi Formation"},"content":{"rendered":"<header class=\"entry-header\">\n<p class=\"entry-title\" style=\"text-align: justify;\"><span style=\"color: #000000;\"><strong><img decoding=\"async\" class=\"wp-image-748 alignleft\" src=\"http:\/\/smiden.fr\/site\/wp-content\/uploads\/2017\/02\/emploi-cv1.jpg\" alt=\"\" width=\"180\" height=\"120\" srcset=\"https:\/\/www.smiden.fr\/site\/wp-content\/uploads\/2017\/02\/emploi-cv1.jpg 500w, https:\/\/www.smiden.fr\/site\/wp-content\/uploads\/2017\/02\/emploi-cv1-300x200.jpg 300w, https:\/\/www.smiden.fr\/site\/wp-content\/uploads\/2017\/02\/emploi-cv1-272x182.jpg 272w\" sizes=\"(max-width: 180px) 100vw, 180px\" \/>Tous les demandeurs d\u2019emploi (inscrits obligatoirement \u00e0 P\u00f4le Emploi) b\u00e9n\u00e9ficient d\u2019un acc\u00e8s libre et gratuit au cybercentre \u00e0 Parign\u00e9-l&rsquo;Ev\u00eaque. A destination de ce public, l\u2019\u00e9quipe d\u2019animation multim\u00e9dia assure un accompagnement personnalis\u00e9 destin\u00e9 \u00e0 les aider \u00e0 utiliser au mieux l\u2019outil informatique.<\/strong><\/span><\/p>\n<p style=\"text-align: justify;\">Il est \u00e9galement propos\u00e9 aux demandeurs d\u2019emploi de participer gratuitement aux diff\u00e9rentes sessions d\u2019initiation (informatique de base, internet, traitement de texte et tableurs) qui se d\u00e9roulent au cybercentre \u00e0 <strong>Parign\u00e9-l&rsquo;Ev\u00eaque\u00a0les\u00a0lundis\u00a0matin\u00a0de 9h00 \u00e0 12h00.<\/strong><br \/>\n<span style=\"color: #ff9900;\"><strong>&gt; <\/strong><a href=\"https:\/\/www.smiden.fr\/site\/index.php\/initiations\/\" target=\"_blank\" rel=\"noopener noreferrer\">Suivre le lien<\/a><\/span><\/p>\n<\/header>\n<hr \/>\n<div class=\"entry-content\"><\/div>\n<p style=\"text-align: justify;\"><img decoding=\"async\" class=\" wp-image-766 alignleft\" src=\"http:\/\/smiden.fr\/site\/wp-content\/uploads\/2017\/02\/logocdc.png\" alt=\"\" width=\"86\" height=\"95\" \/>Le SMiDeN vous invite \u00e0 participer au sein du cybercentre \u00e0 Parign\u00e9-l&rsquo;Ev\u00eaque\u00a0\u00e0 des ateliers TRE (Technique de Recherche d&rsquo;Emploi), ateliers th\u00e9matiques et personnalis\u00e9s ouverts \u00e0 tous les demandeurs d&#8217;emploi du territoire, dispens\u00e9s\u00a0par l\u2019<span style=\"color: #ff9900;\"><a href=\"http:\/\/www.cc-sudestmanceau.fr\/wp\/economie\/service-emploi-formation\/\" target=\"_blank\" rel=\"noopener noreferrer\">Espace Emploi Formation<\/a><\/span>.<\/p>\n<p><span style=\"color: #ff9900;\"><strong>&gt;<\/strong><\/span> Ateliers TRE (Technique de Recherche d&rsquo;Emploi)<br \/>\n<span style=\"color: #ff9900;\"><strong>&gt;<\/strong><\/span> D\u00e9couverte des r\u00e9seaux sociaux emploi<br \/>\n<span style=\"color: #ff9900;\"><strong>&gt;<\/strong><\/span>\u00a0R\u00e9daction du CV et de la lettre de motivation<br \/>\n<span style=\"color: #ff9900;\"><strong>&gt;<\/strong><\/span>\u00a0D\u00e9couverte et gestion du portail P\u00f4le Emploi<\/p>\n<blockquote><p><span style=\"color: #000000;\"><strong>Contact<\/strong><br \/>\n<\/span>T\u00e9l. 02 43 40 14 61<br \/>\nEmail : <span style=\"color: #ff9900;\"><a href=\"mailto:emploiformation@sudestmanceau.com\" target=\"_blank\" rel=\"noopener noreferrer\">emploiformation@sudestmanceau.com<\/a><\/span><\/p><\/blockquote>\n","protected":false},"excerpt":{"rendered":"<p>Tous les demandeurs d\u2019emploi (inscrits obligatoirement \u00e0 P\u00f4le Emploi) b\u00e9n\u00e9ficient d\u2019un acc\u00e8s libre et gratuit au cybercentre \u00e0 Parign\u00e9-l&rsquo;Ev\u00eaque. A destination de ce public, l\u2019\u00e9quipe d\u2019animation multim\u00e9dia assure un accompagnement personnalis\u00e9 destin\u00e9 \u00e0 les aider \u00e0 utiliser au mieux l\u2019outil informatique. Il est \u00e9galement propos\u00e9 aux demandeurs d\u2019emploi de participer [&hellip;]<\/p>\n","protected":false},"author":1,"featured_media":0,"parent":0,"menu_order":0,"comment_status":"closed","ping_status":"closed","template":"","meta":{"_uag_custom_page_level_css":"","footnotes":""},"class_list":["post-763","page","type-page","status-publish","hentry","post"],"uagb_featured_image_src":{"full":false,"thumbnail":false,"medium":false,"medium_large":false,"large":false,"1536x1536":false,"2048x2048":false,"post-thumbnail":false,"vantage-thumbnail-no-sidebar":false,"vantage-slide":false,"vantage-carousel":false,"vantage-grid-loop":false,"mailpoet_newsletter_max":false,"sow-carousel-default":false},"uagb_author_info":{"display_name":"avallienne","author_link":"https:\/\/www.smiden.fr\/site\/index.php\/author\/avallienne\/"},"uagb_comment_info":0,"uagb_excerpt":"Tous les demandeurs d\u2019emploi (inscrits obligatoirement \u00e0 P\u00f4le Emploi) b\u00e9n\u00e9ficient d\u2019un acc\u00e8s libre et gratuit au cybercentre \u00e0 Parign\u00e9-l&rsquo;Ev\u00eaque. A destination de ce public, l\u2019\u00e9quipe d\u2019animation multim\u00e9dia assure un accompagnement personnalis\u00e9 destin\u00e9 \u00e0 les aider \u00e0 utiliser au mieux l\u2019outil informatique. Il est \u00e9galement propos\u00e9 aux demandeurs d\u2019emploi de participer [&hellip;]","_links":{"self":[{"href":"https:\/\/www.smiden.fr\/site\/index.php\/wp-json\/wp\/v2\/pages\/763","targetHints":{"allow":["GET"]}}],"collection":[{"href":"https:\/\/www.smiden.fr\/site\/index.php\/wp-json\/wp\/v2\/pages"}],"about":[{"href":"https:\/\/www.smiden.fr\/site\/index.php\/wp-json\/wp\/v2\/types\/page"}],"author":[{"embeddable":true,"href":"https:\/\/www.smiden.fr\/site\/index.php\/wp-json\/wp\/v2\/users\/1"}],"replies":[{"embeddable":true,"href":"https:\/\/www.smiden.fr\/site\/index.php\/wp-json\/wp\/v2\/comments?post=763"}],"version-history":[{"count":14,"href":"https:\/\/www.smiden.fr\/site\/index.php\/wp-json\/wp\/v2\/pages\/763\/revisions"}],"predecessor-version":[{"id":2254,"href":"https:\/\/www.smiden.fr\/site\/index.php\/wp-json\/wp\/v2\/pages\/763\/revisions\/2254"}],"wp:attachment":[{"href":"https:\/\/www.smiden.fr\/site\/index.php\/wp-json\/wp\/v2\/media?parent=763"}],"curies":[{"name":"wp","href":"https:\/\/api.w.org\/{rel}","templated":true}]}}