{"id":607,"date":"2017-01-30T11:38:52","date_gmt":"2017-01-30T10:38:52","guid":{"rendered":"http:\/\/smiden.fr\/site\/?page_id=607"},"modified":"2020-10-15T11:26:17","modified_gmt":"2020-10-15T09:26:17","slug":"mission-si","status":"publish","type":"page","link":"https:\/\/www.smiden.fr\/site\/index.php\/mission-si\/","title":{"rendered":"Mission SI"},"content":{"rendered":"<p style=\"text-align: justify;\"><strong><img decoding=\"async\" class=\"wp-image-879 alignleft\" src=\"http:\/\/smiden.fr\/site\/wp-content\/uploads\/2017\/01\/sig2.jpg\" alt=\"\" width=\"230\" height=\"192\" srcset=\"https:\/\/www.smiden.fr\/site\/wp-content\/uploads\/2017\/01\/sig2.jpg 500w, https:\/\/www.smiden.fr\/site\/wp-content\/uploads\/2017\/01\/sig2-300x251.jpg 300w\" sizes=\"(max-width: 230px) 100vw, 230px\" \/>Les <span style=\"color: #ff9900;\"><a style=\"color: #ff9900;\" href=\"http:\/\/www.cc-sudestmanceau.fr\/v2\/index.php?page=sig\">SIG <\/a><a style=\"color: #ff9900;\" href=\"http:\/\/www.cc-sudestmanceau.fr\/v2\/index.php?page=sig\">renvoient aux m\u00e9tiers de la G\u00e9omatique (GEOgraphie + inforMATIQUE<\/a><a style=\"color: #ff9900;\" href=\"http:\/\/www.cc-sudestmanceau.fr\/v2\/index.php?page=sig\">)<\/a><\/span>, discipline qui rel\u00e8ve de l\u2019exploitation crois\u00e9e de donn\u00e9es g\u00e9ographiques et de donn\u00e9es descriptives au b\u00e9n\u00e9fice de la connaissance des territoires et de la gestion de leurs ressources.<\/strong><\/p>\n<p style=\"text-align: justify;\">La mise en \u0153uvre d\u2019un SIG repose sur la conceptualisation de th\u00e9matiques, appel\u00e9es \u00e9galement couches d\u2019informations, qui identifient et classent tous les \u00e9l\u00e9ments qui constituent le territoire. C\u2019est la superposition de ces couches, li\u00e9es g\u00e9ographiquement, qui va repr\u00e9senter le territoire et permettre le traitement de nombreuses probl\u00e9matiques de tous ordres (naturels, \u00e9conomiques, urbanistiques, etc.).<\/p>\n<h3 style=\"text-align: justify;\"><\/h3>\n<div id=\"ez-toc-container\" class=\"ez-toc-v2_0_80 counter-hierarchy ez-toc-counter ez-toc-grey ez-toc-container-direction\">\n<div class=\"ez-toc-title-container\">\n<p class=\"ez-toc-title\" style=\"cursor:inherit\">Table of Contents<\/p>\n<span class=\"ez-toc-title-toggle\"><a href=\"#\" class=\"ez-toc-pull-right ez-toc-btn ez-toc-btn-xs ez-toc-btn-default ez-toc-toggle\" aria-label=\"Toggle Table of Content\"><span class=\"ez-toc-js-icon-con\"><span class=\"\"><span class=\"eztoc-hide\" style=\"display:none;\">Toggle<\/span><span class=\"ez-toc-icon-toggle-span\"><svg style=\"fill: #999;color:#999\" xmlns=\"http:\/\/www.w3.org\/2000\/svg\" class=\"list-377408\" width=\"20px\" height=\"20px\" viewBox=\"0 0 24 24\" fill=\"none\"><path d=\"M6 6H4v2h2V6zm14 0H8v2h12V6zM4 11h2v2H4v-2zm16 0H8v2h12v-2zM4 16h2v2H4v-2zm16 0H8v2h12v-2z\" fill=\"currentColor\"><\/path><\/svg><svg style=\"fill: #999;color:#999\" class=\"arrow-unsorted-368013\" xmlns=\"http:\/\/www.w3.org\/2000\/svg\" width=\"10px\" height=\"10px\" viewBox=\"0 0 24 24\" version=\"1.2\" baseProfile=\"tiny\"><path d=\"M18.2 9.3l-6.2-6.3-6.2 6.3c-.2.2-.3.4-.3.7s.1.5.3.7c.2.2.4.3.7.3h11c.3 0 .5-.1.7-.3.2-.2.3-.5.3-.7s-.1-.5-.3-.7zM5.8 14.7l6.2 6.3 6.2-6.3c.2-.2.3-.5.3-.7s-.1-.5-.3-.7c-.2-.2-.4-.3-.7-.3h-11c-.3 0-.5.1-.7.3-.2.2-.3.5-.3.7s.1.5.3.7z\"\/><\/svg><\/span><\/span><\/span><\/a><\/span><\/div>\n<nav><ul class='ez-toc-list ez-toc-list-level-1 ' ><li class='ez-toc-page-1 ez-toc-heading-level-3'><a class=\"ez-toc-link ez-toc-heading-1\" href=\"https:\/\/www.smiden.fr\/site\/index.php\/mission-si\/#Quelles_utilisations\" >Quelles\u00a0utilisations ?<\/a><\/li><li class='ez-toc-page-1 ez-toc-heading-level-3'><a class=\"ez-toc-link ez-toc-heading-2\" href=\"https:\/\/www.smiden.fr\/site\/index.php\/mission-si\/#Quelles_vocations\" >Quelles vocations ?<\/a><\/li><li class='ez-toc-page-1 ez-toc-heading-level-3'><a class=\"ez-toc-link ez-toc-heading-3\" href=\"https:\/\/www.smiden.fr\/site\/index.php\/mission-si\/#Historique_de_la_mise_en_place\" >Historique de la\u00a0mise\u00a0en place<\/a><\/li><\/ul><\/nav><\/div>\n<h3 style=\"text-align: justify;\"><span class=\"ez-toc-section\" id=\"Quelles_utilisations\"><\/span><strong><span style=\"color: #000000;\">Quelles\u00a0utilisations ?<\/span><\/strong><span class=\"ez-toc-section-end\"><\/span><\/h3>\n<p style=\"text-align: justify;\">Le spectre des SIG est extr\u00eamement vaste, il recouvre la strat\u00e9gie militaire, l\u2019approche arch\u00e9ologique, l\u2019analyse des ph\u00e9nom\u00e8nes environnementaux, climatiques et m\u00e9t\u00e9orologiques mais aussi de sant\u00e9 publique avec le risque \u00e9pid\u00e9miologique, les probl\u00e9matiques li\u00e9es aux risques naturels, technologiques et industriels, les politiques du d\u00e9ploiement commercial au travers le g\u00e9omarketing, les services de s\u00e9curit\u00e9 et de secours ainsi que la gestion des ressources et des \u00e9nergies, le d\u00e9veloppement et l\u2019exploitation de tous les types\u00a0de r\u00e9seaux et enfin les op\u00e9rations d\u2019am\u00e9nagements, pour ne citer que les principaux domaines d\u2019utilisation.<\/p>\n<p style=\"text-align: justify;\">Ainsi, c\u2019est naturellement que les collectivit\u00e9s territoriales se sont port\u00e9es sur cette technologie, devenant depuis le d\u00e9but des ann\u00e9es 2000, des utilisateurs de premier plan.<\/p>\n<h3 style=\"text-align: justify;\"><\/h3>\n<h3 style=\"text-align: justify;\"><span class=\"ez-toc-section\" id=\"Quelles_vocations\"><\/span><span style=\"color: #000000;\"><strong>Quelles vocations ?<\/strong><\/span><span class=\"ez-toc-section-end\"><\/span><\/h3>\n<p><span style=\"color: #ff9900;\"><strong>&gt;<\/strong><\/span> Informatiser le maximum des donn\u00e9es g\u00e9ographiques qui sont utilis\u00e9es par les communes et intercommunalit\u00e9s dans le cadre de leur mission de service public, pour g\u00e9n\u00e9rer plus\u00a0d\u2019efficacit\u00e9s, gains de temps et in fine un service de meilleure qualit\u00e9.<br \/>\n<span style=\"color: #ff9900;\"><strong>&gt;<\/strong><\/span> Favoriser et accro\u00eetre la connaissance du territoire pour abonder les projets appel\u00e9s \u00e0 soutenir son dynamisme et son d\u00e9veloppement\u00a0et aider \u00e0 la prise de d\u00e9cision.<br \/>\n<span style=\"color: #ff9900;\"><strong>&gt;<\/strong><\/span> R\u00e9aliser directement sur commande des traitements, \u00e9tudes et documents divers \u00e9pargnant aux collectivit\u00e9s membres de recourir \u00e0 des prestataires.<br \/>\n<span style=\"color: #ff9900;\"><strong>&gt;<\/strong><\/span> Mettre \u00e0 disposition l\u2019expertise de son chef projet au service des collectivit\u00e9s membres dans le cadre de march\u00e9s donnant lieu \u00e0 production de donn\u00e9es g\u00e9ographiques.<br \/>\n<span style=\"color: #ff9900;\"><strong>&gt;<\/strong><\/span> Produire les documents cartographiques soit en r\u00e9ponse \u00e0 des proc\u00e9dures et r\u00e9glementations norm\u00e9es soit en r\u00e9ponse \u00e0 des besoins internes.<\/p>\n<h3><span class=\"ez-toc-section\" id=\"Historique_de_la_mise_en_place\"><\/span><strong><img fetchpriority=\"high\" decoding=\"async\" class=\"wp-image-878 alignleft\" src=\"http:\/\/smiden.fr\/site\/wp-content\/uploads\/2017\/01\/sig.jpg\" alt=\"\" width=\"360\" height=\"303\" \/><span style=\"color: #000000;\">Historique de la\u00a0mise\u00a0en place<\/span><\/strong><span class=\"ez-toc-section-end\"><\/span><\/h3>\n<p>C\u2019est \u00e0 partir du dernier trimestre de l\u2019ann\u00e9e 2007 que les SIG ont rejoint les missions du syndicat, dans le m\u00eame temps que son extension au territoire de la Communaut\u00e9 de communes de l\u2019Or\u00e9e de Berc\u00e9 Belinois.<\/p>\n<p>Il s\u2019agit essentiellement d\u2019une mission d\u2019administration et d\u2019exploitation, au sens large et pour le compte des collectivit\u00e9s qui composent le syndicat, des donn\u00e9es dont elles sont propri\u00e9taires.<\/p>\n<p>Les SIG ainsi constitu\u00e9s sont propres aux intercommunalit\u00e9s, parfaitement ind\u00e9pendants et leur architecture repose sur le plan cadastral informatis\u00e9 (produit PCI vecteur) de la Direction G\u00e9n\u00e9rale des Finances Publiques (DGFIP), r\u00e9f\u00e9rentiel cartographique incontournable des collectivit\u00e9s territoriales. L\u2019acquisition de cette donn\u00e9e fondamentale fait l\u2019objet depuis 2005 de conventions tripartites, entre les intercommunalit\u00e9s augment\u00e9es de divers partenaires dits associ\u00e9s,\u00a0 le Conseil G\u00e9n\u00e9ral de la Sarthe et la DGFIP, qui ont notamment favoris\u00e9 le d\u00e9veloppement des SIG sur le d\u00e9partement.<\/p>\n<!-- Aucun m\u00e9dia \u00e0 afficher... Quel ennui ! :( -->\n","protected":false},"excerpt":{"rendered":"<p>Les SIG renvoient aux m\u00e9tiers de la G\u00e9omatique (GEOgraphie + inforMATIQUE), discipline qui rel\u00e8ve de l\u2019exploitation crois\u00e9e de donn\u00e9es g\u00e9ographiques et de donn\u00e9es descriptives au b\u00e9n\u00e9fice de la connaissance des territoires et de la gestion de leurs ressources. La mise en \u0153uvre d\u2019un SIG repose sur la conceptualisation de th\u00e9matiques, [&hellip;]<\/p>\n","protected":false},"author":1,"featured_media":0,"parent":0,"menu_order":0,"comment_status":"closed","ping_status":"closed","template":"templates\/template-full-notitle.php","meta":{"_uag_custom_page_level_css":"","footnotes":""},"class_list":["post-607","page","type-page","status-publish","hentry","post"],"uagb_featured_image_src":{"full":false,"thumbnail":false,"medium":false,"medium_large":false,"large":false,"1536x1536":false,"2048x2048":false,"post-thumbnail":false,"vantage-thumbnail-no-sidebar":false,"vantage-slide":false,"vantage-carousel":false,"vantage-grid-loop":false,"mailpoet_newsletter_max":false,"sow-carousel-default":false},"uagb_author_info":{"display_name":"avallienne","author_link":"https:\/\/www.smiden.fr\/site\/index.php\/author\/avallienne\/"},"uagb_comment_info":0,"uagb_excerpt":"Les SIG renvoient aux m\u00e9tiers de la G\u00e9omatique (GEOgraphie + inforMATIQUE), discipline qui rel\u00e8ve de l\u2019exploitation crois\u00e9e de donn\u00e9es g\u00e9ographiques et de donn\u00e9es descriptives au b\u00e9n\u00e9fice de la connaissance des territoires et de la gestion de leurs ressources. La mise en \u0153uvre d\u2019un SIG repose sur la conceptualisation de th\u00e9matiques, [&hellip;]","_links":{"self":[{"href":"https:\/\/www.smiden.fr\/site\/index.php\/wp-json\/wp\/v2\/pages\/607","targetHints":{"allow":["GET"]}}],"collection":[{"href":"https:\/\/www.smiden.fr\/site\/index.php\/wp-json\/wp\/v2\/pages"}],"about":[{"href":"https:\/\/www.smiden.fr\/site\/index.php\/wp-json\/wp\/v2\/types\/page"}],"author":[{"embeddable":true,"href":"https:\/\/www.smiden.fr\/site\/index.php\/wp-json\/wp\/v2\/users\/1"}],"replies":[{"embeddable":true,"href":"https:\/\/www.smiden.fr\/site\/index.php\/wp-json\/wp\/v2\/comments?post=607"}],"version-history":[{"count":17,"href":"https:\/\/www.smiden.fr\/site\/index.php\/wp-json\/wp\/v2\/pages\/607\/revisions"}],"predecessor-version":[{"id":3707,"href":"https:\/\/www.smiden.fr\/site\/index.php\/wp-json\/wp\/v2\/pages\/607\/revisions\/3707"}],"wp:attachment":[{"href":"https:\/\/www.smiden.fr\/site\/index.php\/wp-json\/wp\/v2\/media?parent=607"}],"curies":[{"name":"wp","href":"https:\/\/api.w.org\/{rel}","templated":true}]}}