{"id":605,"date":"2017-01-30T11:38:29","date_gmt":"2017-01-30T10:38:29","guid":{"rendered":"http:\/\/smiden.fr\/site\/?page_id=605"},"modified":"2018-01-29T11:24:44","modified_gmt":"2018-01-29T10:24:44","slug":"missions-pole-technique","status":"publish","type":"page","link":"https:\/\/www.smiden.fr\/site\/index.php\/missions-pole-technique\/","title":{"rendered":"Missions"},"content":{"rendered":"<div id=\"gab-content\">\n<div id=\"ez-toc-container\" class=\"ez-toc-v2_0_80 counter-hierarchy ez-toc-counter ez-toc-grey ez-toc-container-direction\">\n<div class=\"ez-toc-title-container\">\n<p class=\"ez-toc-title\" style=\"cursor:inherit\">Table of Contents<\/p>\n<span class=\"ez-toc-title-toggle\"><a href=\"#\" class=\"ez-toc-pull-right ez-toc-btn ez-toc-btn-xs ez-toc-btn-default ez-toc-toggle\" aria-label=\"Toggle Table of Content\"><span class=\"ez-toc-js-icon-con\"><span class=\"\"><span class=\"eztoc-hide\" style=\"display:none;\">Toggle<\/span><span class=\"ez-toc-icon-toggle-span\"><svg style=\"fill: #999;color:#999\" xmlns=\"http:\/\/www.w3.org\/2000\/svg\" class=\"list-377408\" width=\"20px\" height=\"20px\" viewBox=\"0 0 24 24\" fill=\"none\"><path d=\"M6 6H4v2h2V6zm14 0H8v2h12V6zM4 11h2v2H4v-2zm16 0H8v2h12v-2zM4 16h2v2H4v-2zm16 0H8v2h12v-2z\" fill=\"currentColor\"><\/path><\/svg><svg style=\"fill: #999;color:#999\" class=\"arrow-unsorted-368013\" xmlns=\"http:\/\/www.w3.org\/2000\/svg\" width=\"10px\" height=\"10px\" viewBox=\"0 0 24 24\" version=\"1.2\" baseProfile=\"tiny\"><path d=\"M18.2 9.3l-6.2-6.3-6.2 6.3c-.2.2-.3.4-.3.7s.1.5.3.7c.2.2.4.3.7.3h11c.3 0 .5-.1.7-.3.2-.2.3-.5.3-.7s-.1-.5-.3-.7zM5.8 14.7l6.2 6.3 6.2-6.3c.2-.2.3-.5.3-.7s-.1-.5-.3-.7c-.2-.2-.4-.3-.7-.3h-11c-.3 0-.5.1-.7.3-.2.2-.3.5-.3.7s.1.5.3.7z\"\/><\/svg><\/span><\/span><\/span><\/a><\/span><\/div>\n<nav><ul class='ez-toc-list ez-toc-list-level-1 ' ><li class='ez-toc-page-1 ez-toc-heading-level-3'><a class=\"ez-toc-link ez-toc-heading-1\" href=\"https:\/\/www.smiden.fr\/site\/index.php\/missions-pole-technique\/#Le_pole_technique_cest\" >Le p\u00f4le technique c&rsquo;est :<\/a><\/li><li class='ez-toc-page-1 ez-toc-heading-level-3'><a class=\"ez-toc-link ez-toc-heading-2\" href=\"https:\/\/www.smiden.fr\/site\/index.php\/missions-pole-technique\/#Retrospective\" >R\u00e9trospective<\/a><\/li><li class='ez-toc-page-1 ez-toc-heading-level-3'><a class=\"ez-toc-link ez-toc-heading-3\" href=\"https:\/\/www.smiden.fr\/site\/index.php\/missions-pole-technique\/#Apres_trois_ans_de_developpement_le_pole_technique_change_de_peau_et_accueille_un_DSI_delegue\" >Apr\u00e8s trois ans de d\u00e9veloppement, le p\u00f4le technique change de peau et accueille un DSI d\u00e9l\u00e9gu\u00e9.<\/a><\/li><li class='ez-toc-page-1 ez-toc-heading-level-3'><a class=\"ez-toc-link ez-toc-heading-4\" href=\"https:\/\/www.smiden.fr\/site\/index.php\/missions-pole-technique\/#Remerciements\" >Remerciements<\/a><\/li><\/ul><\/nav><\/div>\n<h3><span class=\"ez-toc-section\" id=\"Le_pole_technique_cest\"><\/span><span style=\"color: #000000;\"><strong><br \/>\n<\/strong>Le p\u00f4le technique c&rsquo;est :<\/span><span class=\"ez-toc-section-end\"><\/span><\/h3>\n<blockquote><p>2 techniciens au sein du p\u00f4le : Fabrice Lamach\u00e8re (responsable du p\u00f4le technique), Pernelle\u00a0Hidoux (technicienne)<br \/>\n<span style=\"color: #ff9900;\"><strong>&gt;<\/strong><\/span> 2 collectivit\u00e9s adh\u00e9rentes<br \/>\n<span style=\"color: #ff9900;\"><strong>&gt;<\/strong><\/span> Plus de 590 interventions effectu\u00e9es sur l&rsquo;ann\u00e9e 2017<br \/>\n<span style=\"color: #ff9900;\"><strong>&gt;<\/strong><\/span> 12 serveurs g\u00e9r\u00e9s<br \/>\n<span style=\"color: #ff9900;\"><strong>&gt;<\/strong><\/span> 4 syst\u00e8mes d&rsquo;exploitations dont trois libres : Ubuntu &#8211; CentOS et Proxmox<br \/>\n<span style=\"color: #ff9900;\"><strong>&gt;<\/strong><\/span> 1 syst\u00e8me de collaboration en ligne : Zimbra, h\u00e9berg\u00e9 par notre partenaire, <a href=\"http:\/\/www.starxpert.fr\/\" target=\"_blank\" rel=\"noopener\">StarXpert<\/a>, qui repr\u00e9sente actuellement plus de 250 comptes<\/p><\/blockquote>\n<h3><span class=\"ez-toc-section\" id=\"Retrospective\"><\/span><span style=\"color: #000000;\"><br \/>\nR\u00e9trospective<\/span><span class=\"ez-toc-section-end\"><\/span><\/h3>\n<p><img fetchpriority=\"high\" decoding=\"async\" class=\"wp-image-837 alignleft\" src=\"http:\/\/smiden.fr\/site\/wp-content\/uploads\/2017\/01\/pole-technique.jpg\" alt=\"\" width=\"300\" height=\"251\" srcset=\"https:\/\/www.smiden.fr\/site\/wp-content\/uploads\/2017\/01\/pole-technique.jpg 500w, https:\/\/www.smiden.fr\/site\/wp-content\/uploads\/2017\/01\/pole-technique-300x251.jpg 300w\" sizes=\"(max-width: 300px) 100vw, 300px\" \/>Depuis 2012, le SMiDeN compte un P\u00f4le Technique.<br \/>\nL&rsquo;objectif de ce service est\u00a0d&rsquo;assurer\u00a0le bon fonctionnement\u00a0des autres\u00a0p\u00f4les du SMiDeN et des collectivit\u00e9s adh\u00e9rentes.<\/p>\n<p>Les missions principales du p\u00f4le sont la r\u00e9paration, la mise en place et la v\u00e9rification du fonctionnement des ordinateurs, la veille technologique logiciel et mat\u00e9riel, l&rsquo;aide et les conseils fournis aux collectivit\u00e9s qui le souhaitent.<\/p>\n<div id=\"gab-content\">\n<p><strong><span style=\"color: #000000;\">Lors de la cr\u00e9ation du Syndicat\u00a0Mixte\u00a0du Sud-Est\u00a0Manceau\u00a0\u2013 <em>anc\u00eatre du SMiDeN, cr\u00e9\u00e9 en 1999 \u2013 <\/em>une\u00a0architecture mat\u00e9rielle\u00a0a \u00e9t\u00e9 mise en place en premier lieu \u00e0 destination des besoins en syst\u00e8me d&rsquo;information\u00a0(SI) du Cybercentre du Sud-Est Manceau.<\/span><\/strong><\/p>\n<\/div>\n<div id=\"block-content\">\n<p>Suite au d\u00e9veloppement des infrastructures r\u00e9seaux du Syndicat Mixte du Sud-Est Manceau, la Communaut\u00e9 de Communes du Sud-Est du Pays Manceau a \u00e9t\u00e9 dans l&rsquo;obligation de modifier son r\u00e9seau local pour limiter les risques\u00a0d&rsquo;acc\u00e8s\u00a0aux informations\u00a0confidentielles par les adh\u00e9rents\u00a0du Cybercentre. C&rsquo;est l&rsquo;origine d&rsquo;un service interne technique.<\/p>\n<p>Suite \u00e0 la r\u00e9flexion sur\u00a0un Syst\u00e8me\u00a0d&rsquo;information\u00a0G\u00e9ographique (SIG) par la Communaut\u00e9 de Communes du Sud-Est du Pays Manceau en 2005, un <a href=\"http:\/\/fr.wikipedia.org\/wiki\/Intranet\">Intranet<\/a>\u00a0a \u00e9t\u00e9 d\u00e9velopp\u00e9 autour du logiciel\u00a0de gestion d&rsquo;information g\u00e9ographique\u00a0\u00ab\u00a0Cart@Jour\u00a0\u00bb et plus particuli\u00e8rement sa version Online, d\u00e9velopp\u00e9 par la soci\u00e9t\u00e9\u00a0<a href=\"http:\/\/www.g2c.fr\/portail\/sommaireinf.php\">G2C informatique<\/a>. L&rsquo;ajout de cette\u00a0brique compl\u00e9mentaire\u00a0et novatrice pour une collectivit\u00e9 de cette\u00a0taille, bas\u00e9e sur\u00a0des serveurs linux <a href=\"http:\/\/www.debian.org\/index.fr.html\">Debian<\/a> et <a href=\"http:\/\/fr.redhat.com\/\">RedHat<\/a>, libres et gratuits, en remplacement\u00a0de serveur Microsoft Windows, a demand\u00e9 des interventions de maintenance plus complexes et plus sp\u00e9cialis\u00e9es.<\/p>\n<p>L&rsquo;int\u00e9gration de la Communaut\u00e9 de Communes de l&rsquo;Or\u00e9e de Berc\u00e9-Belinois au Syndicat Mixte du Sud-Est Manceau \u2013 qui devient alors le SMiDeN : Syndicat Mixte pour le D\u00e9veloppement Num\u00e9rique \u2013 demande de multiplier les machines et les puissances de calcul. En outre, il appara\u00eet n\u00e9cessaire d&rsquo;auditer les communes qui vont recevoir le nouveau Web-SIG pour s&rsquo;assurer du bon fonctionnement de celui-ci. L&rsquo;amorce d&rsquo;un P\u00f4le Technique transpara\u00eet alors. Le travail avec le P\u00f4le SIG et son charg\u00e9 de mission fait na\u00eetre des besoins compl\u00e9mentaires d&rsquo;interventions techniques (encore une fois, l&rsquo;installation novatrice du SMiDeN autour de multiples serveurs, d&rsquo;une base de donn\u00e9es d\u00e9port\u00e9e et d&rsquo;un logiciel de collaboration libre et gratuit, demande un travail sp\u00e9cifique aussi bien \u00e0 l&rsquo;animateur multim\u00e9dia d\u00e9l\u00e9gu\u00e9 qu&rsquo;\u00e0 la soci\u00e9t\u00e9 prestataire du SIG.)<\/p>\n<p><img decoding=\"async\" class=\" wp-image-1208 alignleft\" src=\"http:\/\/smiden.fr\/site\/wp-content\/uploads\/2017\/01\/technique.jpg\" alt=\"\" width=\"300\" height=\"258\" srcset=\"https:\/\/www.smiden.fr\/site\/wp-content\/uploads\/2017\/01\/technique.jpg 500w, https:\/\/www.smiden.fr\/site\/wp-content\/uploads\/2017\/01\/technique-300x259.jpg 300w\" sizes=\"(max-width: 300px) 100vw, 300px\" \/>Dans l&rsquo;intervalle, les communes du secteur, fortes du conseil prodigu\u00e9 lors de l&rsquo;audit Web-SIG, demandent ponctuellement l&rsquo;intervention du SMiDeN pour des conseils et l&rsquo;aide \u00e0 la mise en place de cahiers des charges pour favoriser leurs consultations.<\/p>\n<p>Le P\u00f4le Technique voit officiellement le jour au 01 janvier 2013, avec pour objectif de formaliser les interventions d\u00e9j\u00e0 en cours aupr\u00e8s des collectivit\u00e9s du secteur et en particulier des\u00a0<a href=\"http:\/\/www.smiden.fr\/?page_id=213\">collectivit\u00e9s adh\u00e9rentes<\/a>. Une nouvelle rigueur \u2013 gr\u00e2ce au logiciel GLPI et son compagnon Fusion Inventory, tous les deux issus du monde libre \u2013 s&rsquo;affiche pour permettre une intervention plus efficace, un suivi du mat\u00e9riel et un conseil optimal.<\/p>\n<\/div>\n<h3><span class=\"ez-toc-section\" id=\"Apres_trois_ans_de_developpement_le_pole_technique_change_de_peau_et_accueille_un_DSI_delegue\"><\/span><span style=\"color: black;\">Apr\u00e8s trois ans de d\u00e9veloppement, le p\u00f4le technique change de peau et accueille un DSI d\u00e9l\u00e9gu\u00e9.<\/span><span class=\"ez-toc-section-end\"><\/span><\/h3>\n<p>M.\u00a0Thomas Hebert, ancien responsable de collectivit\u00e9s de taille importantes, vient renforcer le p\u00f4le technique suite \u00e0 l&rsquo;audit de la soci\u00e9t\u00e9 M\u00e9dia2B (\u00a0en 2016 ). Un projet de SDSI (sch\u00e9ma directeur du Syst\u00e8me d&rsquo;Information) est lanc\u00e9. C&rsquo;est \u00e0 nouveau un projet ambitieux, puisqu&rsquo;il comprend la mise en place d&rsquo;une structure totalement d\u00e9localis\u00e9e par le biais de Datacenters, pour l&rsquo;ensemble des collectivit\u00e9s du SMiDeN. Une am\u00e9lioration massive des connexions Internet s&rsquo;impose alors.<\/p>\n<p>Une charte informatique plus compl\u00e8te prenant en compte les obligations l\u00e9gales mais aussi les besoins des services est en cours de r\u00e9daction.<\/p>\n<p>Le sch\u00e9ma directeur court sur les ann\u00e9es 2017 \u00e0 2020 et est le moteur d&rsquo;une \u00e9volution exceptionnelle des moyens et solutions propos\u00e9es pour des collectivit\u00e9s territoriales de cette importance.<\/p>\n<h3><span class=\"ez-toc-section\" id=\"Remerciements\"><\/span><span style=\"color: black;\">Remerciements<\/span><span class=\"ez-toc-section-end\"><\/span><\/h3>\n<p>Nous remercions ceux qui ont travaill\u00e9s \u00e0 l&rsquo;\u00e9volution de notre P\u00f4le : Mlle Fanny Nivault, pour son travail d&rsquo;informatique statistique, M. Rapha\u00ebl Zucchetti, pour son travail de technicien stagiaire. Les soci\u00e9t\u00e9s M\u00e9dia2B et Inotyko, dans le cadre de la r\u00e9alisation du SDSI. Les soci\u00e9t\u00e9s Dimoxilo, Xithi et Serveurcom pour le d\u00e9veloppement de l&rsquo;infrastructure d\u00e9localis\u00e9e.<\/p>\n<\/div>\n","protected":false},"excerpt":{"rendered":"<p>Le p\u00f4le technique c&rsquo;est : 2 techniciens au sein du p\u00f4le : Fabrice Lamach\u00e8re (responsable du p\u00f4le technique), Pernelle\u00a0Hidoux (technicienne) &gt; 2 collectivit\u00e9s adh\u00e9rentes &gt; Plus de 590 interventions effectu\u00e9es sur l&rsquo;ann\u00e9e 2017 &gt; 12 serveurs g\u00e9r\u00e9s &gt; 4 syst\u00e8mes d&rsquo;exploitations dont trois libres : Ubuntu &#8211; CentOS et Proxmox [&hellip;]<\/p>\n","protected":false},"author":1,"featured_media":0,"parent":0,"menu_order":0,"comment_status":"closed","ping_status":"closed","template":"templates\/template-full-notitle.php","meta":{"_uag_custom_page_level_css":"","footnotes":""},"class_list":["post-605","page","type-page","status-publish","hentry","post"],"uagb_featured_image_src":{"full":false,"thumbnail":false,"medium":false,"medium_large":false,"large":false,"1536x1536":false,"2048x2048":false,"post-thumbnail":false,"vantage-thumbnail-no-sidebar":false,"vantage-slide":false,"vantage-carousel":false,"vantage-grid-loop":false,"mailpoet_newsletter_max":false,"sow-carousel-default":false},"uagb_author_info":{"display_name":"avallienne","author_link":"https:\/\/www.smiden.fr\/site\/index.php\/author\/avallienne\/"},"uagb_comment_info":0,"uagb_excerpt":"Le p\u00f4le technique c&rsquo;est : 2 techniciens au sein du p\u00f4le : Fabrice Lamach\u00e8re (responsable du p\u00f4le technique), Pernelle\u00a0Hidoux (technicienne) &gt; 2 collectivit\u00e9s adh\u00e9rentes &gt; Plus de 590 interventions effectu\u00e9es sur l&rsquo;ann\u00e9e 2017 &gt; 12 serveurs g\u00e9r\u00e9s &gt; 4 syst\u00e8mes d&rsquo;exploitations dont trois libres : Ubuntu &#8211; CentOS et Proxmox [&hellip;]","_links":{"self":[{"href":"https:\/\/www.smiden.fr\/site\/index.php\/wp-json\/wp\/v2\/pages\/605","targetHints":{"allow":["GET"]}}],"collection":[{"href":"https:\/\/www.smiden.fr\/site\/index.php\/wp-json\/wp\/v2\/pages"}],"about":[{"href":"https:\/\/www.smiden.fr\/site\/index.php\/wp-json\/wp\/v2\/types\/page"}],"author":[{"embeddable":true,"href":"https:\/\/www.smiden.fr\/site\/index.php\/wp-json\/wp\/v2\/users\/1"}],"replies":[{"embeddable":true,"href":"https:\/\/www.smiden.fr\/site\/index.php\/wp-json\/wp\/v2\/comments?post=605"}],"version-history":[{"count":15,"href":"https:\/\/www.smiden.fr\/site\/index.php\/wp-json\/wp\/v2\/pages\/605\/revisions"}],"predecessor-version":[{"id":1888,"href":"https:\/\/www.smiden.fr\/site\/index.php\/wp-json\/wp\/v2\/pages\/605\/revisions\/1888"}],"wp:attachment":[{"href":"https:\/\/www.smiden.fr\/site\/index.php\/wp-json\/wp\/v2\/media?parent=605"}],"curies":[{"name":"wp","href":"https:\/\/api.w.org\/{rel}","templated":true}]}}