{"id":541,"date":"2017-01-13T17:30:44","date_gmt":"2017-01-13T16:30:44","guid":{"rendered":"http:\/\/smiden.fr\/site\/?page_id=541"},"modified":"2019-10-10T12:13:08","modified_gmt":"2019-10-10T10:13:08","slug":"tablette-tactile","status":"publish","type":"page","link":"https:\/\/www.smiden.fr\/site\/index.php\/animations\/tablette-tactile\/","title":{"rendered":"Tablette tactile"},"content":{"rendered":"<p style=\"text-align: justify;\">L\u2019\u00e9quipe d\u2019animation multim\u00e9dia vous propose d\u2019acqu\u00e9rir les connaissances de base n\u00e9cessaires \u00e0 la pratique et \u00e0 la ma\u00eetrise d&rsquo;une tablette en suivant des ateliers personnalis\u00e9s sous la forme de plusieurs <a href=\"https:\/\/www.smiden.fr\/site\/index.php\/tarifs\/\" target=\"_blank\" rel=\"noopener noreferrer\">rendez-vous individuels<\/a>.<\/p>\n<p style=\"text-align: justify;\">Vous poss\u00e9dez une tablette et vous souhaitez optimiser son utilisation ou bien vous ne disposez pas encore d&rsquo;une tablette mais vous \u00eates int\u00e9ress\u00e9s pour d\u00e9couvrir son environnement. L&rsquo;animateur lors du rendez-vous sera vous aider.<\/p>\n<blockquote><p><strong><span style=\"color: #ff9900;\">&gt; Ma\u00eetriser les principales fonctions.<\/span><\/strong><br \/>\n<strong><span style=\"color: #ff9900;\">&gt;\u00a0Se connecter \u00e0 un r\u00e9seau Wifi et utiliser internet.<\/span><\/strong><br \/>\n<strong><span style=\"color: #ff9900;\">&gt;\u00a0Personnaliser l&rsquo;interface graphique.<\/span><\/strong><br \/>\n<strong><span style=\"color: #ff9900;\">&gt;\u00a0S\u00e9curiser l&rsquo;acc\u00e8s et les donn\u00e9es de sa tablette.<\/span><\/strong><br \/>\n<strong><span style=\"color: #ff9900;\">&gt;\u00a0Prendre des photos et vid\u00e9os.<\/span><\/strong><\/p><\/blockquote>\n<p>Prenez rendez-vous d\u00e8s maintenant via notre\u00a0<a href=\"https:\/\/www.smiden.fr\/site\/index.php\/contactez-nous\/\" target=\"_blank\" rel=\"noopener noreferrer\">formulaire<\/a>.<\/p>\n","protected":false},"excerpt":{"rendered":"<p>L\u2019\u00e9quipe d\u2019animation multim\u00e9dia vous propose d\u2019acqu\u00e9rir les connaissances de base n\u00e9cessaires \u00e0 la pratique et \u00e0 la ma\u00eetrise d&rsquo;une tablette en suivant des ateliers personnalis\u00e9s sous la forme de plusieurs rendez-vous individuels. Vous poss\u00e9dez une tablette et vous souhaitez optimiser son utilisation ou bien vous ne disposez pas encore d&rsquo;une [&hellip;]<\/p>\n","protected":false},"author":1,"featured_media":0,"parent":666,"menu_order":0,"comment_status":"closed","ping_status":"closed","template":"templates\/template-full.php","meta":{"_uag_custom_page_level_css":"","footnotes":""},"class_list":["post-541","page","type-page","status-publish","hentry","post"],"uagb_featured_image_src":{"full":false,"thumbnail":false,"medium":false,"medium_large":false,"large":false,"1536x1536":false,"2048x2048":false,"post-thumbnail":false,"vantage-thumbnail-no-sidebar":false,"vantage-slide":false,"vantage-carousel":false,"vantage-grid-loop":false,"mailpoet_newsletter_max":false,"sow-carousel-default":false},"uagb_author_info":{"display_name":"avallienne","author_link":"https:\/\/www.smiden.fr\/site\/index.php\/author\/avallienne\/"},"uagb_comment_info":0,"uagb_excerpt":"L\u2019\u00e9quipe d\u2019animation multim\u00e9dia vous propose d\u2019acqu\u00e9rir les connaissances de base n\u00e9cessaires \u00e0 la pratique et \u00e0 la ma\u00eetrise d&rsquo;une tablette en suivant des ateliers personnalis\u00e9s sous la forme de plusieurs rendez-vous individuels. Vous poss\u00e9dez une tablette et vous souhaitez optimiser son utilisation ou bien vous ne disposez pas encore d&rsquo;une [&hellip;]","_links":{"self":[{"href":"https:\/\/www.smiden.fr\/site\/index.php\/wp-json\/wp\/v2\/pages\/541","targetHints":{"allow":["GET"]}}],"collection":[{"href":"https:\/\/www.smiden.fr\/site\/index.php\/wp-json\/wp\/v2\/pages"}],"about":[{"href":"https:\/\/www.smiden.fr\/site\/index.php\/wp-json\/wp\/v2\/types\/page"}],"author":[{"embeddable":true,"href":"https:\/\/www.smiden.fr\/site\/index.php\/wp-json\/wp\/v2\/users\/1"}],"replies":[{"embeddable":true,"href":"https:\/\/www.smiden.fr\/site\/index.php\/wp-json\/wp\/v2\/comments?post=541"}],"version-history":[{"count":21,"href":"https:\/\/www.smiden.fr\/site\/index.php\/wp-json\/wp\/v2\/pages\/541\/revisions"}],"predecessor-version":[{"id":2996,"href":"https:\/\/www.smiden.fr\/site\/index.php\/wp-json\/wp\/v2\/pages\/541\/revisions\/2996"}],"up":[{"embeddable":true,"href":"https:\/\/www.smiden.fr\/site\/index.php\/wp-json\/wp\/v2\/pages\/666"}],"wp:attachment":[{"href":"https:\/\/www.smiden.fr\/site\/index.php\/wp-json\/wp\/v2\/media?parent=541"}],"curies":[{"name":"wp","href":"https:\/\/api.w.org\/{rel}","templated":true}]}}