{"id":4560,"date":"2024-02-08T11:55:30","date_gmt":"2024-02-08T10:55:30","guid":{"rendered":"https:\/\/www.smiden.fr\/site\/?page_id=4560"},"modified":"2024-02-08T11:55:30","modified_gmt":"2024-02-08T10:55:30","slug":"montage-video","status":"publish","type":"page","link":"https:\/\/www.smiden.fr\/site\/index.php\/animations\/montage-video\/","title":{"rendered":"Montage vid\u00e9o"},"content":{"rendered":"<p><strong>Avec Canva, cr\u00e9ez facilement des vid\u00e9os gratuites et personnalis\u00e9es <\/strong>que vous pourrez importer dans diff\u00e9rents formats pour diverses plateformes (Youtube, Linkedin ou Facebook).<\/p>\n<p><img decoding=\"async\" class=\"alignnone wp-image-4375 size-medium\" src=\"https:\/\/www.smiden.fr\/site\/wp-content\/uploads\/2023\/04\/canva-capture-ecran-300x162.jpg\" alt=\"\" width=\"300\" height=\"162\" srcset=\"https:\/\/www.smiden.fr\/site\/wp-content\/uploads\/2023\/04\/canva-capture-ecran-300x162.jpg 300w, https:\/\/www.smiden.fr\/site\/wp-content\/uploads\/2023\/04\/canva-capture-ecran-768x414.jpg 768w, https:\/\/www.smiden.fr\/site\/wp-content\/uploads\/2023\/04\/canva-capture-ecran.jpg 867w\" sizes=\"(max-width: 300px) 100vw, 300px\" \/><\/p>\n<p>L\u2019<a href=\"https:\/\/www.canva.com\/fr_fr\/\" target=\"_blank\" rel=\"noopener\">outil Canva<\/a> vous propose des mod\u00e8les pr\u00e9d\u00e9finis qu\u2019il vous sera facile de personnaliser et d\u2019agr\u00e9menter selon vos choix (couleur, images et \u00e9l\u00e9ments de design, animations, effets sonores et musique).<\/p>\n<p>Une fois satisfait du r\u00e9sultat obtenu, il vous reste \u00e0 t\u00e9l\u00e9charger votre vid\u00e9o et \u00e0, la partager avec le plus grand nombre.<\/p>\n<p><img fetchpriority=\"high\" decoding=\"async\" class=\"alignnone size-medium wp-image-4377\" src=\"https:\/\/www.smiden.fr\/site\/wp-content\/uploads\/2023\/04\/canva-capture-ecran2-300x214.jpg\" alt=\"\" width=\"300\" height=\"214\" srcset=\"https:\/\/www.smiden.fr\/site\/wp-content\/uploads\/2023\/04\/canva-capture-ecran2-300x214.jpg 300w, https:\/\/www.smiden.fr\/site\/wp-content\/uploads\/2023\/04\/canva-capture-ecran2-1024x729.jpg 1024w, https:\/\/www.smiden.fr\/site\/wp-content\/uploads\/2023\/04\/canva-capture-ecran2-768x547.jpg 768w, https:\/\/www.smiden.fr\/site\/wp-content\/uploads\/2023\/04\/canva-capture-ecran2.jpg 1059w\" sizes=\"(max-width: 300px) 100vw, 300px\" \/><\/p>\n","protected":false},"excerpt":{"rendered":"<p>Avec Canva, cr\u00e9ez facilement des vid\u00e9os gratuites et personnalis\u00e9es que vous pourrez importer dans diff\u00e9rents formats pour diverses plateformes (Youtube, Linkedin ou Facebook). L\u2019outil Canva vous propose des mod\u00e8les pr\u00e9d\u00e9finis qu\u2019il vous sera facile de personnaliser et d\u2019agr\u00e9menter selon vos choix (couleur, images et \u00e9l\u00e9ments de design, animations, effets sonores [&hellip;]<\/p>\n","protected":false},"author":1,"featured_media":0,"parent":666,"menu_order":0,"comment_status":"closed","ping_status":"closed","template":"","meta":{"_uag_custom_page_level_css":"","footnotes":""},"class_list":["post-4560","page","type-page","status-publish","hentry","post"],"uagb_featured_image_src":{"full":false,"thumbnail":false,"medium":false,"medium_large":false,"large":false,"1536x1536":false,"2048x2048":false,"post-thumbnail":false,"vantage-thumbnail-no-sidebar":false,"vantage-slide":false,"vantage-carousel":false,"vantage-grid-loop":false,"mailpoet_newsletter_max":false,"sow-carousel-default":false},"uagb_author_info":{"display_name":"avallienne","author_link":"https:\/\/www.smiden.fr\/site\/index.php\/author\/avallienne\/"},"uagb_comment_info":0,"uagb_excerpt":"Avec Canva, cr\u00e9ez facilement des vid\u00e9os gratuites et personnalis\u00e9es que vous pourrez importer dans diff\u00e9rents formats pour diverses plateformes (Youtube, Linkedin ou Facebook). L\u2019outil Canva vous propose des mod\u00e8les pr\u00e9d\u00e9finis qu\u2019il vous sera facile de personnaliser et d\u2019agr\u00e9menter selon vos choix (couleur, images et \u00e9l\u00e9ments de design, animations, effets sonores [&hellip;]","_links":{"self":[{"href":"https:\/\/www.smiden.fr\/site\/index.php\/wp-json\/wp\/v2\/pages\/4560","targetHints":{"allow":["GET"]}}],"collection":[{"href":"https:\/\/www.smiden.fr\/site\/index.php\/wp-json\/wp\/v2\/pages"}],"about":[{"href":"https:\/\/www.smiden.fr\/site\/index.php\/wp-json\/wp\/v2\/types\/page"}],"author":[{"embeddable":true,"href":"https:\/\/www.smiden.fr\/site\/index.php\/wp-json\/wp\/v2\/users\/1"}],"replies":[{"embeddable":true,"href":"https:\/\/www.smiden.fr\/site\/index.php\/wp-json\/wp\/v2\/comments?post=4560"}],"version-history":[{"count":1,"href":"https:\/\/www.smiden.fr\/site\/index.php\/wp-json\/wp\/v2\/pages\/4560\/revisions"}],"predecessor-version":[{"id":4561,"href":"https:\/\/www.smiden.fr\/site\/index.php\/wp-json\/wp\/v2\/pages\/4560\/revisions\/4561"}],"up":[{"embeddable":true,"href":"https:\/\/www.smiden.fr\/site\/index.php\/wp-json\/wp\/v2\/pages\/666"}],"wp:attachment":[{"href":"https:\/\/www.smiden.fr\/site\/index.php\/wp-json\/wp\/v2\/media?parent=4560"}],"curies":[{"name":"wp","href":"https:\/\/api.w.org\/{rel}","templated":true}]}}