{"id":430,"date":"2017-01-12T16:20:43","date_gmt":"2017-01-12T15:20:43","guid":{"rendered":"http:\/\/smiden.fr\/site\/?page_id=430"},"modified":"2018-11-08T16:57:03","modified_gmt":"2018-11-08T15:57:03","slug":"prevention-internet","status":"publish","type":"page","link":"https:\/\/www.smiden.fr\/site\/index.php\/jeunesse\/prevention-internet\/","title":{"rendered":"Echanges num\u00e9riques"},"content":{"rendered":"<p><strong>Le SMiDeN, suite \u00e0 la demande du <a style=\"color: #ff9900;\" href=\"http:\/\/www.lerabelais.org\/\" target=\"_blank\" rel=\"noopener noreferrer\">Centre socioculturel Fran\u00e7ois Rabelais<\/a>\u00a0secteur famille, a initi\u00e9 une soir\u00e9e caf\u00e9-d\u00e9bat \u00e0 destination des parents sur la th\u00e9matique \u00ab\u00a0Les r\u00e9seaux sociaux et mon ado\u00a0\u00bb. Les parents pr\u00e9sents et l&rsquo;\u00e9quipe d&rsquo;animation ont pu \u00e9changer et partager leurs questions et connaissances sur l&rsquo;univers des r\u00e9seaux sociaux.<\/strong><\/p>\n<p>Qu&rsquo;est-ce qu&rsquo;un r\u00e9seau social ? Quel est son usage ? Quels sont les risques et les dangers ? Pourquoi mon y-est inscrit ? Dois-je \u00e9galement \u00eatre inscrit ? Comment aborder la question des r\u00e9seaux sociaux et son utilisation avec mon enfant ? Telles ont \u00e9t\u00e9 les diff\u00e9rentes questions pos\u00e9es lors de ces \u00e9changes.<\/p>\n<p>Pour mieux y r\u00e9pondre, une mise en situation a \u00e9t\u00e9 initi\u00e9e lors d&rsquo;une animation sp\u00e9cifique se d\u00e9roulant au sein du cybercentre \u00e0 Parign\u00e9-l&rsquo;Ev\u00eaque. Les parents ont ainsi cr\u00e9\u00e9 leur propre compte \u00ab\u00a0Facebook\u00a0\u00bb, d\u00e9couvert l&rsquo;interface du site, appris \u00e0 param\u00e9trer, et pos\u00e9 toutes les questions n\u00e9cessaires \u00e0 la bonne pratique des r\u00e9seaux sociaux.<\/p>\n<style id=\"bwg-style-0\">    #bwg_container1_0 #bwg_container2_0 .bwg-container-0.bwg-standard-thumbnails {      width: 904px;              justify-content: center;        margin:0 auto !important;              background-color: rgba(255, 255, 255, 0.00);            padding-left: 4px;      padding-top: 4px;      max-width: 100%;            }        #bwg_container1_0 #bwg_container2_0 .bwg-container-0.bwg-standard-thumbnails .bwg-item {    justify-content: flex-start;      max-width: 180px;            width: 180px !important;          }    #bwg_container1_0 #bwg_container2_0 .bwg-container-0.bwg-standard-thumbnails .bwg-item a {       margin-right: 4px;       margin-bottom: 4px;    }    #bwg_container1_0 #bwg_container2_0 .bwg-container-0.bwg-standard-thumbnails .bwg-item0 {      padding: 0px;            background-color:rgba(255,255,255, 0.30);      border: 0px none #CCCCCC;      opacity: 1.00;      border-radius: 0;      box-shadow: 0px 0px 0px #888888;    }    #bwg_container1_0 #bwg_container2_0 .bwg-container-0.bwg-standard-thumbnails .bwg-item1 img {      max-height: none;      max-width: none;      padding: 0 !important;    }        @media only screen and (min-width: 480px) {      #bwg_container1_0 #bwg_container2_0 .bwg-container-0.bwg-standard-thumbnails .bwg-item0 {        transition: all 0.3s ease 0s;-webkit-transition: all 0.3s ease 0s;      }      #bwg_container1_0 #bwg_container2_0 .bwg-container-0.bwg-standard-thumbnails .bwg-item0:hover {        -ms-transform: scale(1.1);        -webkit-transform: scale(1.1);        transform: scale(1.1);      }    }          #bwg_container1_0 #bwg_container2_0 .bwg-container-0.bwg-standard-thumbnails .bwg-item1 {      padding-top: 50%;    }        #bwg_container1_0 #bwg_container2_0 .bwg-container-0.bwg-standard-thumbnails .bwg-title2,    #bwg_container1_0 #bwg_container2_0 .bwg-container-0.bwg-standard-thumbnails .bwg-ecommerce2 {      color: #CCCCCC;      font-family: segoe ui;      font-size: 16px;      font-weight: bold;      padding: 2px;      text-shadow: 0px 0px 0px #888888;      max-height: 100%;    }    #bwg_container1_0 #bwg_container2_0 .bwg-container-0.bwg-standard-thumbnails .bwg-thumb-description span {    color: #323A45;    font-family: Ubuntu;    font-size: 12px;    max-height: 100%;    word-wrap: break-word;    }    #bwg_container1_0 #bwg_container2_0 .bwg-container-0.bwg-standard-thumbnails .bwg-play-icon2 {      font-size: 32px;    }    #bwg_container1_0 #bwg_container2_0 .bwg-container-0.bwg-standard-thumbnails .bwg-ecommerce2 {      font-size: 19.2px;      color: #CCCCCC;    }    <\/style>    <div id=\"bwg_container1_0\"         class=\"bwg_container bwg_thumbnail bwg_thumbnails \"         data-right-click-protection=\"0\"         data-bwg=\"0\"         data-scroll=\"0\"         data-gallery-type=\"thumbnails\"         data-gallery-view-type=\"thumbnails\"         data-current-url=\"\/site\/index.php\/wp-json\/wp\/v2\/pages\/430\"         data-lightbox-url=\"https:\/\/www.smiden.fr\/site\/wp-admin\/admin-ajax.php?action=GalleryBox&#038;current_view=0&#038;gallery_id=5&#038;tag=0&#038;theme_id=1&#038;shortcode_id=8&#038;sort_by=order&#038;order_by=asc&#038;current_url=%2Fsite%2Findex.php%2Fwp-json%2Fwp%2Fv2%2Fpages%2F430\"         data-gallery-id=\"5\"         data-popup-width=\"800\"         data-popup-height=\"500\"         data-is-album=\"gallery\"         data-buttons-position=\"bottom\">      <div id=\"bwg_container2_0\">             <div id=\"ajax_loading_0\" class=\"bwg_loading_div_1\">      <div class=\"bwg_loading_div_2\">        <div class=\"bwg_loading_div_3\">          <div id=\"loading_div_0\" class=\"bwg_spider_ajax_loading\">          <\/div>        <\/div>      <\/div>    <\/div>            <form id=\"gal_front_form_0\"              class=\"bwg-hidden\"              method=\"post\"              action=\"#\"              data-current=\"0\"              data-shortcode-id=\"8\"              data-gallery-type=\"thumbnails\"              data-gallery-id=\"5\"              data-tag=\"0\"              data-album-id=\"0\"              data-theme-id=\"1\"              data-ajax-url=\"https:\/\/www.smiden.fr\/site\/wp-admin\/admin-ajax.php?action=bwg_frontend_data\">          <div id=\"bwg_container3_0\" class=\"bwg-background bwg-background-0\">                <div data-max-count=\"5\"         data-thumbnail-width=\"180\"         data-bwg=\"0\"         data-gallery-id=\"5\"         data-lightbox-url=\"https:\/\/www.smiden.fr\/site\/wp-admin\/admin-ajax.php?action=GalleryBox&amp;current_view=0&amp;gallery_id=5&amp;tag=0&amp;theme_id=1&amp;shortcode_id=8&amp;sort_by=order&amp;order_by=asc&amp;current_url=%2Fsite%2Findex.php%2Fwp-json%2Fwp%2Fv2%2Fpages%2F430\"         id=\"bwg_thumbnails_0\"         class=\"bwg-container-0 bwg-thumbnails bwg-standard-thumbnails bwg-container bwg-border-box\">            <div class=\"bwg-item\">        <a class=\"bwg-a  bwg_lightbox\"  data-image-id=\"45\" href=\"https:\/\/www.smiden.fr\/site\/wp-content\/uploads\/photo-gallery\/WP_20160128_009.jpg\" data-elementor-open-lightbox=\"no\">                <div class=\"bwg-item0 \">          <div class=\"bwg-item1 \">            <div class=\"bwg-item2\">              <img decoding=\"async\" class=\"skip-lazy bwg_standart_thumb_img_0 \"                   data-id=\"45\"                   data-width=\"\"                   data-height=\"\"                   data-src=\"https:\/\/www.smiden.fr\/site\/wp-content\/uploads\/photo-gallery\/thumb\/WP_20160128_009.jpg\"                   src=\"https:\/\/www.smiden.fr\/site\/wp-content\/uploads\/photo-gallery\/thumb\/WP_20160128_009.jpg\"                   alt=\"WP 20160128 009\"                   title=\"WP 20160128 009\" \/>            <\/div>            <div class=\"\">                                                      <\/div>          <\/div>        <\/div>                        <\/a>              <\/div>            <div class=\"bwg-item\">        <a class=\"bwg-a  bwg_lightbox\"  data-image-id=\"43\" href=\"https:\/\/www.smiden.fr\/site\/wp-content\/uploads\/photo-gallery\/WP_20160128_012.jpg\" data-elementor-open-lightbox=\"no\">                <div class=\"bwg-item0 \">          <div class=\"bwg-item1 \">            <div class=\"bwg-item2\">              <img decoding=\"async\" class=\"skip-lazy bwg_standart_thumb_img_0 \"                   data-id=\"43\"                   data-width=\"\"                   data-height=\"\"                   data-src=\"https:\/\/www.smiden.fr\/site\/wp-content\/uploads\/photo-gallery\/thumb\/WP_20160128_012.jpg\"                   src=\"https:\/\/www.smiden.fr\/site\/wp-content\/uploads\/photo-gallery\/thumb\/WP_20160128_012.jpg\"                   alt=\"WP 20160128 012\"                   title=\"WP 20160128 012\" \/>            <\/div>            <div class=\"\">                                                      <\/div>          <\/div>        <\/div>                        <\/a>              <\/div>            <div class=\"bwg-item\">        <a class=\"bwg-a  bwg_lightbox\"  data-image-id=\"42\" href=\"https:\/\/www.smiden.fr\/site\/wp-content\/uploads\/photo-gallery\/WP_20160128_011.jpg\" data-elementor-open-lightbox=\"no\">                <div class=\"bwg-item0 \">          <div class=\"bwg-item1 \">            <div class=\"bwg-item2\">              <img decoding=\"async\" class=\"skip-lazy bwg_standart_thumb_img_0 \"                   data-id=\"42\"                   data-width=\"\"                   data-height=\"\"                   data-src=\"https:\/\/www.smiden.fr\/site\/wp-content\/uploads\/photo-gallery\/thumb\/WP_20160128_011.jpg\"                   src=\"https:\/\/www.smiden.fr\/site\/wp-content\/uploads\/photo-gallery\/thumb\/WP_20160128_011.jpg\"                   alt=\"WP 20160128 011\"                   title=\"WP 20160128 011\" \/>            <\/div>            <div class=\"\">                                                      <\/div>          <\/div>        <\/div>                        <\/a>              <\/div>            <div class=\"bwg-item\">        <a class=\"bwg-a  bwg_lightbox\"  data-image-id=\"41\" href=\"https:\/\/www.smiden.fr\/site\/wp-content\/uploads\/photo-gallery\/WP_20160128_013.jpg\" data-elementor-open-lightbox=\"no\">                <div class=\"bwg-item0 \">          <div class=\"bwg-item1 \">            <div class=\"bwg-item2\">              <img decoding=\"async\" class=\"skip-lazy bwg_standart_thumb_img_0 \"                   data-id=\"41\"                   data-width=\"\"                   data-height=\"\"                   data-src=\"https:\/\/www.smiden.fr\/site\/wp-content\/uploads\/photo-gallery\/thumb\/WP_20160128_013.jpg\"                   src=\"https:\/\/www.smiden.fr\/site\/wp-content\/uploads\/photo-gallery\/thumb\/WP_20160128_013.jpg\"                   alt=\"WP 20160128 013\"                   title=\"WP 20160128 013\" \/>            <\/div>            <div class=\"\">                                                      <\/div>          <\/div>        <\/div>                        <\/a>              <\/div>            <div class=\"bwg-item\">        <a class=\"bwg-a  bwg_lightbox\"  data-image-id=\"40\" href=\"https:\/\/www.smiden.fr\/site\/wp-content\/uploads\/photo-gallery\/WP_20160128_015.jpg\" data-elementor-open-lightbox=\"no\">                <div class=\"bwg-item0 \">          <div class=\"bwg-item1 \">            <div class=\"bwg-item2\">              <img decoding=\"async\" class=\"skip-lazy bwg_standart_thumb_img_0 \"                   data-id=\"40\"                   data-width=\"\"                   data-height=\"\"                   data-src=\"https:\/\/www.smiden.fr\/site\/wp-content\/uploads\/photo-gallery\/thumb\/WP_20160128_015.jpg\"                   src=\"https:\/\/www.smiden.fr\/site\/wp-content\/uploads\/photo-gallery\/thumb\/WP_20160128_015.jpg\"                   alt=\"WP 20160128 015\"                   title=\"WP 20160128 015\" \/>            <\/div>            <div class=\"\">                                                      <\/div>          <\/div>        <\/div>                        <\/a>              <\/div>            <div class=\"bwg-item\">        <a class=\"bwg-a  bwg_lightbox\"  data-image-id=\"39\" href=\"https:\/\/www.smiden.fr\/site\/wp-content\/uploads\/photo-gallery\/WP_20160128_014.jpg\" data-elementor-open-lightbox=\"no\">                <div class=\"bwg-item0 \">          <div class=\"bwg-item1 \">            <div class=\"bwg-item2\">              <img decoding=\"async\" class=\"skip-lazy bwg_standart_thumb_img_0 \"                   data-id=\"39\"                   data-width=\"\"                   data-height=\"\"                   data-src=\"https:\/\/www.smiden.fr\/site\/wp-content\/uploads\/photo-gallery\/thumb\/WP_20160128_014.jpg\"                   src=\"https:\/\/www.smiden.fr\/site\/wp-content\/uploads\/photo-gallery\/thumb\/WP_20160128_014.jpg\"                   alt=\"WP 20160128 014\"                   title=\"WP 20160128 014\" \/>            <\/div>            <div class=\"\">                                                      <\/div>          <\/div>        <\/div>                        <\/a>              <\/div>            <div class=\"bwg-item\">        <a class=\"bwg-a  bwg_lightbox\"  data-image-id=\"38\" href=\"https:\/\/www.smiden.fr\/site\/wp-content\/uploads\/photo-gallery\/WP_20160128_018.jpg\" data-elementor-open-lightbox=\"no\">                <div class=\"bwg-item0 \">          <div class=\"bwg-item1 \">            <div class=\"bwg-item2\">              <img decoding=\"async\" class=\"skip-lazy bwg_standart_thumb_img_0 \"                   data-id=\"38\"                   data-width=\"\"                   data-height=\"\"                   data-src=\"https:\/\/www.smiden.fr\/site\/wp-content\/uploads\/photo-gallery\/thumb\/WP_20160128_018.jpg\"                   src=\"https:\/\/www.smiden.fr\/site\/wp-content\/uploads\/photo-gallery\/thumb\/WP_20160128_018.jpg\"                   alt=\"WP 20160128 018\"                   title=\"WP 20160128 018\" \/>            <\/div>            <div class=\"\">                                                      <\/div>          <\/div>        <\/div>                        <\/a>              <\/div>            <div class=\"bwg-item\">        <a class=\"bwg-a  bwg_lightbox\"  data-image-id=\"37\" href=\"https:\/\/www.smiden.fr\/site\/wp-content\/uploads\/photo-gallery\/WP_20160128_017.jpg\" data-elementor-open-lightbox=\"no\">                <div class=\"bwg-item0 \">          <div class=\"bwg-item1 \">            <div class=\"bwg-item2\">              <img decoding=\"async\" class=\"skip-lazy bwg_standart_thumb_img_0 \"                   data-id=\"37\"                   data-width=\"\"                   data-height=\"\"                   data-src=\"https:\/\/www.smiden.fr\/site\/wp-content\/uploads\/photo-gallery\/thumb\/WP_20160128_017.jpg\"                   src=\"https:\/\/www.smiden.fr\/site\/wp-content\/uploads\/photo-gallery\/thumb\/WP_20160128_017.jpg\"                   alt=\"WP 20160128 017\"                   title=\"WP 20160128 017\" \/>            <\/div>            <div class=\"\">                                                      <\/div>          <\/div>        <\/div>                        <\/a>              <\/div>            <div class=\"bwg-item\">        <a class=\"bwg-a  bwg_lightbox\"  data-image-id=\"36\" href=\"https:\/\/www.smiden.fr\/site\/wp-content\/uploads\/photo-gallery\/WP_20160128_019.jpg\" data-elementor-open-lightbox=\"no\">                <div class=\"bwg-item0 \">          <div class=\"bwg-item1 \">            <div class=\"bwg-item2\">              <img decoding=\"async\" class=\"skip-lazy bwg_standart_thumb_img_0 \"                   data-id=\"36\"                   data-width=\"\"                   data-height=\"\"                   data-src=\"https:\/\/www.smiden.fr\/site\/wp-content\/uploads\/photo-gallery\/thumb\/WP_20160128_019.jpg\"                   src=\"https:\/\/www.smiden.fr\/site\/wp-content\/uploads\/photo-gallery\/thumb\/WP_20160128_019.jpg\"                   alt=\"WP 20160128 019\"                   title=\"WP 20160128 019\" \/>            <\/div>            <div class=\"\">                                                      <\/div>          <\/div>        <\/div>                        <\/a>              <\/div>            <div class=\"bwg-item\">        <a class=\"bwg-a  bwg_lightbox\"  data-image-id=\"35\" href=\"https:\/\/www.smiden.fr\/site\/wp-content\/uploads\/photo-gallery\/WP_20160128_016.jpg\" data-elementor-open-lightbox=\"no\">                <div class=\"bwg-item0 \">          <div class=\"bwg-item1 \">            <div class=\"bwg-item2\">              <img decoding=\"async\" class=\"skip-lazy bwg_standart_thumb_img_0 \"                   data-id=\"35\"                   data-width=\"\"                   data-height=\"\"                   data-src=\"https:\/\/www.smiden.fr\/site\/wp-content\/uploads\/photo-gallery\/thumb\/WP_20160128_016.jpg\"                   src=\"https:\/\/www.smiden.fr\/site\/wp-content\/uploads\/photo-gallery\/thumb\/WP_20160128_016.jpg\"                   alt=\"WP 20160128 016\"                   title=\"WP 20160128 016\" \/>            <\/div>            <div class=\"\">                                                      <\/div>          <\/div>        <\/div>                        <\/a>              <\/div>          <\/div>    <style>      \/*pagination styles*\/      #bwg_container1_0 #bwg_container2_0 .tablenav-pages_0 {\t\t\t\ttext-align: center;\t\t\t\tfont-size: 12px;\t\t\t\tfont-family: segoe ui;\t\t\t\tfont-weight: bold;\t\t\t\tcolor: #666666;\t\t\t\tmargin: 6px 0 4px;\t\t\t\tdisplay: block;      }      @media only screen and (max-width : 320px) {      #bwg_container1_0 #bwg_container2_0 .displaying-num_0 {     \t display: none;      }      }      #bwg_container1_0 #bwg_container2_0 .displaying-num_0 {\t\t\t\tfont-size: 12px;\t\t\t\tfont-family: segoe ui;\t\t\t\tfont-weight: bold;\t\t\t\tcolor: #666666;\t\t\t\tmargin-right: 10px;\t\t\t\tvertical-align: middle;      }      #bwg_container1_0 #bwg_container2_0 .paging-input_0 {\t\t\t\tfont-size: 12px;\t\t\t\tfont-family: segoe ui;\t\t\t\tfont-weight: bold;\t\t\t\tcolor: #666666;\t\t\t\tvertical-align: middle;      }      #bwg_container1_0 #bwg_container2_0 .tablenav-pages_0 a.disabled,      #bwg_container1_0 #bwg_container2_0 .tablenav-pages_0 a.disabled:hover,      #bwg_container1_0 #bwg_container2_0 .tablenav-pages_0 a.disabled:focus,\t\t\t#bwg_container1_0 #bwg_container2_0 .tablenav-pages_0 input.bwg_current_page {\t\t\t\tcursor: default;\t\t\t\tcolor: rgba(102, 102, 102, 0.5);      }      #bwg_container1_0 #bwg_container2_0 .tablenav-pages_0 a,      #bwg_container1_0 #bwg_container2_0 .tablenav-pages_0 input.bwg_current_page {\t\t\t\tcursor: pointer;\t\t\t\ttext-align: center;\t\t\t\tfont-size: 12px;\t\t\t\tfont-family: segoe ui;\t\t\t\tfont-weight: bold;\t\t\t\tcolor: #666666;\t\t\t\ttext-decoration: none;\t\t\t\tpadding: 3px 6px;\t\t\t\tmargin: 0;\t\t\t\tborder-radius: 0;\t\t\t\tborder-style: solid;\t\t\t\tborder-width: 1px;\t\t\t\tborder-color: #E3E3E3;\t\t\t\t\t\t\t\tbackground-color: rgba(255, 255, 255, 1.00);\t\t\t\tbox-shadow: 0;\t\t\t\ttransition: all 0.3s ease 0s;-webkit-transition: all 0.3s ease 0s;      }      <\/style>      <span class=\"bwg_nav_cont_0\">              <div class=\"tablenav-pages_0\">                  <\/div>                <input type=\"hidden\" id=\"page_number_0\" name=\"page_number_0\" value=\"1\" \/>      <script type=\"text\/javascript\">        if( jQuery('.bwg_nav_cont_0').length > 1 ) {          jQuery('.bwg_nav_cont_0').first().remove()        }        function spider_page_0(cur, x, y, load_more) {          if (typeof load_more == \"undefined\") {            var load_more = false;          }          if (jQuery(cur).hasClass('disabled')) {            return false;          }          var items_county_0 = 1;          switch (y) {            case 1:              if (x >= items_county_0) {                document.getElementById('page_number_0').value = items_county_0;              }              else {                document.getElementById('page_number_0').value = x + 1;              }              break;            case 2:              document.getElementById('page_number_0').value = items_county_0;              break;            case -1:              if (x == 1) {                document.getElementById('page_number_0').value = 1;              }              else {                document.getElementById('page_number_0').value = x - 1;              }              break;            case -2:              document.getElementById('page_number_0').value = 1;              break;\t\t\t\t\t\tcase 0:              document.getElementById('page_number_0').value = x;              break;            default:              document.getElementById('page_number_0').value = 1;          }          bwg_ajax('gal_front_form_0', '0', 'bwg_thumbnails_0', '0', '', 'gallery', 0, '', '', load_more, '', 1);        }                    jQuery('.first-page-0').on('click', function () {              spider_page_0(this, 1, -2, 'numeric');              return false;            });            jQuery('.prev-page-0').on('click', function () {              spider_page_0(this, 1, -1, 'numeric');              return false;            });            jQuery('.next-page-0').on('click', function () {              spider_page_0(this, 1, 1, 'numeric');              return false;            });            jQuery('.last-page-0').on('click', function () {              spider_page_0(this, 1, 2, 'numeric');              return false;            });        \t\t\t\t\/* Change page on input enter. *\/        function bwg_change_page_0( e, that ) {          if (  e.key == 'Enter' ) {            var to_page = parseInt(jQuery(that).val());            var pages_count = jQuery(that).parents(\".pagination-links\").data(\"pages-count\");            var current_url_param = jQuery(that).attr('data-url-info');            if (to_page > pages_count) {              to_page = 1;            }\t \t\t\t\t\t\t\t\t\t\t\t\tspider_page_0(this, to_page, 0, 'numeric');\t\t\t\t\t\t\treturn false;\t\t\t\t\t\t          }          return true;        }        jQuery('.bwg_load_btn_0').on('click', function () {            spider_page_0(this, 1, 1, true);            return false;        });      <\/script>      <\/span>                <\/div>        <\/form>        <style>          #bwg_container1_0 #bwg_container2_0 #spider_popup_overlay_0 {          background-color: #000000;          opacity: 0.70;          }          <\/style>        <div id=\"bwg_spider_popup_loading_0\" class=\"bwg_spider_popup_loading\"><\/div>        <div id=\"spider_popup_overlay_0\" class=\"spider_popup_overlay\" onclick=\"spider_destroypopup(1000)\"><\/div>        <input type=\"hidden\" id=\"bwg_random_seed_0\" value=\"1087913883\">                <\/div>    <\/div>    <script>      if (document.readyState === 'complete') {        if( typeof bwg_main_ready == 'function' ) {          if ( jQuery(\"#bwg_container1_0\").height() ) {            bwg_main_ready(jQuery(\"#bwg_container1_0\"));          }        }      } else {        document.addEventListener('DOMContentLoaded', function() {          if( typeof bwg_main_ready == 'function' ) {            if ( jQuery(\"#bwg_container1_0\").height() ) {             bwg_main_ready(jQuery(\"#bwg_container1_0\"));            }          }        });      }    <\/script>    \n<p><strong>Suite aux \u00e9chos favorables des parents et pour r\u00e9pondre aux\u00a0nouvelles demandes, l&rsquo;\u00e9quipe d&rsquo;animation multim\u00e9dia et le Rabelais proposent de nouvelles rencontres<\/strong>\u00a0<strong>dans le cadre de Caf\u00e9s-d\u00e9bats \u00e0 destination des parents et\/ou des enfants pour pr\u00e9venir des risques li\u00e9s au num\u00e9rique au juste d\u00e9couvrir un univers diff\u00e9rent.<\/strong><\/p>\n","protected":false},"excerpt":{"rendered":"<p>Le SMiDeN, suite \u00e0 la demande du Centre socioculturel Fran\u00e7ois Rabelais\u00a0secteur famille, a initi\u00e9 une soir\u00e9e caf\u00e9-d\u00e9bat \u00e0 destination des parents sur la th\u00e9matique \u00ab\u00a0Les r\u00e9seaux sociaux et mon ado\u00a0\u00bb. Les parents pr\u00e9sents et l&rsquo;\u00e9quipe d&rsquo;animation ont pu \u00e9changer et partager leurs questions et connaissances sur l&rsquo;univers des r\u00e9seaux sociaux. [&hellip;]<\/p>\n","protected":false},"author":1,"featured_media":0,"parent":938,"menu_order":0,"comment_status":"closed","ping_status":"closed","template":"templates\/template-full-notitle.php","meta":{"_uag_custom_page_level_css":"","footnotes":""},"class_list":["post-430","page","type-page","status-publish","hentry","post"],"uagb_featured_image_src":{"full":false,"thumbnail":false,"medium":false,"medium_large":false,"large":false,"1536x1536":false,"2048x2048":false,"post-thumbnail":false,"vantage-thumbnail-no-sidebar":false,"vantage-slide":false,"vantage-carousel":false,"vantage-grid-loop":false,"mailpoet_newsletter_max":false,"sow-carousel-default":false},"uagb_author_info":{"display_name":"avallienne","author_link":"https:\/\/www.smiden.fr\/site\/index.php\/author\/avallienne\/"},"uagb_comment_info":0,"uagb_excerpt":"Le SMiDeN, suite \u00e0 la demande du Centre socioculturel Fran\u00e7ois Rabelais\u00a0secteur famille, a initi\u00e9 une soir\u00e9e caf\u00e9-d\u00e9bat \u00e0 destination des parents sur la th\u00e9matique \u00ab\u00a0Les r\u00e9seaux sociaux et mon ado\u00a0\u00bb. Les parents pr\u00e9sents et l&rsquo;\u00e9quipe d&rsquo;animation ont pu \u00e9changer et partager leurs questions et connaissances sur l&rsquo;univers des r\u00e9seaux sociaux. [&hellip;]","_links":{"self":[{"href":"https:\/\/www.smiden.fr\/site\/index.php\/wp-json\/wp\/v2\/pages\/430","targetHints":{"allow":["GET"]}}],"collection":[{"href":"https:\/\/www.smiden.fr\/site\/index.php\/wp-json\/wp\/v2\/pages"}],"about":[{"href":"https:\/\/www.smiden.fr\/site\/index.php\/wp-json\/wp\/v2\/types\/page"}],"author":[{"embeddable":true,"href":"https:\/\/www.smiden.fr\/site\/index.php\/wp-json\/wp\/v2\/users\/1"}],"replies":[{"embeddable":true,"href":"https:\/\/www.smiden.fr\/site\/index.php\/wp-json\/wp\/v2\/comments?post=430"}],"version-history":[{"count":14,"href":"https:\/\/www.smiden.fr\/site\/index.php\/wp-json\/wp\/v2\/pages\/430\/revisions"}],"predecessor-version":[{"id":1326,"href":"https:\/\/www.smiden.fr\/site\/index.php\/wp-json\/wp\/v2\/pages\/430\/revisions\/1326"}],"up":[{"embeddable":true,"href":"https:\/\/www.smiden.fr\/site\/index.php\/wp-json\/wp\/v2\/pages\/938"}],"wp:attachment":[{"href":"https:\/\/www.smiden.fr\/site\/index.php\/wp-json\/wp\/v2\/media?parent=430"}],"curies":[{"name":"wp","href":"https:\/\/api.w.org\/{rel}","templated":true}]}}