{"id":429,"date":"2017-01-12T16:20:43","date_gmt":"2017-01-12T15:20:43","guid":{"rendered":"http:\/\/smiden.fr\/site\/?page_id=429"},"modified":"2017-02-15T12:37:15","modified_gmt":"2017-02-15T11:37:15","slug":"jeux-en-reseau","status":"publish","type":"page","link":"https:\/\/www.smiden.fr\/site\/index.php\/jeunesse\/jeux-en-reseau\/","title":{"rendered":"Jeux en ligne"},"content":{"rendered":"<p><strong><img fetchpriority=\"high\" decoding=\"async\" class=\" wp-image-602 alignleft\" src=\"http:\/\/smiden.fr\/site\/wp-content\/uploads\/2017\/01\/jeux-reseau.jpg\" alt=\"\" width=\"455\" height=\"256\" srcset=\"https:\/\/www.smiden.fr\/site\/wp-content\/uploads\/2017\/01\/jeux-reseau.jpg 450w, https:\/\/www.smiden.fr\/site\/wp-content\/uploads\/2017\/01\/jeux-reseau-300x169.jpg 300w\" sizes=\"(max-width: 455px) 100vw, 455px\" \/>L&rsquo;animation jeux en ligne est ouverte \u00e0 tous les joueurs int\u00e9ress\u00e9s par les MMORPG*.<\/strong><\/p>\n<p>Plusieurs jeux sont disponibles dans le catalogue des cybercentres il vous sera possible de jouer \u00e0 :\u00a0\u00ab\u00a0<span style=\"color: #ff9900;\"><strong><a style=\"color: #ff9900;\" href=\"http:\/\/www.swtor.com\/fr\" target=\"_blank\">Star Wars Old R\u00e9public<\/a><\/strong><\/span>\u00a0\u00bb | \u00ab\u00a0<span style=\"color: #ff9900;\"><strong><a style=\"color: #ff9900;\" href=\"http:\/\/ghost-recon.ubisoft.com\/wildlands\/fr-fr\/home\/index.aspx\" target=\"_blank\">GhostRecon<\/a><\/strong><\/span>\u00a0\u00bb<\/p>\n<p>Venez\u00a0aussi \u00e0 la d\u00e9couverte de multiples petits jeux.<\/p>\n<hr \/>\n<p><em>*Par d\u00e9finition, les jeux en ligne sont dot\u00e9s de leur propre langage\u00a0fait d&rsquo;abr\u00e9viations.<br \/>\n<\/em><br \/>\n<strong> Pour guider les nouveaux venus dans le monde des\u00a0jeux voici un petit lexique :<\/strong><br \/>\n<span style=\"color: #ff9900;\"><strong>MMORPG<\/strong><\/span> (Massively multiplayer online role-playing game) litt\u00e9ralement appel\u00e9 en fran\u00e7ais : jeu de r\u00f4le en ligne massivement multijoueur).<br \/>\n<em><span style=\"color: #ff9900;\">&gt; <a style=\"color: #ff9900;\" href=\"http:\/\/www.jeuxonline.info\/article\/2565\/mmorpg-mmog-criteres-definition\" target=\"_blank\">Suivre le lien<\/a><\/span><\/em><br \/>\n<span style=\"color: #ff9900;\"><strong>MMOFPS<\/strong><\/span> (Massively multiplayer online First-person shooter), appel\u00e9 en fran\u00e7ais : jeu de tir en ligne \u00e0 la premi\u00e8re personne.<br \/>\n<span style=\"color: #ff9900;\"><strong>MMORTS<\/strong><\/span> (Massively multiplayer online Real-Time Strategy)<br \/>\n<span style=\"color: #ff9900;\"><strong>DPS <\/strong><span style=\"color: #000000;\">(Dammage per second), traduit en dommages par seconde, il d\u00e9termine le ratio de \u00ab\u00a0point de dommages\u00a0\u00bb inflig\u00e9s au regard de la vitesse d&rsquo;utilisation d&rsquo;une arme.<\/span><\/span><\/p>\n<p><strong><img decoding=\"async\" class=\"alignnone wp-image-932\" src=\"http:\/\/smiden.fr\/site\/wp-content\/uploads\/2017\/01\/jeu-video.jpg\" alt=\"\" width=\"335\" height=\"246\" srcset=\"https:\/\/www.smiden.fr\/site\/wp-content\/uploads\/2017\/01\/jeu-video.jpg 500w, https:\/\/www.smiden.fr\/site\/wp-content\/uploads\/2017\/01\/jeu-video-300x220.jpg 300w\" sizes=\"(max-width: 335px) 100vw, 335px\" \/>\u00a0<img decoding=\"async\" class=\"alignnone wp-image-933\" src=\"http:\/\/smiden.fr\/site\/wp-content\/uploads\/2017\/01\/jeu-video2.jpg\" alt=\"\" width=\"335\" height=\"246\" srcset=\"https:\/\/www.smiden.fr\/site\/wp-content\/uploads\/2017\/01\/jeu-video2.jpg 500w, https:\/\/www.smiden.fr\/site\/wp-content\/uploads\/2017\/01\/jeu-video2-300x220.jpg 300w\" sizes=\"(max-width: 335px) 100vw, 335px\" \/><\/strong><\/p>\n<p><strong>Les classes de personnage :<\/strong>\u00a0<em> <span style=\"color: #ff9900;\">&gt; <a style=\"color: #ff9900;\" href=\"http:\/\/www.jeuxonline.info\/lexique\/mot\/Classe_personnage\" target=\"_blank\">Suivre le lien<\/a><\/span><\/em><br \/>\n<strong><span style=\"color: #ff9900;\">Tank<\/span><\/strong>\u00a0terme d\u00e9signant une cat\u00e9gorie de classes de personnages sp\u00e9cialis\u00e9e dans le combat de m\u00eal\u00e9e et inflige des dommages lourds \u00e0 l&rsquo;adversaire ou \u00e0 prot\u00e9ger en encaissant les coups.<br \/>\n<span style=\"color: #ff9900;\"><strong>Healer<\/strong><\/span> (en fran\u00e7ais : soigneur), d\u00e9signe g\u00e9n\u00e9ralement une cat\u00e9gorie de personnage dont le r\u00f4le consiste \u00e0 soutenir, gu\u00e9rir et soigner.<br \/>\n<span style=\"color: #ff9900;\"><strong>Rogue<\/strong><\/span>\u00a0d\u00e9signe une cat\u00e9gorie de classes de personnages dont les caract\u00e9ristiques reposent sur la ruse gr\u00e2ce \u00e0 leur capacit\u00e9 \u00e0 se d\u00e9placer silencieusement (voleur, espions, assassins, etc.)<br \/>\n<span style=\"color: #ff9900;\"><strong>Caster<\/strong><\/span> (en fran\u00e7ais : lancer un sort) regroupe l&rsquo;ensemble des utilisateurs de magie offensive ou jouant un r\u00f4le d&rsquo;artilleur.<\/p>\n<hr \/>\n<h3><span style=\"color: #000000;\">Pour allez plus loin<\/span><\/h3>\n<p><strong>Voici un listing des diff\u00e9rents types de jeux :<\/strong><\/p>\n<blockquote><p><span style=\"color: #ff9900;\"><strong>&gt;<\/strong><\/span> Action (combat, plateformes, tir, etc.)<br \/>\n<span style=\"color: #ff9900;\"><strong>&gt;<\/strong><\/span> Aventure (fiction int\u00e9ractive, aventure graphique, etc.)<br \/>\n<strong><span style=\"color: #ff9900;\">&gt;<\/span><\/strong> Action-aventure (infiltration, etc.)<br \/>\n<strong><span style=\"color: #ff9900;\">&gt;<\/span><\/strong> Jeu de r\u00f4le (tactique, multijoueur, etc.)<br \/>\n<strong><span style=\"color: #ff9900;\">&gt;<\/span><\/strong> R\u00e9flexion (labyrinthe, puzzle, etc.)<br \/>\n<strong><span style=\"color: #ff9900;\">&gt;<\/span><\/strong> Simulation (gestion v\u00e9hicule, etc.)<br \/>\n<strong><span style=\"color: #ff9900;\">&gt;<\/span><\/strong> Strat\u00e9gie (tour par tour, temps r\u00e9el, etc.)<br \/>\n<strong><span style=\"color: #ff9900;\">&gt;<\/span><\/strong> Autres : sport, etc.<\/p><\/blockquote>\n<p><strong>Les univers rencontr\u00e9s les plus courants :<\/strong><\/p>\n<blockquote><p><strong><span style=\"color: #ff9900;\">&gt;<\/span><\/strong> Cyberpunk<br \/>\n<span style=\"color: #ff9900;\"><strong>&gt;<\/strong><\/span> Fantaisie<br \/>\n<strong><span style=\"color: #ff9900;\">&gt;<\/span><\/strong> Horreur<br \/>\n<strong><span style=\"color: #ff9900;\">&gt;<\/span><\/strong> Mode<br \/>\n<span style=\"color: #ff9900;\"><strong>&gt;<\/strong><\/span> Musique<br \/>\n<strong><span style=\"color: #ff9900;\">&gt;<\/span><\/strong> Policier<br \/>\n<span style=\"color: #ff9900;\"><strong>&gt;<\/strong><\/span> Post-apocalyptique<br \/>\n<span style=\"color: #ff9900;\"><strong>&gt;<\/strong><\/span> Romance<br \/>\n<span style=\"color: #ff9900;\"><strong>&gt;<\/strong><\/span> Sciences fiction<\/p><\/blockquote>\n","protected":false},"excerpt":{"rendered":"<p>L&rsquo;animation jeux en ligne est ouverte \u00e0 tous les joueurs int\u00e9ress\u00e9s par les MMORPG*. Plusieurs jeux sont disponibles dans le catalogue des cybercentres il vous sera possible de jouer \u00e0 :\u00a0\u00ab\u00a0Star Wars Old R\u00e9public\u00a0\u00bb | \u00ab\u00a0GhostRecon\u00a0\u00bb Venez\u00a0aussi \u00e0 la d\u00e9couverte de multiples petits jeux. *Par d\u00e9finition, les jeux en ligne [&hellip;]<\/p>\n","protected":false},"author":1,"featured_media":0,"parent":938,"menu_order":0,"comment_status":"closed","ping_status":"closed","template":"templates\/template-full-notitle.php","meta":{"_uag_custom_page_level_css":"","footnotes":""},"class_list":["post-429","page","type-page","status-publish","hentry","post"],"uagb_featured_image_src":{"full":false,"thumbnail":false,"medium":false,"medium_large":false,"large":false,"1536x1536":false,"2048x2048":false,"post-thumbnail":false,"vantage-thumbnail-no-sidebar":false,"vantage-slide":false,"vantage-carousel":false,"vantage-grid-loop":false,"mailpoet_newsletter_max":false,"sow-carousel-default":false},"uagb_author_info":{"display_name":"avallienne","author_link":"https:\/\/www.smiden.fr\/site\/index.php\/author\/avallienne\/"},"uagb_comment_info":0,"uagb_excerpt":"L&rsquo;animation jeux en ligne est ouverte \u00e0 tous les joueurs int\u00e9ress\u00e9s par les MMORPG*. Plusieurs jeux sont disponibles dans le catalogue des cybercentres il vous sera possible de jouer \u00e0 :\u00a0\u00ab\u00a0Star Wars Old R\u00e9public\u00a0\u00bb | \u00ab\u00a0GhostRecon\u00a0\u00bb Venez\u00a0aussi \u00e0 la d\u00e9couverte de multiples petits jeux. *Par d\u00e9finition, les jeux en ligne [&hellip;]","_links":{"self":[{"href":"https:\/\/www.smiden.fr\/site\/index.php\/wp-json\/wp\/v2\/pages\/429","targetHints":{"allow":["GET"]}}],"collection":[{"href":"https:\/\/www.smiden.fr\/site\/index.php\/wp-json\/wp\/v2\/pages"}],"about":[{"href":"https:\/\/www.smiden.fr\/site\/index.php\/wp-json\/wp\/v2\/types\/page"}],"author":[{"embeddable":true,"href":"https:\/\/www.smiden.fr\/site\/index.php\/wp-json\/wp\/v2\/users\/1"}],"replies":[{"embeddable":true,"href":"https:\/\/www.smiden.fr\/site\/index.php\/wp-json\/wp\/v2\/comments?post=429"}],"version-history":[{"count":13,"href":"https:\/\/www.smiden.fr\/site\/index.php\/wp-json\/wp\/v2\/pages\/429\/revisions"}],"predecessor-version":[{"id":936,"href":"https:\/\/www.smiden.fr\/site\/index.php\/wp-json\/wp\/v2\/pages\/429\/revisions\/936"}],"up":[{"embeddable":true,"href":"https:\/\/www.smiden.fr\/site\/index.php\/wp-json\/wp\/v2\/pages\/938"}],"wp:attachment":[{"href":"https:\/\/www.smiden.fr\/site\/index.php\/wp-json\/wp\/v2\/media?parent=429"}],"curies":[{"name":"wp","href":"https:\/\/api.w.org\/{rel}","templated":true}]}}