{"id":427,"date":"2017-01-12T16:20:43","date_gmt":"2017-01-12T15:20:43","guid":{"rendered":"http:\/\/smiden.fr\/site\/?page_id=427"},"modified":"2019-10-10T12:16:09","modified_gmt":"2019-10-10T10:16:09","slug":"reseaux-sociaux","status":"publish","type":"page","link":"https:\/\/www.smiden.fr\/site\/index.php\/animations\/reseaux-sociaux\/","title":{"rendered":"R\u00e9seaux sociaux"},"content":{"rendered":"<p><img decoding=\"async\" class=\" wp-image-1382 alignleft\" src=\"https:\/\/www.smiden.fr\/site\/wp-content\/uploads\/2017\/06\/logo-fb.jpg\" alt=\"\" width=\"64\" height=\"64\" \/>R\u00e9seau social incontournable, <a href=\"https:\/\/www.facebook.com\/\" target=\"_blank\" rel=\"noopener noreferrer\">Facebook<\/a> s&rsquo;av\u00e8re un outil d&rsquo;\u00e9changes d&rsquo;informations personnelles (photos, vid\u00e9os, articles, etc.), destin\u00e9es \u00e0 \u00eatre publi\u00e9es en ligne pour mieux communiquer avec vos contacts, vos amis et relations.<br \/>\nVous pouvez suivre l&rsquo;atelier sous la forme d&rsquo;un accompagnement personnalis\u00e9 sous la forme de plusieurs <a href=\"https:\/\/www.smiden.fr\/site\/index.php\/tarifs\/\" target=\"_blank\" rel=\"noopener noreferrer\">rendez-vous individuels<\/a>.<\/p>\n<blockquote><p><strong><span style=\"color: #ff9900;\"><em>&gt; Cr\u00e9er un compte.<\/em><\/span><\/strong><br \/>\n<strong><span style=\"color: #ff9900;\"><em>&gt;\u00a0G\u00e9rer son profil.<\/em><\/span><\/strong><br \/>\n<strong><span style=\"color: #ff9900;\"><em>&gt;\u00a0Apprenez \u00e0 ma\u00eetriser les codes et la bonne utilisation de Facebook.<\/em><\/span><\/strong><br \/>\n<strong><span style=\"color: #ff9900;\"><em>&gt;\u00a0S\u00e9curiser ses donn\u00e9es personnelles et son acc\u00e8s.<\/em><\/span><\/strong><\/p><\/blockquote>\n<p>Prenez rendez-vous d\u00e8s maintenant via notre\u00a0<a href=\"https:\/\/www.smiden.fr\/site\/index.php\/contactez-nous\/\" target=\"_blank\" rel=\"noopener noreferrer\">formulaire<\/a>.<\/p>\n<p>&nbsp;<\/p>\n","protected":false},"excerpt":{"rendered":"<p>R\u00e9seau social incontournable, Facebook s&rsquo;av\u00e8re un outil d&rsquo;\u00e9changes d&rsquo;informations personnelles (photos, vid\u00e9os, articles, etc.), destin\u00e9es \u00e0 \u00eatre publi\u00e9es en ligne pour mieux communiquer avec vos contacts, vos amis et relations. Vous pouvez suivre l&rsquo;atelier sous la forme d&rsquo;un accompagnement personnalis\u00e9 sous la forme de plusieurs rendez-vous individuels. &gt; Cr\u00e9er un [&hellip;]<\/p>\n","protected":false},"author":1,"featured_media":0,"parent":666,"menu_order":0,"comment_status":"closed","ping_status":"closed","template":"templates\/template-full.php","meta":{"_uag_custom_page_level_css":"","footnotes":""},"class_list":["post-427","page","type-page","status-publish","hentry","post"],"uagb_featured_image_src":{"full":false,"thumbnail":false,"medium":false,"medium_large":false,"large":false,"1536x1536":false,"2048x2048":false,"post-thumbnail":false,"vantage-thumbnail-no-sidebar":false,"vantage-slide":false,"vantage-carousel":false,"vantage-grid-loop":false,"mailpoet_newsletter_max":false,"sow-carousel-default":false},"uagb_author_info":{"display_name":"avallienne","author_link":"https:\/\/www.smiden.fr\/site\/index.php\/author\/avallienne\/"},"uagb_comment_info":0,"uagb_excerpt":"R\u00e9seau social incontournable, Facebook s&rsquo;av\u00e8re un outil d&rsquo;\u00e9changes d&rsquo;informations personnelles (photos, vid\u00e9os, articles, etc.), destin\u00e9es \u00e0 \u00eatre publi\u00e9es en ligne pour mieux communiquer avec vos contacts, vos amis et relations. Vous pouvez suivre l&rsquo;atelier sous la forme d&rsquo;un accompagnement personnalis\u00e9 sous la forme de plusieurs rendez-vous individuels. &gt; Cr\u00e9er un [&hellip;]","_links":{"self":[{"href":"https:\/\/www.smiden.fr\/site\/index.php\/wp-json\/wp\/v2\/pages\/427","targetHints":{"allow":["GET"]}}],"collection":[{"href":"https:\/\/www.smiden.fr\/site\/index.php\/wp-json\/wp\/v2\/pages"}],"about":[{"href":"https:\/\/www.smiden.fr\/site\/index.php\/wp-json\/wp\/v2\/types\/page"}],"author":[{"embeddable":true,"href":"https:\/\/www.smiden.fr\/site\/index.php\/wp-json\/wp\/v2\/users\/1"}],"replies":[{"embeddable":true,"href":"https:\/\/www.smiden.fr\/site\/index.php\/wp-json\/wp\/v2\/comments?post=427"}],"version-history":[{"count":25,"href":"https:\/\/www.smiden.fr\/site\/index.php\/wp-json\/wp\/v2\/pages\/427\/revisions"}],"predecessor-version":[{"id":2998,"href":"https:\/\/www.smiden.fr\/site\/index.php\/wp-json\/wp\/v2\/pages\/427\/revisions\/2998"}],"up":[{"embeddable":true,"href":"https:\/\/www.smiden.fr\/site\/index.php\/wp-json\/wp\/v2\/pages\/666"}],"wp:attachment":[{"href":"https:\/\/www.smiden.fr\/site\/index.php\/wp-json\/wp\/v2\/media?parent=427"}],"curies":[{"name":"wp","href":"https:\/\/api.w.org\/{rel}","templated":true}]}}