{"id":426,"date":"2017-01-12T16:20:43","date_gmt":"2017-01-12T15:20:43","guid":{"rendered":"http:\/\/smiden.fr\/site\/?page_id=426"},"modified":"2019-10-10T12:17:15","modified_gmt":"2019-10-10T10:17:15","slug":"diaporamas","status":"publish","type":"page","link":"https:\/\/www.smiden.fr\/site\/index.php\/animations\/diaporamas\/","title":{"rendered":"Diaporama"},"content":{"rendered":"<p>Cet atelier vous guidera pas \u00e0 pas pour animer la pr\u00e9sentation de vos photos de vacances et tout \u00e9v\u00e9nement personnel, g\u00e9n\u00e9r\u00e9 en un film agr\u00e9ment\u00e9 de contenu texte, de musiques et d&rsquo;effets sonores et d&rsquo;effets de transition pour dynamiser votre pr\u00e9sentation.<br \/>\nVous pouvez suivre l\u2019atelier sous la forme d\u2019un accompagnement personnalis\u00e9 sous la forme de plusieurs\u00a0<a href=\"https:\/\/www.smiden.fr\/site\/index.php\/tarifs\/\" target=\"_blank\" rel=\"noopener noreferrer\">rendez-vous individuels<\/a>.<\/p>\n<blockquote><p><strong><span style=\"color: #ff9900;\"><em>&gt; Cr\u00e9er un diaporama \u00e0 partir d&rsquo;images et de photos.<\/em><\/span><\/strong><br \/>\n<strong><span style=\"color: #ff9900;\"><em>&gt;\u00a0Appliquer de la musique et des effets sonores.<\/em><\/span><\/strong><br \/>\n<strong><span style=\"color: #ff9900;\"><em>&gt;\u00a0Dynamiser sa pr\u00e9sentation par des effets d&rsquo;animations.<\/em><\/span><\/strong><br \/>\n<strong><span style=\"color: #ff9900;\"><em>&gt; Ajouter des effets de transition.<\/em><\/span><\/strong><\/p><\/blockquote>\n<p>Prenez rendez-vous d\u00e8s maintenant via notre\u00a0<a href=\"https:\/\/www.smiden.fr\/site\/index.php\/contactez-nous\/\" target=\"_blank\" rel=\"noopener noreferrer\">formulaire<\/a>.<\/p>\n","protected":false},"excerpt":{"rendered":"<p>Cet atelier vous guidera pas \u00e0 pas pour animer la pr\u00e9sentation de vos photos de vacances et tout \u00e9v\u00e9nement personnel, g\u00e9n\u00e9r\u00e9 en un film agr\u00e9ment\u00e9 de contenu texte, de musiques et d&rsquo;effets sonores et d&rsquo;effets de transition pour dynamiser votre pr\u00e9sentation. Vous pouvez suivre l\u2019atelier sous la forme d\u2019un accompagnement [&hellip;]<\/p>\n","protected":false},"author":1,"featured_media":0,"parent":666,"menu_order":0,"comment_status":"closed","ping_status":"closed","template":"templates\/template-full.php","meta":{"_uag_custom_page_level_css":"","footnotes":""},"class_list":["post-426","page","type-page","status-publish","hentry","post"],"uagb_featured_image_src":{"full":false,"thumbnail":false,"medium":false,"medium_large":false,"large":false,"1536x1536":false,"2048x2048":false,"post-thumbnail":false,"vantage-thumbnail-no-sidebar":false,"vantage-slide":false,"vantage-carousel":false,"vantage-grid-loop":false,"mailpoet_newsletter_max":false,"sow-carousel-default":false},"uagb_author_info":{"display_name":"avallienne","author_link":"https:\/\/www.smiden.fr\/site\/index.php\/author\/avallienne\/"},"uagb_comment_info":0,"uagb_excerpt":"Cet atelier vous guidera pas \u00e0 pas pour animer la pr\u00e9sentation de vos photos de vacances et tout \u00e9v\u00e9nement personnel, g\u00e9n\u00e9r\u00e9 en un film agr\u00e9ment\u00e9 de contenu texte, de musiques et d&rsquo;effets sonores et d&rsquo;effets de transition pour dynamiser votre pr\u00e9sentation. Vous pouvez suivre l\u2019atelier sous la forme d\u2019un accompagnement [&hellip;]","_links":{"self":[{"href":"https:\/\/www.smiden.fr\/site\/index.php\/wp-json\/wp\/v2\/pages\/426","targetHints":{"allow":["GET"]}}],"collection":[{"href":"https:\/\/www.smiden.fr\/site\/index.php\/wp-json\/wp\/v2\/pages"}],"about":[{"href":"https:\/\/www.smiden.fr\/site\/index.php\/wp-json\/wp\/v2\/types\/page"}],"author":[{"embeddable":true,"href":"https:\/\/www.smiden.fr\/site\/index.php\/wp-json\/wp\/v2\/users\/1"}],"replies":[{"embeddable":true,"href":"https:\/\/www.smiden.fr\/site\/index.php\/wp-json\/wp\/v2\/comments?post=426"}],"version-history":[{"count":26,"href":"https:\/\/www.smiden.fr\/site\/index.php\/wp-json\/wp\/v2\/pages\/426\/revisions"}],"predecessor-version":[{"id":2999,"href":"https:\/\/www.smiden.fr\/site\/index.php\/wp-json\/wp\/v2\/pages\/426\/revisions\/2999"}],"up":[{"embeddable":true,"href":"https:\/\/www.smiden.fr\/site\/index.php\/wp-json\/wp\/v2\/pages\/666"}],"wp:attachment":[{"href":"https:\/\/www.smiden.fr\/site\/index.php\/wp-json\/wp\/v2\/media?parent=426"}],"curies":[{"name":"wp","href":"https:\/\/api.w.org\/{rel}","templated":true}]}}