{"id":425,"date":"2017-01-12T16:20:43","date_gmt":"2017-01-12T15:20:43","guid":{"rendered":"http:\/\/smiden.fr\/site\/?page_id=425"},"modified":"2019-10-10T12:12:00","modified_gmt":"2019-10-10T10:12:00","slug":"photos","status":"publish","type":"page","link":"https:\/\/www.smiden.fr\/site\/index.php\/animations\/photos\/","title":{"rendered":"Classement photos"},"content":{"rendered":"<p>L\u2019\u00e9quipe d\u2019animation multim\u00e9dia vous propose d\u2019acqu\u00e9rir les connaissances de base n\u00e9cessaires \u00e0 la pratique et \u00e0 la ma\u00eetrise du classement dans l&rsquo;ordinateur en suivant des ateliers personnalis\u00e9s sous la forme de plusieurs <a href=\"https:\/\/www.smiden.fr\/site\/index.php\/tarifs\/\" target=\"_blank\" rel=\"noopener noreferrer\">rendez-vous individuels<\/a>.<\/p>\n<p>Apprenez\u00a0\u00e0 g\u00e9rer la sauvegarde et l&rsquo;organisation de vos photos avec des m\u00e9thodes simples, rapides et efficaces propos\u00e9es au cours du rendez-vous. Transf\u00e9rer vos photos vers son ordinateur personnel via des p\u00e9riph\u00e9riques (exemple : appareil photo num\u00e9rique) c&rsquo;est possible.<\/p>\n<blockquote><p><strong><em><span style=\"color: #ff9900;\">&gt; S\u00e9lectionner et trier ses photos.<\/span><\/em><\/strong><br \/>\n<strong><em><span style=\"color: #ff9900;\">&gt;\u00a0Rechercher et retrouver plus ais\u00e9ment ses photos.<\/span><\/em><\/strong><br \/>\n<strong><em><span style=\"color: #ff9900;\">&gt;\u00a0Optimiser et g\u00e9rer les dossiers de classements (biblioth\u00e8ques documents et images)<\/span><\/em><\/strong><\/p><\/blockquote>\n<p>Prenez rendez-vous d\u00e8s maintenant via notre\u00a0<a href=\"https:\/\/www.smiden.fr\/site\/index.php\/contactez-nous\/\" target=\"_blank\" rel=\"noopener noreferrer\">formulaire<\/a>.<\/p>\n<p>&nbsp;<\/p>\n","protected":false},"excerpt":{"rendered":"<p>L\u2019\u00e9quipe d\u2019animation multim\u00e9dia vous propose d\u2019acqu\u00e9rir les connaissances de base n\u00e9cessaires \u00e0 la pratique et \u00e0 la ma\u00eetrise du classement dans l&rsquo;ordinateur en suivant des ateliers personnalis\u00e9s sous la forme de plusieurs rendez-vous individuels. Apprenez\u00a0\u00e0 g\u00e9rer la sauvegarde et l&rsquo;organisation de vos photos avec des m\u00e9thodes simples, rapides et efficaces [&hellip;]<\/p>\n","protected":false},"author":1,"featured_media":0,"parent":666,"menu_order":0,"comment_status":"closed","ping_status":"closed","template":"templates\/template-full.php","meta":{"_uag_custom_page_level_css":"","footnotes":""},"class_list":["post-425","page","type-page","status-publish","hentry","post"],"uagb_featured_image_src":{"full":false,"thumbnail":false,"medium":false,"medium_large":false,"large":false,"1536x1536":false,"2048x2048":false,"post-thumbnail":false,"vantage-thumbnail-no-sidebar":false,"vantage-slide":false,"vantage-carousel":false,"vantage-grid-loop":false,"mailpoet_newsletter_max":false,"sow-carousel-default":false},"uagb_author_info":{"display_name":"avallienne","author_link":"https:\/\/www.smiden.fr\/site\/index.php\/author\/avallienne\/"},"uagb_comment_info":0,"uagb_excerpt":"L\u2019\u00e9quipe d\u2019animation multim\u00e9dia vous propose d\u2019acqu\u00e9rir les connaissances de base n\u00e9cessaires \u00e0 la pratique et \u00e0 la ma\u00eetrise du classement dans l&rsquo;ordinateur en suivant des ateliers personnalis\u00e9s sous la forme de plusieurs rendez-vous individuels. Apprenez\u00a0\u00e0 g\u00e9rer la sauvegarde et l&rsquo;organisation de vos photos avec des m\u00e9thodes simples, rapides et efficaces [&hellip;]","_links":{"self":[{"href":"https:\/\/www.smiden.fr\/site\/index.php\/wp-json\/wp\/v2\/pages\/425","targetHints":{"allow":["GET"]}}],"collection":[{"href":"https:\/\/www.smiden.fr\/site\/index.php\/wp-json\/wp\/v2\/pages"}],"about":[{"href":"https:\/\/www.smiden.fr\/site\/index.php\/wp-json\/wp\/v2\/types\/page"}],"author":[{"embeddable":true,"href":"https:\/\/www.smiden.fr\/site\/index.php\/wp-json\/wp\/v2\/users\/1"}],"replies":[{"embeddable":true,"href":"https:\/\/www.smiden.fr\/site\/index.php\/wp-json\/wp\/v2\/comments?post=425"}],"version-history":[{"count":22,"href":"https:\/\/www.smiden.fr\/site\/index.php\/wp-json\/wp\/v2\/pages\/425\/revisions"}],"predecessor-version":[{"id":2995,"href":"https:\/\/www.smiden.fr\/site\/index.php\/wp-json\/wp\/v2\/pages\/425\/revisions\/2995"}],"up":[{"embeddable":true,"href":"https:\/\/www.smiden.fr\/site\/index.php\/wp-json\/wp\/v2\/pages\/666"}],"wp:attachment":[{"href":"https:\/\/www.smiden.fr\/site\/index.php\/wp-json\/wp\/v2\/media?parent=425"}],"curies":[{"name":"wp","href":"https:\/\/api.w.org\/{rel}","templated":true}]}}