{"id":415,"date":"2017-01-12T16:05:01","date_gmt":"2017-01-12T15:05:01","guid":{"rendered":"http:\/\/smiden.fr\/site\/?page_id=415"},"modified":"2020-01-17T17:16:42","modified_gmt":"2020-01-17T16:16:42","slug":"tableurs","status":"publish","type":"page","link":"https:\/\/www.smiden.fr\/site\/index.php\/animations\/tableurs\/","title":{"rendered":"Tableurs"},"content":{"rendered":"<div id=\"primary\" class=\"content-area\">\n<div id=\"content\" class=\"site-content\">\n<article id=\"post-61\" class=\"post-61 page type-page status-publish post\">\n<div class=\"entry-main\">\n<div class=\"entry-content\">L&rsquo;\u00e9quipe d&rsquo;animation multim\u00e9dia vous propose d&rsquo;acqu\u00e9rir les connaissances des logiciels de gestion et d&rsquo;analyse de donn\u00e9es avec le logiciel\u00a0<a href=\"https:\/\/fr.wikipedia.org\/wiki\/Microsoft_Office_2016\" target=\"_blank\" rel=\"noopener noreferrer\">Microsof Office Excel 2016 <\/a>ou le logiciel\u00a0<a href=\"https:\/\/fr.libreoffice.org\/discover\/calc\/\" target=\"_blank\" rel=\"noopener noreferrer\">Libre Office Calc 5<\/a> \u00a0d\u00e9di\u00e9s entre autres \u00e0 la cr\u00e9ation de tableaux chiffr\u00e9s pouvant \u00eatre agr\u00e9ment\u00e9s de graphiques, mais \u00e9galement \u00e0 la r\u00e9solution de calculs simples avec l&rsquo;utilisation de formules.<br \/>\nVous pouvez suivre les ateliers en groupe suivis d\u2019un accompagnement personnalis\u00e9 sous la forme de plusieurs <a href=\"https:\/\/www.smiden.fr\/site\/index.php\/tarifs\/\" target=\"_blank\" rel=\"noopener noreferrer\">rendez-vous individuels<\/a>.<\/div>\n<div><\/div>\n<blockquote>\n<div class=\"entry-content\"><strong><em><span style=\"color: #ff9900;\">&gt; Effectuer des calculs simples ou plus complexes.<br \/>\n<\/span><\/em><\/strong><strong><em><span style=\"color: #ff9900;\">&gt; Utiliser des formules pour \u00e9tablir des devis ou des factures.<br \/>\n<\/span><\/em><\/strong><strong><em><span style=\"color: #ff9900;\">&gt; Produire des graphiques et des diagrammes \u00e0 partir d&rsquo;une base de donn\u00e9es.<br \/>\n<\/span><\/em><\/strong><strong><em><span style=\"color: #ff9900;\">&gt; \u00c9laborer des formules personnalis\u00e9es et adapt\u00e9es.<\/span><\/em><\/strong><\/div>\n<\/blockquote>\n<\/div>\n<\/article>\n<\/div>\n<\/div>\n<div>Prenez rendez-vous d\u00e8s maintenant via notre\u00a0<a href=\"https:\/\/www.smiden.fr\/site\/index.php\/contactez-nous\/\" target=\"_blank\" rel=\"noopener noreferrer\">formulaire<\/a>.<\/div>\n<div id=\"secondary\" class=\"widget-area\"><\/div>\n","protected":false},"excerpt":{"rendered":"<p>L&rsquo;\u00e9quipe d&rsquo;animation multim\u00e9dia vous propose d&rsquo;acqu\u00e9rir les connaissances des logiciels de gestion et d&rsquo;analyse de donn\u00e9es avec le logiciel\u00a0Microsof Office Excel 2016 ou le logiciel\u00a0Libre Office Calc 5 \u00a0d\u00e9di\u00e9s entre autres \u00e0 la cr\u00e9ation de tableaux chiffr\u00e9s pouvant \u00eatre agr\u00e9ment\u00e9s de graphiques, mais \u00e9galement \u00e0 la r\u00e9solution de calculs simples [&hellip;]<\/p>\n","protected":false},"author":1,"featured_media":0,"parent":666,"menu_order":0,"comment_status":"closed","ping_status":"closed","template":"templates\/template-full.php","meta":{"_uag_custom_page_level_css":"","footnotes":""},"class_list":["post-415","page","type-page","status-publish","hentry","post"],"uagb_featured_image_src":{"full":false,"thumbnail":false,"medium":false,"medium_large":false,"large":false,"1536x1536":false,"2048x2048":false,"post-thumbnail":false,"vantage-thumbnail-no-sidebar":false,"vantage-slide":false,"vantage-carousel":false,"vantage-grid-loop":false,"mailpoet_newsletter_max":false,"sow-carousel-default":false},"uagb_author_info":{"display_name":"avallienne","author_link":"https:\/\/www.smiden.fr\/site\/index.php\/author\/avallienne\/"},"uagb_comment_info":0,"uagb_excerpt":"L&rsquo;\u00e9quipe d&rsquo;animation multim\u00e9dia vous propose d&rsquo;acqu\u00e9rir les connaissances des logiciels de gestion et d&rsquo;analyse de donn\u00e9es avec le logiciel\u00a0Microsof Office Excel 2016 ou le logiciel\u00a0Libre Office Calc 5 \u00a0d\u00e9di\u00e9s entre autres \u00e0 la cr\u00e9ation de tableaux chiffr\u00e9s pouvant \u00eatre agr\u00e9ment\u00e9s de graphiques, mais \u00e9galement \u00e0 la r\u00e9solution de calculs simples [&hellip;]","_links":{"self":[{"href":"https:\/\/www.smiden.fr\/site\/index.php\/wp-json\/wp\/v2\/pages\/415","targetHints":{"allow":["GET"]}}],"collection":[{"href":"https:\/\/www.smiden.fr\/site\/index.php\/wp-json\/wp\/v2\/pages"}],"about":[{"href":"https:\/\/www.smiden.fr\/site\/index.php\/wp-json\/wp\/v2\/types\/page"}],"author":[{"embeddable":true,"href":"https:\/\/www.smiden.fr\/site\/index.php\/wp-json\/wp\/v2\/users\/1"}],"replies":[{"embeddable":true,"href":"https:\/\/www.smiden.fr\/site\/index.php\/wp-json\/wp\/v2\/comments?post=415"}],"version-history":[{"count":29,"href":"https:\/\/www.smiden.fr\/site\/index.php\/wp-json\/wp\/v2\/pages\/415\/revisions"}],"predecessor-version":[{"id":3051,"href":"https:\/\/www.smiden.fr\/site\/index.php\/wp-json\/wp\/v2\/pages\/415\/revisions\/3051"}],"up":[{"embeddable":true,"href":"https:\/\/www.smiden.fr\/site\/index.php\/wp-json\/wp\/v2\/pages\/666"}],"wp:attachment":[{"href":"https:\/\/www.smiden.fr\/site\/index.php\/wp-json\/wp\/v2\/media?parent=415"}],"curies":[{"name":"wp","href":"https:\/\/api.w.org\/{rel}","templated":true}]}}