{"id":413,"date":"2017-01-12T16:04:10","date_gmt":"2017-01-12T15:04:10","guid":{"rendered":"http:\/\/smiden.fr\/site\/?page_id=413"},"modified":"2020-01-17T17:12:59","modified_gmt":"2020-01-17T16:12:59","slug":"traitement-de-texte","status":"publish","type":"page","link":"https:\/\/www.smiden.fr\/site\/index.php\/animations\/traitement-de-texte\/","title":{"rendered":"Traitement de texte"},"content":{"rendered":"<div id=\"primary\" class=\"content-area\">\n<div id=\"content\" class=\"site-content\">\n<article id=\"post-61\" class=\"post-61 page type-page status-publish post\">\n<div class=\"entry-main\">\n<div class=\"entry-content\">\n<p style=\"text-align: left;\">L&rsquo;\u00e9quipe d&rsquo;animation multim\u00e9dia vous propose d&rsquo;acqu\u00e9rir les connaissances n\u00e9cessaires \u00e0 la pratique du traitement de texte <span style=\"color: #000000;\">avec le logiciel <span style=\"color: #ff9900;\"><a style=\"color: #ff9900;\" href=\"https:\/\/fr.wikipedia.org\/wiki\/Microsoft_Office_2016\" target=\"_blank\" rel=\"noopener noreferrer\">Microsof Office Word 2016<\/a><\/span> ou le logiciel<span style=\"color: #ff9900;\"> <a style=\"color: #ff9900;\" href=\"https:\/\/fr.libreoffice.org\/discover\/writer\/\" target=\"_blank\" rel=\"noopener noreferrer\">Libre Office Writer<\/a><span style=\"color: #000000;\">.<\/span><\/span><\/span><br \/>\nVous souhaitez cr\u00e9er et mettre en forme des documents destin\u00e9s \u00e0 \u00eatre imprim\u00e9s (courriers, articles, affiches, flyers, CV et lettre de motivation).<br \/>\nCette initiation sp\u00e9cifique r\u00e9pondra \u00e0 vos attentes.<\/p>\n<blockquote><p><em><strong><span style=\"color: #ff9900;\">&gt; Ma\u00eetriser les outils de mise en forme et de mise en page.<\/span><\/strong><\/em><br \/>\n<em><strong><span style=\"color: #ff9900;\">&gt; Ins\u00e9rer les tableaux.<\/span><\/strong><\/em><br \/>\n<em><strong><span style=\"color: #ff9900;\">&gt; Corriger le texte.<\/span><\/strong><\/em><br \/>\n<em><strong><span style=\"color: #ff9900;\">&gt; Illustrer le document.<\/span><\/strong><\/em><\/p><\/blockquote>\n<p>Prenez rendez-vous d\u00e8s maintenant via notre\u00a0<a href=\"https:\/\/www.smiden.fr\/site\/index.php\/contactez-nous\/\" target=\"_blank\" rel=\"noopener noreferrer\">formulaire<\/a>.<\/p>\n<\/div>\n<\/div>\n<\/article>\n<\/div>\n<\/div>\n","protected":false},"excerpt":{"rendered":"<p>L&rsquo;\u00e9quipe d&rsquo;animation multim\u00e9dia vous propose d&rsquo;acqu\u00e9rir les connaissances n\u00e9cessaires \u00e0 la pratique du traitement de texte avec le logiciel Microsof Office Word 2016 ou le logiciel Libre Office Writer. Vous souhaitez cr\u00e9er et mettre en forme des documents destin\u00e9s \u00e0 \u00eatre imprim\u00e9s (courriers, articles, affiches, flyers, CV et lettre de [&hellip;]<\/p>\n","protected":false},"author":1,"featured_media":0,"parent":666,"menu_order":0,"comment_status":"closed","ping_status":"closed","template":"templates\/template-full.php","meta":{"_uag_custom_page_level_css":"","footnotes":""},"class_list":["post-413","page","type-page","status-publish","hentry","post"],"uagb_featured_image_src":{"full":false,"thumbnail":false,"medium":false,"medium_large":false,"large":false,"1536x1536":false,"2048x2048":false,"post-thumbnail":false,"vantage-thumbnail-no-sidebar":false,"vantage-slide":false,"vantage-carousel":false,"vantage-grid-loop":false,"mailpoet_newsletter_max":false,"sow-carousel-default":false},"uagb_author_info":{"display_name":"avallienne","author_link":"https:\/\/www.smiden.fr\/site\/index.php\/author\/avallienne\/"},"uagb_comment_info":0,"uagb_excerpt":"L&rsquo;\u00e9quipe d&rsquo;animation multim\u00e9dia vous propose d&rsquo;acqu\u00e9rir les connaissances n\u00e9cessaires \u00e0 la pratique du traitement de texte avec le logiciel Microsof Office Word 2016 ou le logiciel Libre Office Writer. Vous souhaitez cr\u00e9er et mettre en forme des documents destin\u00e9s \u00e0 \u00eatre imprim\u00e9s (courriers, articles, affiches, flyers, CV et lettre de [&hellip;]","_links":{"self":[{"href":"https:\/\/www.smiden.fr\/site\/index.php\/wp-json\/wp\/v2\/pages\/413","targetHints":{"allow":["GET"]}}],"collection":[{"href":"https:\/\/www.smiden.fr\/site\/index.php\/wp-json\/wp\/v2\/pages"}],"about":[{"href":"https:\/\/www.smiden.fr\/site\/index.php\/wp-json\/wp\/v2\/types\/page"}],"author":[{"embeddable":true,"href":"https:\/\/www.smiden.fr\/site\/index.php\/wp-json\/wp\/v2\/users\/1"}],"replies":[{"embeddable":true,"href":"https:\/\/www.smiden.fr\/site\/index.php\/wp-json\/wp\/v2\/comments?post=413"}],"version-history":[{"count":26,"href":"https:\/\/www.smiden.fr\/site\/index.php\/wp-json\/wp\/v2\/pages\/413\/revisions"}],"predecessor-version":[{"id":3050,"href":"https:\/\/www.smiden.fr\/site\/index.php\/wp-json\/wp\/v2\/pages\/413\/revisions\/3050"}],"up":[{"embeddable":true,"href":"https:\/\/www.smiden.fr\/site\/index.php\/wp-json\/wp\/v2\/pages\/666"}],"wp:attachment":[{"href":"https:\/\/www.smiden.fr\/site\/index.php\/wp-json\/wp\/v2\/media?parent=413"}],"curies":[{"name":"wp","href":"https:\/\/api.w.org\/{rel}","templated":true}]}}