{"id":2480,"date":"2019-02-01T14:09:40","date_gmt":"2019-02-01T13:09:40","guid":{"rendered":"http:\/\/www.smiden.fr\/site\/?page_id=2480"},"modified":"2019-10-10T12:22:10","modified_gmt":"2019-10-10T10:22:10","slug":"outils-google","status":"publish","type":"page","link":"https:\/\/www.smiden.fr\/site\/index.php\/animations\/outils-google\/","title":{"rendered":"Outils Google"},"content":{"rendered":"<p><strong><img decoding=\"async\" class=\" wp-image-2422 alignleft\" src=\"https:\/\/www.smiden.fr\/site\/wp-content\/uploads\/2018\/12\/logo-google.jpg\" sizes=\"(max-width: 97px) 100vw, 97px\" alt=\"\" width=\"69\" height=\"69\" srcset=\"https:\/\/www.smiden.fr\/site\/wp-content\/uploads\/2018\/12\/logo-google.jpg 200w, https:\/\/www.smiden.fr\/site\/wp-content\/uploads\/2018\/12\/logo-google-150x150.jpg 150w\" \/><\/strong>En compl\u00e9ment du logiciel de navigation Internet Google Chrome et de la messagerie \u00e9lectronique Gmail, le public sera invit\u00e9 \u00e0 d\u00e9couvrir les diff\u00e9rents outils.<br \/>\nVous pouvez suivre l\u2019atelier sous la forme d\u2019un accompagnement personnalis\u00e9 sous la forme de plusieurs\u00a0<a href=\"https:\/\/www.smiden.fr\/site\/index.php\/tarifs\/\" target=\"_blank\" rel=\"noopener noreferrer\">rendez-vous individuels<\/a>.<\/p>\n<blockquote><p>Des outils pour gagner en efficacit\u00e9\u00a0:<br \/>\n<span style=\"color: #ff9900;\"><strong>&gt; Google Docs pour r\u00e9diger et mettre en forme tous type de documents<\/strong><\/span><br \/>\n<span style=\"color: #ff9900;\"><strong>&gt; Google Sheets pour cr\u00e9er des tableurs<\/strong><\/span><br \/>\n<span style=\"color: #ff9900;\"><strong>&gt; Google Slide pour concevoir des diaporamas anim\u00e9s et des pr\u00e9sentations dynamiques<\/strong><\/span><br \/>\n<span style=\"color: #ff9900;\"><strong>&gt; Google Drive pour stocker tous vos fichiers en toute s\u00e9curit\u00e9.<\/strong><\/span><\/p><\/blockquote>\n<p>&nbsp;<\/p>\n<blockquote><p><span style=\"color: #000000;\">Des outils pour mieux g\u00e9rer et organiser votre vie quotidienne :<\/span><br \/>\n<span style=\"color: #ff9900;\"><strong>&gt; Google Agenda (pour vos rendez-vous)<\/strong><\/span><br \/>\n<span style=\"color: #ff9900;\"><strong>&gt; Contacts (pour vos r\u00e9pertoires)<\/strong><\/span><br \/>\n<span style=\"color: #ff9900;\"><strong>&gt; Keep (pour vos notes personnelles)<\/strong><\/span><br \/>\n<span style=\"color: #ff9900;\"><strong>&gt; Google Photos.<\/strong><\/span><\/p><\/blockquote>\n<p>Prenez rendez-vous d\u00e8s maintenant via notre\u00a0<a href=\"https:\/\/www.smiden.fr\/site\/index.php\/contactez-nous\/\" target=\"_blank\" rel=\"noopener noreferrer\">formulaire<\/a>.<\/p>\n","protected":false},"excerpt":{"rendered":"<p>En compl\u00e9ment du logiciel de navigation Internet Google Chrome et de la messagerie \u00e9lectronique Gmail, le public sera invit\u00e9 \u00e0 d\u00e9couvrir les diff\u00e9rents outils. Vous pouvez suivre l\u2019atelier sous la forme d\u2019un accompagnement personnalis\u00e9 sous la forme de plusieurs\u00a0rendez-vous individuels. Des outils pour gagner en efficacit\u00e9\u00a0: &gt; Google Docs pour [&hellip;]<\/p>\n","protected":false},"author":1,"featured_media":0,"parent":666,"menu_order":0,"comment_status":"closed","ping_status":"closed","template":"templates\/template-full.php","meta":{"_uag_custom_page_level_css":"","footnotes":""},"class_list":["post-2480","page","type-page","status-publish","hentry","post"],"uagb_featured_image_src":{"full":false,"thumbnail":false,"medium":false,"medium_large":false,"large":false,"1536x1536":false,"2048x2048":false,"post-thumbnail":false,"vantage-thumbnail-no-sidebar":false,"vantage-slide":false,"vantage-carousel":false,"vantage-grid-loop":false,"mailpoet_newsletter_max":false,"sow-carousel-default":false},"uagb_author_info":{"display_name":"avallienne","author_link":"https:\/\/www.smiden.fr\/site\/index.php\/author\/avallienne\/"},"uagb_comment_info":0,"uagb_excerpt":"En compl\u00e9ment du logiciel de navigation Internet Google Chrome et de la messagerie \u00e9lectronique Gmail, le public sera invit\u00e9 \u00e0 d\u00e9couvrir les diff\u00e9rents outils. Vous pouvez suivre l\u2019atelier sous la forme d\u2019un accompagnement personnalis\u00e9 sous la forme de plusieurs\u00a0rendez-vous individuels. Des outils pour gagner en efficacit\u00e9\u00a0: &gt; Google Docs pour [&hellip;]","_links":{"self":[{"href":"https:\/\/www.smiden.fr\/site\/index.php\/wp-json\/wp\/v2\/pages\/2480","targetHints":{"allow":["GET"]}}],"collection":[{"href":"https:\/\/www.smiden.fr\/site\/index.php\/wp-json\/wp\/v2\/pages"}],"about":[{"href":"https:\/\/www.smiden.fr\/site\/index.php\/wp-json\/wp\/v2\/types\/page"}],"author":[{"embeddable":true,"href":"https:\/\/www.smiden.fr\/site\/index.php\/wp-json\/wp\/v2\/users\/1"}],"replies":[{"embeddable":true,"href":"https:\/\/www.smiden.fr\/site\/index.php\/wp-json\/wp\/v2\/comments?post=2480"}],"version-history":[{"count":6,"href":"https:\/\/www.smiden.fr\/site\/index.php\/wp-json\/wp\/v2\/pages\/2480\/revisions"}],"predecessor-version":[{"id":3002,"href":"https:\/\/www.smiden.fr\/site\/index.php\/wp-json\/wp\/v2\/pages\/2480\/revisions\/3002"}],"up":[{"embeddable":true,"href":"https:\/\/www.smiden.fr\/site\/index.php\/wp-json\/wp\/v2\/pages\/666"}],"wp:attachment":[{"href":"https:\/\/www.smiden.fr\/site\/index.php\/wp-json\/wp\/v2\/media?parent=2480"}],"curies":[{"name":"wp","href":"https:\/\/api.w.org\/{rel}","templated":true}]}}