{"id":2,"date":"2016-07-20T15:06:56","date_gmt":"2016-07-20T13:06:56","guid":{"rendered":"http:\/\/10.10.0.2\/?page_id=2"},"modified":"2020-01-17T17:01:52","modified_gmt":"2020-01-17T16:01:52","slug":"informatique-2","status":"publish","type":"page","link":"https:\/\/www.smiden.fr\/site\/index.php\/animations\/informatique-2\/","title":{"rendered":"Informatique"},"content":{"rendered":"<p>L&rsquo;\u00e9quipe d&rsquo;animation multim\u00e9dia vous propose d\u2019acqu\u00e9rir les connaissances de base n\u00e9cessaires \u00e0 la pratique et \u00e0 la ma\u00eetrise de l\u2019outil informatique en suivant les ateliers en groupe suivis d&rsquo;un accompagnement personnalis\u00e9 sous la forme de plusieurs <a href=\"https:\/\/www.smiden.fr\/site\/index.php\/tarifs\/\" target=\"_blank\" rel=\"noopener noreferrer\">rendez-vous individuels<\/a>.<\/p>\n<blockquote><p><span style=\"color: #ff9900;\">&gt;<\/span><strong><span style=\"color: #ff9900;\"> Apprentissage informatique (souris, clavier, etc.)<br \/>\n<\/span><\/strong><span style=\"color: #000000;\"><span style=\"color: #ff9900;\">&gt;<\/span> <\/span><strong><span style=\"color: #ff9900;\">D\u00e9couvrir l&rsquo;environnement (bureau, fen\u00eatre, etc.)<br \/>\n<\/span><\/strong><span style=\"color: #ff9900;\">&gt;<strong> Sauvegarder des donn\u00e9es (clef usb, dossier, fichier, etc.)<br \/>\n<\/strong><\/span><\/p><\/blockquote>\n<p>Prenez rendez-vous d\u00e8s maintenant via notre <a href=\"https:\/\/www.smiden.fr\/site\/index.php\/contactez-nous\/\" target=\"_blank\" rel=\"noopener noreferrer\">formulaire<\/a>.<\/p>\n<p>&nbsp;<\/p>\n","protected":false},"excerpt":{"rendered":"<p>L&rsquo;\u00e9quipe d&rsquo;animation multim\u00e9dia vous propose d\u2019acqu\u00e9rir les connaissances de base n\u00e9cessaires \u00e0 la pratique et \u00e0 la ma\u00eetrise de l\u2019outil informatique en suivant les ateliers en groupe suivis d&rsquo;un accompagnement personnalis\u00e9 sous la forme de plusieurs rendez-vous individuels. &gt; Apprentissage informatique (souris, clavier, etc.) &gt; D\u00e9couvrir l&rsquo;environnement (bureau, fen\u00eatre, etc.) [&hellip;]<\/p>\n","protected":false},"author":1,"featured_media":0,"parent":666,"menu_order":0,"comment_status":"closed","ping_status":"open","template":"templates\/template-full.php","meta":{"_uag_custom_page_level_css":"","footnotes":""},"class_list":["post-2","page","type-page","status-publish","hentry","post"],"uagb_featured_image_src":{"full":false,"thumbnail":false,"medium":false,"medium_large":false,"large":false,"1536x1536":false,"2048x2048":false,"post-thumbnail":false,"vantage-thumbnail-no-sidebar":false,"vantage-slide":false,"vantage-carousel":false,"vantage-grid-loop":false,"mailpoet_newsletter_max":false,"sow-carousel-default":false},"uagb_author_info":{"display_name":"avallienne","author_link":"https:\/\/www.smiden.fr\/site\/index.php\/author\/avallienne\/"},"uagb_comment_info":0,"uagb_excerpt":"L&rsquo;\u00e9quipe d&rsquo;animation multim\u00e9dia vous propose d\u2019acqu\u00e9rir les connaissances de base n\u00e9cessaires \u00e0 la pratique et \u00e0 la ma\u00eetrise de l\u2019outil informatique en suivant les ateliers en groupe suivis d&rsquo;un accompagnement personnalis\u00e9 sous la forme de plusieurs rendez-vous individuels. &gt; Apprentissage informatique (souris, clavier, etc.) &gt; D\u00e9couvrir l&rsquo;environnement (bureau, fen\u00eatre, etc.) [&hellip;]","_links":{"self":[{"href":"https:\/\/www.smiden.fr\/site\/index.php\/wp-json\/wp\/v2\/pages\/2","targetHints":{"allow":["GET"]}}],"collection":[{"href":"https:\/\/www.smiden.fr\/site\/index.php\/wp-json\/wp\/v2\/pages"}],"about":[{"href":"https:\/\/www.smiden.fr\/site\/index.php\/wp-json\/wp\/v2\/types\/page"}],"author":[{"embeddable":true,"href":"https:\/\/www.smiden.fr\/site\/index.php\/wp-json\/wp\/v2\/users\/1"}],"replies":[{"embeddable":true,"href":"https:\/\/www.smiden.fr\/site\/index.php\/wp-json\/wp\/v2\/comments?post=2"}],"version-history":[{"count":43,"href":"https:\/\/www.smiden.fr\/site\/index.php\/wp-json\/wp\/v2\/pages\/2\/revisions"}],"predecessor-version":[{"id":1944,"href":"https:\/\/www.smiden.fr\/site\/index.php\/wp-json\/wp\/v2\/pages\/2\/revisions\/1944"}],"up":[{"embeddable":true,"href":"https:\/\/www.smiden.fr\/site\/index.php\/wp-json\/wp\/v2\/pages\/666"}],"wp:attachment":[{"href":"https:\/\/www.smiden.fr\/site\/index.php\/wp-json\/wp\/v2\/media?parent=2"}],"curies":[{"name":"wp","href":"https:\/\/api.w.org\/{rel}","templated":true}]}}