{"id":177,"date":"2016-09-29T17:53:05","date_gmt":"2016-09-29T15:53:05","guid":{"rendered":"http:\/\/10.0.0.21\/?page_id=177"},"modified":"2018-08-31T14:16:39","modified_gmt":"2018-08-31T12:16:39","slug":"location","status":"publish","type":"page","link":"https:\/\/www.smiden.fr\/site\/index.php\/location\/","title":{"rendered":"Location"},"content":{"rendered":"<p><strong><span style=\"color: #000000;\"><img decoding=\"async\" class=\"wp-image-702 alignleft\" src=\"http:\/\/smiden.fr\/site\/wp-content\/uploads\/2016\/09\/location-cyber.jpg\" alt=\"\" width=\"237\" height=\"199\" srcset=\"https:\/\/www.smiden.fr\/site\/wp-content\/uploads\/2016\/09\/location-cyber.jpg 500w, https:\/\/www.smiden.fr\/site\/wp-content\/uploads\/2016\/09\/location-cyber-300x251.jpg 300w\" sizes=\"(max-width: 237px) 100vw, 237px\" \/><\/span><\/strong><\/p>\n<div id=\"gab-content\"><strong><span style=\"color: #000000;\">Location possible \u00e0 Parign\u00e9-l&rsquo;Ev\u00eaque et\/ou \u00e0 Ecommoy.<br \/>\n<\/span><\/strong><span style=\"color: #000000;\">Association ou autres structures professionnelles, vous recherchez un local disposant de postes informatiques et d\u2019une connexion internet\u00a0pour vos r\u00e9unions, vos formations ou toute autre activit\u00e9,\u00a0<a href=\"http:\/\/smiden.fr\/site\/index.php\/contactez-nous\/\">contactez-nous<\/a>.<\/span><\/div>\n<p><span style=\"color: #ff9900;\"><span style=\"color: #000000;\"><strong>Forfait\u00a0de location (mise \u00e0 disposition d&rsquo;un animateur mais n&rsquo;intervenant pas dans l&rsquo;animation)\u00a0:<br \/>\n<\/strong><\/span><\/span><span style=\"color: #ff9900;\"><strong>20\u20ac\/h +2\u20ac<\/strong>\u00a0<span style=\"color: #000000;\">&gt; sur territoire<\/span><strong><br \/>\n<\/strong><strong>40\u20ac\/h +3\u20ac<\/strong><\/span>\u00a0<span style=\"color: #000000;\">&gt;\u00a0hors territoire<\/span><\/p>\n<p>&nbsp;<\/p>\n<h3><span style=\"color: #000000;\"><strong>Mat\u00e9riels mis \u00e0 disposition<\/strong><\/span><\/h3>\n<p><strong><span style=\"color: #ff9900;\"><a style=\"color: #ff9900;\" href=\"http:\/\/smiden.fr\/site\/index.php\/presentation\/\"><span style=\"text-decoration: underline;\">Cybercentre \u00e0 Ecommoy<\/span>*<\/a><\/span><\/strong><br \/>\n<span style=\"color: #000000;\"> 8 ordinateurs + 1 ordinateur de pr\u00e9sentation<br \/>\n4 tablettes tactiles Android + 1 iPad<\/span><br \/>\n<span style=\"color: #000000;\">1\u00a0vid\u00e9oprojecteur + 1\u00a0\u00e9cran de projection<\/span><br \/>\n<span style=\"color: #000000;\">1\u00a0tableau blanc<\/span><\/p>\n<p><strong><span style=\"color: #ff9900;\"><a style=\"color: #ff9900;\" href=\"http:\/\/smiden.fr\/site\/index.php\/presentation\/\"><span style=\"text-decoration: underline;\">Cybercentre \u00e0 Parign\u00e9-l&rsquo;Ev\u00eaque<\/span>*<\/a><\/span><\/strong><br \/>\n<span style=\"color: #000000;\"> 9 ordinateurs + 1 ordinateur de pr\u00e9sentation<br \/>\n4 tablettes tactiles Android + 1 iPad<br \/>\n1 espace de r\u00e9union<\/span><br \/>\n<span style=\"color: #000000;\"> 1\u00a0vid\u00e9oprojecteur avec son\u00a0\u00e9cran de projection<\/span><br \/>\n<span style=\"color: #000000;\">1\u00a0tableau blanc<\/span><\/p>\n<p><span style=\"color: #ff9900;\">*Connexion Wi-Fi comprise.<\/span><\/p>\n","protected":false},"excerpt":{"rendered":"<p>Location possible \u00e0 Parign\u00e9-l&rsquo;Ev\u00eaque et\/ou \u00e0 Ecommoy. Association ou autres structures professionnelles, vous recherchez un local disposant de postes informatiques et d\u2019une connexion internet\u00a0pour vos r\u00e9unions, vos formations ou toute autre activit\u00e9,\u00a0contactez-nous. Forfait\u00a0de location (mise \u00e0 disposition d&rsquo;un animateur mais n&rsquo;intervenant pas dans l&rsquo;animation)\u00a0: 20\u20ac\/h +2\u20ac\u00a0&gt; sur territoire 40\u20ac\/h +3\u20ac\u00a0&gt;\u00a0hors [&hellip;]<\/p>\n","protected":false},"author":1,"featured_media":0,"parent":0,"menu_order":0,"comment_status":"closed","ping_status":"closed","template":"templates\/template-full.php","meta":{"_uag_custom_page_level_css":"","footnotes":""},"class_list":["post-177","page","type-page","status-publish","hentry","post"],"uagb_featured_image_src":{"full":false,"thumbnail":false,"medium":false,"medium_large":false,"large":false,"1536x1536":false,"2048x2048":false,"post-thumbnail":false,"vantage-thumbnail-no-sidebar":false,"vantage-slide":false,"vantage-carousel":false,"vantage-grid-loop":false,"mailpoet_newsletter_max":false,"sow-carousel-default":false},"uagb_author_info":{"display_name":"avallienne","author_link":"https:\/\/www.smiden.fr\/site\/index.php\/author\/avallienne\/"},"uagb_comment_info":0,"uagb_excerpt":"Location possible \u00e0 Parign\u00e9-l&rsquo;Ev\u00eaque et\/ou \u00e0 Ecommoy. Association ou autres structures professionnelles, vous recherchez un local disposant de postes informatiques et d\u2019une connexion internet\u00a0pour vos r\u00e9unions, vos formations ou toute autre activit\u00e9,\u00a0contactez-nous. Forfait\u00a0de location (mise \u00e0 disposition d&rsquo;un animateur mais n&rsquo;intervenant pas dans l&rsquo;animation)\u00a0: 20\u20ac\/h +2\u20ac\u00a0&gt; sur territoire 40\u20ac\/h +3\u20ac\u00a0&gt;\u00a0hors [&hellip;]","_links":{"self":[{"href":"https:\/\/www.smiden.fr\/site\/index.php\/wp-json\/wp\/v2\/pages\/177","targetHints":{"allow":["GET"]}}],"collection":[{"href":"https:\/\/www.smiden.fr\/site\/index.php\/wp-json\/wp\/v2\/pages"}],"about":[{"href":"https:\/\/www.smiden.fr\/site\/index.php\/wp-json\/wp\/v2\/types\/page"}],"author":[{"embeddable":true,"href":"https:\/\/www.smiden.fr\/site\/index.php\/wp-json\/wp\/v2\/users\/1"}],"replies":[{"embeddable":true,"href":"https:\/\/www.smiden.fr\/site\/index.php\/wp-json\/wp\/v2\/comments?post=177"}],"version-history":[{"count":17,"href":"https:\/\/www.smiden.fr\/site\/index.php\/wp-json\/wp\/v2\/pages\/177\/revisions"}],"predecessor-version":[{"id":2143,"href":"https:\/\/www.smiden.fr\/site\/index.php\/wp-json\/wp\/v2\/pages\/177\/revisions\/2143"}],"wp:attachment":[{"href":"https:\/\/www.smiden.fr\/site\/index.php\/wp-json\/wp\/v2\/media?parent=177"}],"curies":[{"name":"wp","href":"https:\/\/api.w.org\/{rel}","templated":true}]}}