{"id":1715,"date":"2017-11-28T09:50:57","date_gmt":"2017-11-28T08:50:57","guid":{"rendered":"http:\/\/www.smiden.fr\/site\/?page_id=1715"},"modified":"2019-02-27T12:06:30","modified_gmt":"2019-02-27T11:06:30","slug":"album-photo-en-ligne","status":"publish","type":"page","link":"https:\/\/www.smiden.fr\/site\/index.php\/animations\/album-photo-en-ligne\/","title":{"rendered":"Album photo"},"content":{"rendered":"<p><img decoding=\"async\" class=\" wp-image-2510 alignleft\" src=\"https:\/\/www.smiden.fr\/site\/wp-content\/uploads\/2019\/02\/atelier-groupe-album-photo.jpg\" alt=\"\" width=\"170\" height=\"134\" srcset=\"https:\/\/www.smiden.fr\/site\/wp-content\/uploads\/2019\/02\/atelier-groupe-album-photo.jpg 500w, https:\/\/www.smiden.fr\/site\/wp-content\/uploads\/2019\/02\/atelier-groupe-album-photo-300x237.jpg 300w\" sizes=\"(max-width: 170px) 100vw, 170px\" \/>Envie de conserver vos souvenirs\u00a0? La cr\u00e9ation d\u2019un livre photo est aujourd\u2019hui \u00e0 la port\u00e9e de tous.<br \/>\nEn effet, en vous connectant sur un site internet d\u00e9di\u00e9 cr\u00e9ez un ouvrage unique et personnel \u00e0 offrir.<\/p>\n<p><strong><em><span style=\"color: #ff9900;\">&gt; Inscription et d\u00e9couverte des fonctionnalit\u00e9s.<\/span><\/em><\/strong><br \/>\n<span style=\"color: #ff9900;\"><strong><em>&gt; Choix des th\u00e8mes, des mises en page, des illustrations.<\/em><\/strong><\/span><br \/>\n<span style=\"color: #ff9900;\"><strong><em>&gt; Ajouter des textes, ins\u00e9rer des fonds d\u2019\u00e9cran et des designs attractifs.<\/em><\/strong><\/span><\/p>\n<hr \/>\n<p><span style=\"color: #ff9900;\"><strong><span style=\"color: #000000;\">Dates des ateliers pour cr\u00e9er son album<\/span><br \/>\n<\/strong><\/span><strong><span style=\"color: #ff9900;\">Cybercentre \u00e0 Parign\u00e9-l&rsquo;Ev\u00eaque<\/span><br \/>\n<\/strong>Vendredi 26 avril 2019<br \/>\nVendredi 21 juin 2019<\/p>\n<p><span style=\"color: #ff9900;\"><strong>Cybercentre \u00e0 Ecommoy<\/strong><\/span><br \/>\n<span style=\"color: #000000;\">Mardi 5 mars 2019<\/span><\/p>\n","protected":false},"excerpt":{"rendered":"<p>Envie de conserver vos souvenirs\u00a0? La cr\u00e9ation d\u2019un livre photo est aujourd\u2019hui \u00e0 la port\u00e9e de tous. En effet, en vous connectant sur un site internet d\u00e9di\u00e9 cr\u00e9ez un ouvrage unique et personnel \u00e0 offrir. &gt; Inscription et d\u00e9couverte des fonctionnalit\u00e9s. &gt; Choix des th\u00e8mes, des mises en page, des [&hellip;]<\/p>\n","protected":false},"author":1,"featured_media":0,"parent":666,"menu_order":0,"comment_status":"closed","ping_status":"closed","template":"templates\/template-full.php","meta":{"_uag_custom_page_level_css":"","footnotes":""},"class_list":["post-1715","page","type-page","status-publish","hentry","post"],"uagb_featured_image_src":{"full":false,"thumbnail":false,"medium":false,"medium_large":false,"large":false,"1536x1536":false,"2048x2048":false,"post-thumbnail":false,"vantage-thumbnail-no-sidebar":false,"vantage-slide":false,"vantage-carousel":false,"vantage-grid-loop":false,"mailpoet_newsletter_max":false,"sow-carousel-default":false},"uagb_author_info":{"display_name":"avallienne","author_link":"https:\/\/www.smiden.fr\/site\/index.php\/author\/avallienne\/"},"uagb_comment_info":0,"uagb_excerpt":"Envie de conserver vos souvenirs\u00a0? La cr\u00e9ation d\u2019un livre photo est aujourd\u2019hui \u00e0 la port\u00e9e de tous. En effet, en vous connectant sur un site internet d\u00e9di\u00e9 cr\u00e9ez un ouvrage unique et personnel \u00e0 offrir. &gt; Inscription et d\u00e9couverte des fonctionnalit\u00e9s. &gt; Choix des th\u00e8mes, des mises en page, des [&hellip;]","_links":{"self":[{"href":"https:\/\/www.smiden.fr\/site\/index.php\/wp-json\/wp\/v2\/pages\/1715","targetHints":{"allow":["GET"]}}],"collection":[{"href":"https:\/\/www.smiden.fr\/site\/index.php\/wp-json\/wp\/v2\/pages"}],"about":[{"href":"https:\/\/www.smiden.fr\/site\/index.php\/wp-json\/wp\/v2\/types\/page"}],"author":[{"embeddable":true,"href":"https:\/\/www.smiden.fr\/site\/index.php\/wp-json\/wp\/v2\/users\/1"}],"replies":[{"embeddable":true,"href":"https:\/\/www.smiden.fr\/site\/index.php\/wp-json\/wp\/v2\/comments?post=1715"}],"version-history":[{"count":21,"href":"https:\/\/www.smiden.fr\/site\/index.php\/wp-json\/wp\/v2\/pages\/1715\/revisions"}],"predecessor-version":[{"id":2595,"href":"https:\/\/www.smiden.fr\/site\/index.php\/wp-json\/wp\/v2\/pages\/1715\/revisions\/2595"}],"up":[{"embeddable":true,"href":"https:\/\/www.smiden.fr\/site\/index.php\/wp-json\/wp\/v2\/pages\/666"}],"wp:attachment":[{"href":"https:\/\/www.smiden.fr\/site\/index.php\/wp-json\/wp\/v2\/media?parent=1715"}],"curies":[{"name":"wp","href":"https:\/\/api.w.org\/{rel}","templated":true}]}}