{"id":147,"date":"2016-09-29T15:30:30","date_gmt":"2016-09-29T13:30:30","guid":{"rendered":"http:\/\/10.0.0.21\/?page_id=147"},"modified":"2020-11-30T15:13:31","modified_gmt":"2020-11-30T14:13:31","slug":"mentions-legales","status":"publish","type":"page","link":"https:\/\/www.smiden.fr\/site\/index.php\/mentions-legales\/","title":{"rendered":"Mentions L\u00e9gales"},"content":{"rendered":"<p><span style=\"color: #ff9900;\">Remerciements :<\/span><br \/>\nCharg\u00e9s de communication du Sud-Est du Pays Manceau,<br \/>\nCharg\u00e9s de communication de l&rsquo;Or\u00e9e de Berc\u00e9-Belinois et CIAS de l&rsquo;Or\u00e9e de Berc\u00e9 Belinois.<\/p>\n<p><span style=\"color: #ff9900;\">Raison sociale :<\/span><br \/>\nSyndicat Mixte pour le D\u00e9veloppement Num\u00e9rique (SMiDeN)<br \/>\nRue des Ecoles, H\u00f4tel Communautaire,<br \/>\n72250 Parign\u00e9 l&rsquo;Ev\u00eaque, France<br \/>\nT\u00e9l\u00e9phone : +33 2 43 40 09 98<\/p>\n<p><span style=\"color: #ff9900;\">Publication :<\/span><br \/>\nCopyright : 2020 \u2013 SMiDeN<br \/>\nDirecteur de publication : Nicolas ROUANET, Pr\u00e9sident du SMiDeN,<br \/>\nTextes &amp; Contenus, hors Br\u00e8ves technologiques, l&rsquo;\u00e9quipe du SMiDeN,<br \/>\nBr\u00e8ves technologiques, cr\u00e9dits sur la page correspondante, tous droits r\u00e9serv\u00e9s par le site d&rsquo;origine.<\/p>\n<p><span style=\"color: #ff9900;\">Cr\u00e9dits photographiques :<\/span><br \/>\n&gt; SMiDeN<br \/>\n&gt; <a href=\"https:\/\/www.cc-berce-belinois.fr\/\" target=\"_blank\" rel=\"noopener noreferrer\">CdC de l&rsquo;Or\u00e9e de Berc\u00e9-Belinois<\/a><br \/>\n&gt; <a href=\"https:\/\/www.cc-sudestmanceau.fr\/wp\/\" target=\"_blank\" rel=\"noopener noreferrer\">CdC du Sud-Est du Pays Manceau<\/a><br \/>\n&gt; <a href=\"https:\/\/www.paysdumans.fr\/\" target=\"_blank\" rel=\"noopener noreferrer\">Pays du Mans<\/a><br \/>\n&gt; <a href=\"http:\/\/fr.freepik.com\/\" target=\"_blank\" rel=\"noopener noreferrer\">Freepik<\/a><br \/>\n&gt; <a href=\"https:\/\/pixabay.com\/fr\/\" target=\"_blank\" rel=\"noopener noreferrer\">Pixabay<\/a><\/p>\n<p>Une image vous appartient et n&rsquo;a pas \u00e9t\u00e9 cr\u00e9dit\u00e9e, vous souhaitez la voir retirer de nos publications ? <a href=\"https:\/\/www.smiden.fr\/site\/index.php\/contactez-nous\/\" target=\"_blank\" rel=\"noopener noreferrer\">contactez-nous<\/a> !<\/p>\n<p><span style=\"color: #ff9900;\">H\u00e9bergement :<\/span><br \/>\nSoci\u00e9t\u00e9 \u00ab\u00a0Mise sur Orbite\u00a0\u00bb &#8211; <a href=\"https:\/\/www.misesurorbite.fr\/\" target=\"_blank\" rel=\"noopener noreferrer\">www.misesurorbite.fr<\/a><\/p>\n<p><span style=\"color: #ff9900;\">D\u00e9claration :<\/span><br \/>\nNous ne collectons aucune donn\u00e9e nominative et ne fournissons aucune donn\u00e9e \u00e0 des soci\u00e9t\u00e9s tiers concernant nos visiteurs.<br \/>\nIl est \u00e0 remarquer que vous prenez la responsabilit\u00e9 de l&rsquo;utilisation des moyens de partages disponibles sur les pages du site <a href=\"http:\/\/www.smiden.fr\" target=\"_blank\" rel=\"noopener noreferrer\">www.smiden.fr<\/a> \u00e0 destination des r\u00e9seaux sociaux.<br \/>\nAucunes donn\u00e9es nominatives ne sera trait\u00e9es par le site <a href=\"http:\/\/www.smiden.fr\" target=\"_blank\" rel=\"noopener noreferrer\">www.smiden.fr<\/a>.<\/p>\n","protected":false},"excerpt":{"rendered":"<p>Remerciements : Charg\u00e9s de communication du Sud-Est du Pays Manceau, Charg\u00e9s de communication de l&rsquo;Or\u00e9e de Berc\u00e9-Belinois et CIAS de l&rsquo;Or\u00e9e de Berc\u00e9 Belinois. Raison sociale : Syndicat Mixte pour le D\u00e9veloppement Num\u00e9rique (SMiDeN) Rue des Ecoles, H\u00f4tel Communautaire, 72250 Parign\u00e9 l&rsquo;Ev\u00eaque, France T\u00e9l\u00e9phone : +33 2 43 40 09 [&hellip;]<\/p>\n","protected":false},"author":1,"featured_media":0,"parent":0,"menu_order":0,"comment_status":"closed","ping_status":"closed","template":"","meta":{"_uag_custom_page_level_css":"","footnotes":""},"class_list":["post-147","page","type-page","status-publish","hentry","post"],"uagb_featured_image_src":{"full":false,"thumbnail":false,"medium":false,"medium_large":false,"large":false,"1536x1536":false,"2048x2048":false,"post-thumbnail":false,"vantage-thumbnail-no-sidebar":false,"vantage-slide":false,"vantage-carousel":false,"vantage-grid-loop":false,"mailpoet_newsletter_max":false,"sow-carousel-default":false},"uagb_author_info":{"display_name":"avallienne","author_link":"https:\/\/www.smiden.fr\/site\/index.php\/author\/avallienne\/"},"uagb_comment_info":0,"uagb_excerpt":"Remerciements : Charg\u00e9s de communication du Sud-Est du Pays Manceau, Charg\u00e9s de communication de l&rsquo;Or\u00e9e de Berc\u00e9-Belinois et CIAS de l&rsquo;Or\u00e9e de Berc\u00e9 Belinois. Raison sociale : Syndicat Mixte pour le D\u00e9veloppement Num\u00e9rique (SMiDeN) Rue des Ecoles, H\u00f4tel Communautaire, 72250 Parign\u00e9 l&rsquo;Ev\u00eaque, France T\u00e9l\u00e9phone : +33 2 43 40 09 [&hellip;]","_links":{"self":[{"href":"https:\/\/www.smiden.fr\/site\/index.php\/wp-json\/wp\/v2\/pages\/147","targetHints":{"allow":["GET"]}}],"collection":[{"href":"https:\/\/www.smiden.fr\/site\/index.php\/wp-json\/wp\/v2\/pages"}],"about":[{"href":"https:\/\/www.smiden.fr\/site\/index.php\/wp-json\/wp\/v2\/types\/page"}],"author":[{"embeddable":true,"href":"https:\/\/www.smiden.fr\/site\/index.php\/wp-json\/wp\/v2\/users\/1"}],"replies":[{"embeddable":true,"href":"https:\/\/www.smiden.fr\/site\/index.php\/wp-json\/wp\/v2\/comments?post=147"}],"version-history":[{"count":8,"href":"https:\/\/www.smiden.fr\/site\/index.php\/wp-json\/wp\/v2\/pages\/147\/revisions"}],"predecessor-version":[{"id":3830,"href":"https:\/\/www.smiden.fr\/site\/index.php\/wp-json\/wp\/v2\/pages\/147\/revisions\/3830"}],"wp:attachment":[{"href":"https:\/\/www.smiden.fr\/site\/index.php\/wp-json\/wp\/v2\/media?parent=147"}],"curies":[{"name":"wp","href":"https:\/\/api.w.org\/{rel}","templated":true}]}}