{"id":1261,"date":"2017-03-29T12:29:32","date_gmt":"2017-03-29T10:29:32","guid":{"rendered":"http:\/\/www.smiden.fr\/site\/?page_id=1261"},"modified":"2024-02-20T14:00:42","modified_gmt":"2024-02-20T13:00:42","slug":"equipe","status":"publish","type":"page","link":"https:\/\/www.smiden.fr\/site\/index.php\/equipe\/","title":{"rendered":"Equipe"},"content":{"rendered":"<p><strong><span style=\"color: #000000;\">Le SMiDeN est une \u00e9quipe polyvalente \u00e0 diverses comp\u00e9tences, sous la responsabilit\u00e9 de Monsieur Th\u00e9au DUMOND et la pr\u00e9sidence de Monsieur Bruno RICHET.<\/span><\/strong><\/p>\n<p><img fetchpriority=\"high\" decoding=\"async\" class=\"alignnone wp-image-4570 \" src=\"https:\/\/www.smiden.fr\/site\/wp-content\/uploads\/2024\/02\/Organigramme-fonctionnel-2024-web.jpg\" alt=\"\" width=\"1132\" height=\"503\" srcset=\"https:\/\/www.smiden.fr\/site\/wp-content\/uploads\/2024\/02\/Organigramme-fonctionnel-2024-web.jpg 842w, https:\/\/www.smiden.fr\/site\/wp-content\/uploads\/2024\/02\/Organigramme-fonctionnel-2024-web-300x133.jpg 300w, https:\/\/www.smiden.fr\/site\/wp-content\/uploads\/2024\/02\/Organigramme-fonctionnel-2024-web-768x341.jpg 768w\" sizes=\"(max-width: 1132px) 100vw, 1132px\" \/><\/p>\n<p>&nbsp;<\/p>\n","protected":false},"excerpt":{"rendered":"<p>Le SMiDeN est une \u00e9quipe polyvalente \u00e0 diverses comp\u00e9tences, sous la responsabilit\u00e9 de Monsieur Th\u00e9au DUMOND et la pr\u00e9sidence de Monsieur Bruno RICHET. &nbsp;<\/p>\n","protected":false},"author":1,"featured_media":0,"parent":0,"menu_order":0,"comment_status":"closed","ping_status":"closed","template":"templates\/template-full-notitle.php","meta":{"_uag_custom_page_level_css":"","footnotes":""},"class_list":["post-1261","page","type-page","status-publish","hentry","post"],"uagb_featured_image_src":{"full":false,"thumbnail":false,"medium":false,"medium_large":false,"large":false,"1536x1536":false,"2048x2048":false,"post-thumbnail":false,"vantage-thumbnail-no-sidebar":false,"vantage-slide":false,"vantage-carousel":false,"vantage-grid-loop":false,"mailpoet_newsletter_max":false,"sow-carousel-default":false},"uagb_author_info":{"display_name":"avallienne","author_link":"https:\/\/www.smiden.fr\/site\/index.php\/author\/avallienne\/"},"uagb_comment_info":0,"uagb_excerpt":"Le SMiDeN est une \u00e9quipe polyvalente \u00e0 diverses comp\u00e9tences, sous la responsabilit\u00e9 de Monsieur Th\u00e9au DUMOND et la pr\u00e9sidence de Monsieur Bruno RICHET. &nbsp;","_links":{"self":[{"href":"https:\/\/www.smiden.fr\/site\/index.php\/wp-json\/wp\/v2\/pages\/1261","targetHints":{"allow":["GET"]}}],"collection":[{"href":"https:\/\/www.smiden.fr\/site\/index.php\/wp-json\/wp\/v2\/pages"}],"about":[{"href":"https:\/\/www.smiden.fr\/site\/index.php\/wp-json\/wp\/v2\/types\/page"}],"author":[{"embeddable":true,"href":"https:\/\/www.smiden.fr\/site\/index.php\/wp-json\/wp\/v2\/users\/1"}],"replies":[{"embeddable":true,"href":"https:\/\/www.smiden.fr\/site\/index.php\/wp-json\/wp\/v2\/comments?post=1261"}],"version-history":[{"count":22,"href":"https:\/\/www.smiden.fr\/site\/index.php\/wp-json\/wp\/v2\/pages\/1261\/revisions"}],"predecessor-version":[{"id":4569,"href":"https:\/\/www.smiden.fr\/site\/index.php\/wp-json\/wp\/v2\/pages\/1261\/revisions\/4569"}],"wp:attachment":[{"href":"https:\/\/www.smiden.fr\/site\/index.php\/wp-json\/wp\/v2\/media?parent=1261"}],"curies":[{"name":"wp","href":"https:\/\/api.w.org\/{rel}","templated":true}]}}