{"id":126,"date":"2016-09-28T16:06:34","date_gmt":"2016-09-28T14:06:34","guid":{"rendered":"http:\/\/10.0.0.21\/?page_id=126"},"modified":"2025-07-11T12:16:31","modified_gmt":"2025-07-11T10:16:31","slug":"cdc-de-loree-de-bercee-belinois","status":"publish","type":"page","link":"https:\/\/www.smiden.fr\/site\/index.php\/cdc-de-loree-de-bercee-belinois\/","title":{"rendered":"CdC de l&rsquo;Or\u00e9e de Berc\u00e9-Belinois"},"content":{"rendered":"<p><strong><img decoding=\"async\" class=\"wp-image-774 alignleft\" src=\"http:\/\/smiden.fr\/site\/wp-content\/uploads\/2017\/02\/Logo-CDC-obb-1.jpg\" width=\"130\" height=\"122\" \/><\/strong>La Communaut\u00e9 de Communes de l&rsquo;Or\u00e9e de Berc\u00e9-Belinois a \u00e9t\u00e9 cr\u00e9\u00e9e le 28 d\u00e9cembre 1993, regroupant 9 communes autour de projets communs.<br \/>\nC&rsquo;est ce que l&rsquo;on appelle un EPCI, ou \u00e9tablissement public de coop\u00e9ration intercommunale, et elle regroupe pr\u00e8s de 20 000 habitants.<br \/>\nSon si\u00e8ge est fix\u00e9 \u00e0 Ecommoy.<\/p>\n<p>&nbsp;<\/p>\n<p><strong>Liste des comp\u00e9tences exerc\u00e9es par la Communaut\u00e9 de Communes :<\/strong><br \/>\n<span style=\"color: #ff9900;\"><strong>&gt;<\/strong><\/span> D\u00e9veloppement \u00e9conomique et am\u00e9nagement du territoire.<br \/>\n<span style=\"color: #ff9900;\"><strong>&gt;<\/strong><\/span> Protection et mise en valeur de l&rsquo;environnement.<br \/>\n<span style=\"color: #ff9900;\"><strong>&gt;<\/strong><\/span> D\u00e9veloppement sportif et culturel.<br \/>\n<span style=\"color: #ff9900;\"><strong>&gt;<\/strong><\/span> Les actions favorisant la recherche d&#8217;emploi et l&rsquo;insertion professionnelle.<br \/>\n<span style=\"color: #ff9900;\"><strong>&gt;<\/strong><\/span> Actions d&rsquo;int\u00e9r\u00eat communautaire \u00e0 destination de l&rsquo;enfance et de la jeunesse.<\/p>\n<p>&nbsp;<\/p>\n<blockquote><p><strong>Contacts<\/strong><br \/>\nCommunaut\u00e9 de Communes de l&rsquo;Or\u00e9e de Berc\u00e9 Belinois<br \/>\nH\u00f4tel communautaire &#8211; 1, rue Sainte Anne &#8211; 72220 ECOMMOY<br \/>\nT\u00e9l. 02 43 47 02 20<br \/>\nSite :\u00a0<a href=\"http:\/\/www.cc-berce-belinois.fr\/\" target=\"_blank\" rel=\"noopener\">www.cc-berce-belinois.fr<\/a><\/p><\/blockquote>\n<p>&nbsp;<\/p>\n<p><strong>Listes\u00a0des communes du territoire :<\/strong><\/p>\n<p>Teloch\u00e9 :\u00a0<span id=\"OBJ_PREFIX_DWT49_com_zimbra_url\" class=\"Object\"><a href=\"http:\/\/www.mairiedeteloche.fr\/\" target=\"_blank\" rel=\"noopener\">www.mairiedeteloche.fr<br \/>\n<\/a><\/span>Monc\u00e9-en-Belin :\u00a0<span id=\"OBJ_PREFIX_DWT50_com_zimbra_url\" class=\"Object\"><a href=\"http:\/\/www.monce-en-belin.com\/fr\" target=\"_blank\" rel=\"noopener\">www.monce-en-belin.com\/fr<br \/>\n<\/a><\/span>Saint-Ouen-en-Belin :\u00a0<span id=\"OBJ_PREFIX_DWT51_com_zimbra_url\" class=\"Object\"><a href=\"http:\/\/www.saintouenenbelin.fr\/\" target=\"_blank\" rel=\"noopener\">www.saintouenenbelin.fr<br \/>\n<\/a><\/span>Saint-Biez-en-Belin :\u00a0<span id=\"OBJ_PREFIX_DWT52_com_zimbra_url\" class=\"Object\"><a href=\"http:\/\/www.saint-biez-en-belin.fr\/\" target=\"_blank\" rel=\"noopener\">www.saint-biez-en-belin.fr<br \/>\n<\/a><\/span>Saint-Gervais-en-Belin :\u00a0<span id=\"OBJ_PREFIX_DWT53_com_zimbra_url\" class=\"Object\"><a href=\"https:\/\/www.stgervaisenbelin.fr\/\" target=\"_blank\" rel=\"noopener\">www.saintgervaisenbelin.fr<br \/>\n<\/a><\/span>Laign\u00e9-en-Belin :\u00a0<span id=\"OBJ_PREFIX_DWT54_com_zimbra_url\" class=\"Object\"><a href=\"http:\/\/www.laigne-en-belin.fr\/\" target=\"_blank\" rel=\"noopener\">www.laigne-en-belin.fr<br \/>\n<\/a><\/span>Marign\u00e9-Laill\u00e9 :\u00a0<span id=\"OBJ_PREFIX_DWT55_com_zimbra_url\" class=\"Object\"><a href=\"http:\/\/www.marigne-laille.fr\/\" target=\"_blank\" rel=\"noopener\">www.marigne-laille.fr<br \/>\n<\/a><\/span>Ecommoy :\u00a0<span id=\"OBJ_PREFIX_DWT56_com_zimbra_url\" class=\"Object\"><a href=\"http:\/\/www.ecommoy.fr\/\" target=\"_blank\" rel=\"noopener\">www.ecommoy.fr<\/a><\/span><\/p>\n","protected":false},"excerpt":{"rendered":"<p>La Communaut\u00e9 de Communes de l&rsquo;Or\u00e9e de Berc\u00e9-Belinois a \u00e9t\u00e9 cr\u00e9\u00e9e le 28 d\u00e9cembre 1993, regroupant 9 communes autour de projets communs. C&rsquo;est ce que l&rsquo;on appelle un EPCI, ou \u00e9tablissement public de coop\u00e9ration intercommunale, et elle regroupe pr\u00e8s de 20 000 habitants. Son si\u00e8ge est fix\u00e9 \u00e0 Ecommoy. &nbsp; [&hellip;]<\/p>\n","protected":false},"author":1,"featured_media":0,"parent":0,"menu_order":0,"comment_status":"closed","ping_status":"closed","template":"","meta":{"_uag_custom_page_level_css":"","footnotes":""},"class_list":["post-126","page","type-page","status-publish","hentry","post"],"uagb_featured_image_src":{"full":false,"thumbnail":false,"medium":false,"medium_large":false,"large":false,"1536x1536":false,"2048x2048":false,"post-thumbnail":false,"vantage-thumbnail-no-sidebar":false,"vantage-slide":false,"vantage-carousel":false,"vantage-grid-loop":false,"mailpoet_newsletter_max":false,"sow-carousel-default":false},"uagb_author_info":{"display_name":"avallienne","author_link":"https:\/\/www.smiden.fr\/site\/index.php\/author\/avallienne\/"},"uagb_comment_info":0,"uagb_excerpt":"La Communaut\u00e9 de Communes de l&rsquo;Or\u00e9e de Berc\u00e9-Belinois a \u00e9t\u00e9 cr\u00e9\u00e9e le 28 d\u00e9cembre 1993, regroupant 9 communes autour de projets communs. C&rsquo;est ce que l&rsquo;on appelle un EPCI, ou \u00e9tablissement public de coop\u00e9ration intercommunale, et elle regroupe pr\u00e8s de 20 000 habitants. Son si\u00e8ge est fix\u00e9 \u00e0 Ecommoy. &nbsp; [&hellip;]","_links":{"self":[{"href":"https:\/\/www.smiden.fr\/site\/index.php\/wp-json\/wp\/v2\/pages\/126","targetHints":{"allow":["GET"]}}],"collection":[{"href":"https:\/\/www.smiden.fr\/site\/index.php\/wp-json\/wp\/v2\/pages"}],"about":[{"href":"https:\/\/www.smiden.fr\/site\/index.php\/wp-json\/wp\/v2\/types\/page"}],"author":[{"embeddable":true,"href":"https:\/\/www.smiden.fr\/site\/index.php\/wp-json\/wp\/v2\/users\/1"}],"replies":[{"embeddable":true,"href":"https:\/\/www.smiden.fr\/site\/index.php\/wp-json\/wp\/v2\/comments?post=126"}],"version-history":[{"count":19,"href":"https:\/\/www.smiden.fr\/site\/index.php\/wp-json\/wp\/v2\/pages\/126\/revisions"}],"predecessor-version":[{"id":1098,"href":"https:\/\/www.smiden.fr\/site\/index.php\/wp-json\/wp\/v2\/pages\/126\/revisions\/1098"}],"wp:attachment":[{"href":"https:\/\/www.smiden.fr\/site\/index.php\/wp-json\/wp\/v2\/media?parent=126"}],"curies":[{"name":"wp","href":"https:\/\/api.w.org\/{rel}","templated":true}]}}