{"id":108,"date":"2016-09-28T15:42:55","date_gmt":"2016-09-28T13:42:55","guid":{"rendered":"http:\/\/10.0.0.21\/?page_id=108"},"modified":"2018-04-25T17:09:32","modified_gmt":"2018-04-25T15:09:32","slug":"acces-wifi","status":"publish","type":"page","link":"https:\/\/www.smiden.fr\/site\/index.php\/acces-wifi\/","title":{"rendered":"Acc\u00e8s WIFI"},"content":{"rendered":"<div id=\"gab-content\">\n<p>&nbsp;<\/p>\n<p style=\"text-align: justify;\"><img decoding=\"async\" class=\"wp-image-400 alignleft\" src=\"http:\/\/smiden.fr\/site\/wp-content\/uploads\/2017\/01\/img-wifi-internet.jpg\" alt=\"\" width=\"160\" height=\"137\" srcset=\"https:\/\/www.smiden.fr\/site\/wp-content\/uploads\/2017\/01\/img-wifi-internet.jpg 500w, https:\/\/www.smiden.fr\/site\/wp-content\/uploads\/2017\/01\/img-wifi-internet-300x257.jpg 300w\" sizes=\"(max-width: 160px) 100vw, 160px\" \/>Chaque cybercentre vous donne acc\u00e8s \u00e0 un espace Wi-fi dans lequel vous pourrez librement consulter Internet sur votre propre mat\u00e9riel (ordinateur portable ou tablette tactile ou smartphone).<\/p>\n<p><span style=\"color: #000000;\"><span style=\"color: #000000;\"><b>&gt; ACC\u00c8S<\/b><\/span><strong style=\"color: #000000;\">\u00a0GRATUIT<\/strong><br \/>\n<\/span><\/p>\n<\/div>\n","protected":false},"excerpt":{"rendered":"<p>&nbsp; Chaque cybercentre vous donne acc\u00e8s \u00e0 un espace Wi-fi dans lequel vous pourrez librement consulter Internet sur votre propre mat\u00e9riel (ordinateur portable ou tablette tactile ou smartphone). &gt; ACC\u00c8S\u00a0GRATUIT<\/p>\n","protected":false},"author":1,"featured_media":0,"parent":0,"menu_order":0,"comment_status":"closed","ping_status":"closed","template":"templates\/template-full-notitle.php","meta":{"_uag_custom_page_level_css":"","footnotes":""},"class_list":["post-108","page","type-page","status-publish","hentry","post"],"uagb_featured_image_src":{"full":false,"thumbnail":false,"medium":false,"medium_large":false,"large":false,"1536x1536":false,"2048x2048":false,"post-thumbnail":false,"vantage-thumbnail-no-sidebar":false,"vantage-slide":false,"vantage-carousel":false,"vantage-grid-loop":false,"mailpoet_newsletter_max":false,"sow-carousel-default":false},"uagb_author_info":{"display_name":"avallienne","author_link":"https:\/\/www.smiden.fr\/site\/index.php\/author\/avallienne\/"},"uagb_comment_info":0,"uagb_excerpt":"&nbsp; Chaque cybercentre vous donne acc\u00e8s \u00e0 un espace Wi-fi dans lequel vous pourrez librement consulter Internet sur votre propre mat\u00e9riel (ordinateur portable ou tablette tactile ou smartphone). &gt; ACC\u00c8S\u00a0GRATUIT","_links":{"self":[{"href":"https:\/\/www.smiden.fr\/site\/index.php\/wp-json\/wp\/v2\/pages\/108","targetHints":{"allow":["GET"]}}],"collection":[{"href":"https:\/\/www.smiden.fr\/site\/index.php\/wp-json\/wp\/v2\/pages"}],"about":[{"href":"https:\/\/www.smiden.fr\/site\/index.php\/wp-json\/wp\/v2\/types\/page"}],"author":[{"embeddable":true,"href":"https:\/\/www.smiden.fr\/site\/index.php\/wp-json\/wp\/v2\/users\/1"}],"replies":[{"embeddable":true,"href":"https:\/\/www.smiden.fr\/site\/index.php\/wp-json\/wp\/v2\/comments?post=108"}],"version-history":[{"count":21,"href":"https:\/\/www.smiden.fr\/site\/index.php\/wp-json\/wp\/v2\/pages\/108\/revisions"}],"predecessor-version":[{"id":2009,"href":"https:\/\/www.smiden.fr\/site\/index.php\/wp-json\/wp\/v2\/pages\/108\/revisions\/2009"}],"wp:attachment":[{"href":"https:\/\/www.smiden.fr\/site\/index.php\/wp-json\/wp\/v2\/media?parent=108"}],"curies":[{"name":"wp","href":"https:\/\/api.w.org\/{rel}","templated":true}]}}