{"id":1072,"date":"2017-02-23T16:13:16","date_gmt":"2017-02-23T15:13:16","guid":{"rendered":"http:\/\/smiden.fr\/site\/?page_id=1072"},"modified":"2025-07-11T12:01:11","modified_gmt":"2025-07-11T10:01:11","slug":"partenaires","status":"publish","type":"page","link":"https:\/\/www.smiden.fr\/site\/index.php\/mission-si\/partenaires\/","title":{"rendered":"Partenaires"},"content":{"rendered":"<p><span style=\"color: #ff9900;\"><strong>Dans le cadre de conventionnements d\u00e9di\u00e9s avec le Pays du Mans, le p\u00f4le SI travaille aux c\u00f4t\u00e9s des personnels en charge du SCOT ainsi que des instructeurs du service ADS.<\/strong><\/span><\/p>\n<div id=\"gab-content\">\n<p><img decoding=\"async\" class=\"size-full wp-image-882 alignleft\" src=\"http:\/\/smiden.fr\/site\/wp-content\/uploads\/2017\/01\/logo-SCoT.jpg\" alt=\"\" width=\"178\" height=\"78\" \/><\/p>\n<p><img decoding=\"async\" class=\"alignnone wp-image-4864\" src=\"https:\/\/www.smiden.fr\/site\/wp-content\/uploads\/2025\/07\/logo_pays_du_mans_2020-rvb-scaled.jpg\" alt=\"\" width=\"184\" height=\"80\" srcset=\"https:\/\/www.smiden.fr\/site\/wp-content\/uploads\/2025\/07\/logo_pays_du_mans_2020-rvb-scaled.jpg 2560w, https:\/\/www.smiden.fr\/site\/wp-content\/uploads\/2025\/07\/logo_pays_du_mans_2020-rvb-300x131.jpg 300w, https:\/\/www.smiden.fr\/site\/wp-content\/uploads\/2025\/07\/logo_pays_du_mans_2020-rvb-1024x446.jpg 1024w, https:\/\/www.smiden.fr\/site\/wp-content\/uploads\/2025\/07\/logo_pays_du_mans_2020-rvb-768x334.jpg 768w, https:\/\/www.smiden.fr\/site\/wp-content\/uploads\/2025\/07\/logo_pays_du_mans_2020-rvb-1536x668.jpg 1536w, https:\/\/www.smiden.fr\/site\/wp-content\/uploads\/2025\/07\/logo_pays_du_mans_2020-rvb-2048x891.jpg 2048w, https:\/\/www.smiden.fr\/site\/wp-content\/uploads\/2025\/07\/logo_pays_du_mans_2020-rvb-1320x574.jpg 1320w\" sizes=\"(max-width: 184px) 100vw, 184px\" \/><\/p>\n<p>Avec la mise en \u0153uvre du Sch\u00e9ma de Coh\u00e9rence Territoriale du Pays du Mans (46 communes, 260 000 habitants), approuv\u00e9 le 29 janvier 2014, le <a href=\"https:\/\/www.paysdumans.fr\/urbanisme-et-amenagement\/scot-aec\/\" target=\"_blank\" rel=\"noopener\"><span style=\"color: #ff9900;\"><u><strong>Syndicat Mixte du SCOT du Pays du Mans<\/strong><\/u><\/span><\/a>, en sa qualit\u00e9 de ma\u00eetre d&rsquo;ouvrage, a choisi de faire appel aux comp\u00e9tences du SMiDeN. En mati\u00e8re de syst\u00e8mes d&rsquo;information, pour la mise en place et le suivi de son observatoire ainsi que l&rsquo;exploitation des donn\u00e9es \u00e0 des fins d&rsquo;analyse et de cartographie.<\/p>\n<\/div>\n<div id=\"hot-point\">\n<p><strong>Effective depuis le 26 f\u00e9vrier 2014, la collaboration a d\u00e9j\u00e0 donn\u00e9 lieu sur le terrain \u00e0 plusieurs \u00e9changes.<\/strong><\/p>\n<p>Ils attestent notamment du b\u00e9n\u00e9fice pour le <a href=\"https:\/\/www.paysdumans.fr\/urbanisme-et-amenagement\/scot-aec\/\" target=\"_blank\" rel=\"noopener\"><span style=\"color: #ff9900;\"><strong><u>Syndicat Mixte du SCOT du Pays du Mans<\/u><\/strong><\/span> <\/a>de s&rsquo;appuyer sur l&rsquo;expertise du SMiDeN.<\/p>\n<hr \/>\n<p>Br\u00e8ve sur la convention qui lie le SMiDeN au Pays du Mans en relation avec son <a href=\"https:\/\/www.paysdumans.fr\/urbanisme-et-amenagement\/autorisation-droit-sols-ads\/\" target=\"_blank\" rel=\"noopener\"><strong>service ADS<\/strong><\/a> (Autorisations du Droit des Sols)\u00a0:<\/p>\n<p><img fetchpriority=\"high\" decoding=\"async\" class=\" wp-image-1130 alignleft\" src=\"http:\/\/smiden.fr\/site\/wp-content\/uploads\/2017\/02\/plan.jpg\" alt=\"\" width=\"355\" height=\"234\" srcset=\"https:\/\/www.smiden.fr\/site\/wp-content\/uploads\/2017\/02\/plan.jpg 500w, https:\/\/www.smiden.fr\/site\/wp-content\/uploads\/2017\/02\/plan-300x198.jpg 300w\" sizes=\"(max-width: 355px) 100vw, 355px\" \/>Pour faire suite \u00e0 la publication de la <strong><a href=\"https:\/\/fr.wikipedia.org\/wiki\/Loi_pour_l'acc%C3%A8s_au_logement_et_un_urbanisme_r%C3%A9nov%C3%A9\" target=\"_blank\" rel=\"noopener\">loi ALUR<\/a><\/strong> (24 mars 2014), qui a r\u00e9form\u00e9 les modalit\u00e9s de l\u2019instruction des autorisations d\u2019urbanisme, d\u00e9sormais \u00e0 la charge des communes*, le syndicat mixte du Pays du Mans a pris \u00e0 compter du 1<sup>er<\/sup> juillet 2015, date d\u2019entr\u00e9e en vigueur des nouvelles dispositions, le relai de la DDT qui faisait auparavant ce travail pour le compte des collectivit\u00e9s.<\/p>\n<p>En vue du lancement du service d\u00e9di\u00e9 \u00e0 l\u2019instruction des permis de construire (54 communes adh\u00e9rentes \u00e0 ce jour), et dans la mesure o\u00f9 la proc\u00e9dure recourt aux technologies des syst\u00e8mes d\u2019information g\u00e9ographiques, un partenariat a \u00e9t\u00e9 \u00e9tabli d\u00e8s le 30 mars 2015, entre le syndicat mixte du Pays du Mans et le SMiDeN.<\/p>\n<p>Fort de sa comp\u00e9tence en ce domaine, le SMiDeN constitue donc le r\u00e9f\u00e9rent SIG pour le compte du syndicat mixte du Pays du Mans aupr\u00e8s des prestataires et organismes associ\u00e9s. Il proc\u00e8de \u00e9galement \u00e0 la num\u00e9risation et \u00e0 l\u2019int\u00e9gration de donn\u00e9es en r\u00e9ponse aux besoins exprim\u00e9s par les instructeurs et prend \u00e0 charge la formation des agents et \u00e9lus communaux et communautaires sur la plateforme webSIG d\u00e9ploy\u00e9e.<\/p>\n<p><em>* La r\u00e9forme s\u2019applique \u00e0 toutes les communes sup\u00e9rieures \u00e0 10\u00a0000 habitants ou bien appartenant \u00e0 une EPCI sup\u00e9rieure \u00e0 ce m\u00eame nombre d\u2019habitants.<\/em><\/p>\n<\/div>\n","protected":false},"excerpt":{"rendered":"<p>Dans le cadre de conventionnements d\u00e9di\u00e9s avec le Pays du Mans, le p\u00f4le SI travaille aux c\u00f4t\u00e9s des personnels en charge du SCOT ainsi que des instructeurs du service ADS. Avec la mise en \u0153uvre du Sch\u00e9ma de Coh\u00e9rence Territoriale du Pays du Mans (46 communes, 260 000 habitants), approuv\u00e9 [&hellip;]<\/p>\n","protected":false},"author":1,"featured_media":0,"parent":607,"menu_order":0,"comment_status":"closed","ping_status":"closed","template":"templates\/template-full-notitle.php","meta":{"_uag_custom_page_level_css":"","footnotes":""},"class_list":["post-1072","page","type-page","status-publish","hentry","post"],"uagb_featured_image_src":{"full":false,"thumbnail":false,"medium":false,"medium_large":false,"large":false,"1536x1536":false,"2048x2048":false,"post-thumbnail":false,"vantage-thumbnail-no-sidebar":false,"vantage-slide":false,"vantage-carousel":false,"vantage-grid-loop":false,"mailpoet_newsletter_max":false,"sow-carousel-default":false},"uagb_author_info":{"display_name":"avallienne","author_link":"https:\/\/www.smiden.fr\/site\/index.php\/author\/avallienne\/"},"uagb_comment_info":0,"uagb_excerpt":"Dans le cadre de conventionnements d\u00e9di\u00e9s avec le Pays du Mans, le p\u00f4le SI travaille aux c\u00f4t\u00e9s des personnels en charge du SCOT ainsi que des instructeurs du service ADS. Avec la mise en \u0153uvre du Sch\u00e9ma de Coh\u00e9rence Territoriale du Pays du Mans (46 communes, 260 000 habitants), approuv\u00e9 [&hellip;]","_links":{"self":[{"href":"https:\/\/www.smiden.fr\/site\/index.php\/wp-json\/wp\/v2\/pages\/1072","targetHints":{"allow":["GET"]}}],"collection":[{"href":"https:\/\/www.smiden.fr\/site\/index.php\/wp-json\/wp\/v2\/pages"}],"about":[{"href":"https:\/\/www.smiden.fr\/site\/index.php\/wp-json\/wp\/v2\/types\/page"}],"author":[{"embeddable":true,"href":"https:\/\/www.smiden.fr\/site\/index.php\/wp-json\/wp\/v2\/users\/1"}],"replies":[{"embeddable":true,"href":"https:\/\/www.smiden.fr\/site\/index.php\/wp-json\/wp\/v2\/comments?post=1072"}],"version-history":[{"count":9,"href":"https:\/\/www.smiden.fr\/site\/index.php\/wp-json\/wp\/v2\/pages\/1072\/revisions"}],"predecessor-version":[{"id":4867,"href":"https:\/\/www.smiden.fr\/site\/index.php\/wp-json\/wp\/v2\/pages\/1072\/revisions\/4867"}],"up":[{"embeddable":true,"href":"https:\/\/www.smiden.fr\/site\/index.php\/wp-json\/wp\/v2\/pages\/607"}],"wp:attachment":[{"href":"https:\/\/www.smiden.fr\/site\/index.php\/wp-json\/wp\/v2\/media?parent=1072"}],"curies":[{"name":"wp","href":"https:\/\/api.w.org\/{rel}","templated":true}]}}