{"id":1056,"date":"2017-02-23T14:24:20","date_gmt":"2017-02-23T13:24:20","guid":{"rendered":"http:\/\/smiden.fr\/site\/?page_id=1056"},"modified":"2021-07-22T10:56:18","modified_gmt":"2021-07-22T08:56:18","slug":"adhesion","status":"publish","type":"page","link":"https:\/\/www.smiden.fr\/site\/index.php\/adhesion\/","title":{"rendered":"Adh\u00e9sion"},"content":{"rendered":"<h3 style=\"text-align: left;\"><span style=\"color: #000000;\"><strong>L&rsquo;adh\u00e9sion annuelle des cybercentres<\/strong><\/span><\/h3>\n<p style=\"text-align: left;\"><strong>Elle est valable dans les cybercentres \u00e0 Ecommoy et \u00e0 Parign\u00e9-l&rsquo;Ev\u00eaque pour une dur\u00e9e d&rsquo;un an \u00e0 compter de la date d&rsquo;inscription, celle-ci vous donne acc\u00e8s \u00e0 <a href=\"https:\/\/www.smiden.fr\/site\/index.php\/presentation\/\" target=\"_blank\" rel=\"noopener noreferrer\">diff\u00e9rentes prestations<\/a>. Les ateliers propos\u00e9s par le SMiDeN sont accessibles <a href=\"https:\/\/www.smiden.fr\/site\/index.php\/tarifs\/\" target=\"_blank\" rel=\"noopener noreferrer\">sans adh\u00e9sion annuelle.<\/a><\/strong><\/p>\n<h3><strong><img decoding=\"async\" class=\"alignleft\" style=\"height: 158px; width: 188px;\" src=\"https:\/\/www.smiden.fr\/site\/wp-content\/uploads\/2016\/09\/tarifs-presentation.jpg\" alt=\"\" \/><\/strong><\/h3>\n<p><span style=\"color: #ff8c00;\"><strong>Les pi\u00e8ces \u00e0 apporter\u00a0:<\/strong><br \/>\n<span style=\"color: #ff9900;\">(Valable moins de trois mois &#8211; * Pi\u00e8ces obligatoires)<\/span><br \/>\n<strong>&gt; <\/strong><\/span>Pi\u00e8ce d&rsquo;identit\u00e9<span style=\"color: #ff8c00;\">*<\/span><br \/>\n<span style=\"color: #ff8c00;\"><strong>&gt;<\/strong><\/span> Justificatif de domicile<span style=\"color: #ff8c00;\">*<\/span><br \/>\n<span style=\"color: #ff8c00;\"><strong>&gt;<\/strong><\/span> Autorisation parentale pour les mineurs<span style=\"color: #ff8c00;\">*<\/span><br \/>\n<span style=\"color: #ff8c00;\"><strong>&gt;<\/strong><\/span> Pi\u00e8ces justifiant de l&rsquo;adh\u00e9sion \u00e0 P\u00f4le Emploi<span style=\"color: #ff8c00;\">*<\/span><\/p>\n","protected":false},"excerpt":{"rendered":"<p>L&rsquo;adh\u00e9sion annuelle des cybercentres Elle est valable dans les cybercentres \u00e0 Ecommoy et \u00e0 Parign\u00e9-l&rsquo;Ev\u00eaque pour une dur\u00e9e d&rsquo;un an \u00e0 compter de la date d&rsquo;inscription, celle-ci vous donne acc\u00e8s \u00e0 diff\u00e9rentes prestations. Les ateliers propos\u00e9s par le SMiDeN sont accessibles sans adh\u00e9sion annuelle. Les pi\u00e8ces \u00e0 apporter\u00a0: (Valable moins [&hellip;]<\/p>\n","protected":false},"author":1,"featured_media":0,"parent":0,"menu_order":0,"comment_status":"closed","ping_status":"closed","template":"templates\/template-full-notitle.php","meta":{"_uag_custom_page_level_css":"","footnotes":""},"class_list":["post-1056","page","type-page","status-publish","hentry","post"],"uagb_featured_image_src":{"full":false,"thumbnail":false,"medium":false,"medium_large":false,"large":false,"1536x1536":false,"2048x2048":false,"post-thumbnail":false,"vantage-thumbnail-no-sidebar":false,"vantage-slide":false,"vantage-carousel":false,"vantage-grid-loop":false,"mailpoet_newsletter_max":false,"sow-carousel-default":false},"uagb_author_info":{"display_name":"avallienne","author_link":"https:\/\/www.smiden.fr\/site\/index.php\/author\/avallienne\/"},"uagb_comment_info":0,"uagb_excerpt":"L&rsquo;adh\u00e9sion annuelle des cybercentres Elle est valable dans les cybercentres \u00e0 Ecommoy et \u00e0 Parign\u00e9-l&rsquo;Ev\u00eaque pour une dur\u00e9e d&rsquo;un an \u00e0 compter de la date d&rsquo;inscription, celle-ci vous donne acc\u00e8s \u00e0 diff\u00e9rentes prestations. Les ateliers propos\u00e9s par le SMiDeN sont accessibles sans adh\u00e9sion annuelle. Les pi\u00e8ces \u00e0 apporter\u00a0: (Valable moins [&hellip;]","_links":{"self":[{"href":"https:\/\/www.smiden.fr\/site\/index.php\/wp-json\/wp\/v2\/pages\/1056","targetHints":{"allow":["GET"]}}],"collection":[{"href":"https:\/\/www.smiden.fr\/site\/index.php\/wp-json\/wp\/v2\/pages"}],"about":[{"href":"https:\/\/www.smiden.fr\/site\/index.php\/wp-json\/wp\/v2\/types\/page"}],"author":[{"embeddable":true,"href":"https:\/\/www.smiden.fr\/site\/index.php\/wp-json\/wp\/v2\/users\/1"}],"replies":[{"embeddable":true,"href":"https:\/\/www.smiden.fr\/site\/index.php\/wp-json\/wp\/v2\/comments?post=1056"}],"version-history":[{"count":18,"href":"https:\/\/www.smiden.fr\/site\/index.php\/wp-json\/wp\/v2\/pages\/1056\/revisions"}],"predecessor-version":[{"id":4096,"href":"https:\/\/www.smiden.fr\/site\/index.php\/wp-json\/wp\/v2\/pages\/1056\/revisions\/4096"}],"wp:attachment":[{"href":"https:\/\/www.smiden.fr\/site\/index.php\/wp-json\/wp\/v2\/media?parent=1056"}],"curies":[{"name":"wp","href":"https:\/\/api.w.org\/{rel}","templated":true}]}}